{"id":2309,"date":"2024-10-25T14:43:39","date_gmt":"2024-10-25T14:43:39","guid":{"rendered":"https:\/\/edensol.eu\/?page_id=2309"},"modified":"2025-10-20T06:41:01","modified_gmt":"2025-10-20T06:41:01","slug":"news","status":"publish","type":"page","link":"https:\/\/edensol.eu\/en\/news","title":{"rendered":"News"},"content":{"rendered":"\t\t<div data-elementor-type=\"wp-page\" data-elementor-id=\"2309\" class=\"elementor elementor-2309 elementor-2290\" data-elementor-settings=\"{&quot;ha_cmc_init_switcher&quot;:&quot;no&quot;}\" data-elementor-post-type=\"page\">\n\t\t\t\t\t\t<section class=\"elementor-section elementor-top-section elementor-element elementor-element-3a99df0 elementor-section-boxed elementor-section-height-default elementor-section-height-default\" data-id=\"3a99df0\" data-element_type=\"section\" data-e-type=\"section\" data-settings=\"{&quot;background_background&quot;:&quot;classic&quot;,&quot;jet_parallax_layout_list&quot;:[],&quot;_ha_eqh_enable&quot;:false}\">\n\t\t\t\t\t\t<div class=\"elementor-container elementor-column-gap-default\">\n\t\t\t\t\t<div class=\"elementor-column elementor-col-100 elementor-top-column elementor-element elementor-element-4b40f5e\" data-id=\"4b40f5e\" data-element_type=\"column\" data-e-type=\"column\">\n\t\t\t<div class=\"elementor-widget-wrap elementor-element-populated\">\n\t\t\t\t\t\t<div class=\"elementor-element elementor-element-8218d9e elementor-invisible elementor-widget elementor-widget-heading\" data-id=\"8218d9e\" data-element_type=\"widget\" data-e-type=\"widget\" data-settings=\"{&quot;_animation&quot;:&quot;fadeIn&quot;}\" data-widget_type=\"heading.default\">\n\t\t\t\t<div class=\"elementor-widget-container\">\n\t\t\t\t\t<h2 class=\"elementor-heading-title elementor-size-default\">Latest<span style=\"color:#000000\"> news<\/span><\/h2>\t\t\t\t<\/div>\n\t\t\t\t<\/div>\n\t\t\t\t\t<\/div>\n\t\t<\/div>\n\t\t\t\t\t<\/div>\n\t\t<\/section>\n\t\t\t\t<section class=\"elementor-section elementor-top-section elementor-element elementor-element-b203bca elementor-section-boxed elementor-section-height-default elementor-section-height-default\" data-id=\"b203bca\" data-element_type=\"section\" data-e-type=\"section\" data-settings=\"{&quot;background_background&quot;:&quot;classic&quot;,&quot;jet_parallax_layout_list&quot;:[],&quot;_ha_eqh_enable&quot;:false}\">\n\t\t\t\t\t\t<div class=\"elementor-container elementor-column-gap-default\">\n\t\t\t\t\t<div class=\"elementor-column elementor-col-100 elementor-top-column elementor-element elementor-element-1a9862b\" data-id=\"1a9862b\" data-element_type=\"column\" data-e-type=\"column\">\n\t\t\t<div class=\"elementor-widget-wrap elementor-element-populated\">\n\t\t\t\t\t\t<div class=\"elementor-element elementor-element-2d0baf0 elementor-widget elementor-widget-jet-posts\" data-id=\"2d0baf0\" data-element_type=\"widget\" data-e-type=\"widget\" data-settings=\"{&quot;columns&quot;:3,&quot;slides_to_scroll&quot;:&quot;1&quot;}\" data-widget_type=\"jet-posts.default\">\n\t\t\t\t<div class=\"elementor-widget-container\">\n\t\t\t\t\t<div class=\"elementor-jet-posts jet-elements\"><div class=\"jet-posts col-row  jet-equal-cols\"><div class=\"jet-posts__item\">\n\t<div class=\"jet-posts__inner-box\"><div class=\"post-thumbnail\"><a href=\"https:\/\/edensol.eu\/en\/emprenedoria-i-empreses-taller-gratuit-sobre-promocio-dempreses-a-xarxes-socials\" class=\"post-thumbnail__link\"><img loading=\"lazy\" decoding=\"async\" class=\"post-thumbnail__img wp-post-image\" src=\"https:\/\/edensol.eu\/wp-content\/uploads\/Copy-of-Copy-of-Copy-of-Purple-White-Creative-Textured-Social-Media-Report-Talking-Presentation-Instagram-Post-e1730131670288.jpg\" alt=\"Emprenedoria i empreses: taller gratu\u00eft sobre promoci\u00f3 d&#039;empreses a xarxes socials\" loading=\"lazy\" width=\"1080\" height=\"1080\"><\/a><\/div><div class=\"jet-posts__inner-content\"><h3 class=\"entry-title\"><a href=\"https:\/\/edensol.eu\/en\/emprenedoria-i-empreses-taller-gratuit-sobre-promocio-dempreses-a-xarxes-socials\" target=\"\">Emprenedoria i empreses: taller gratu\u00eft sobre promoci\u00f3 d'empreses a xarxes socials<\/a><\/h3><div class=\"entry-excerpt\">El passat 22 de mar\u00e7, Edensol va organitzar un taller gratu\u00eft per al teixit empresarial de Reus,\u00a0un taller dedicat a&hellip;<\/div><div class=\"jet-more-wrap\"><a href=\"https:\/\/edensol.eu\/en\/emprenedoria-i-empreses-taller-gratuit-sobre-promocio-dempreses-a-xarxes-socials\" class=\"btn btn-primary elementor-button elementor-size-md jet-more\" target=\"\"><span class=\"btn__text\">Read More<\/span><\/a><\/div><\/div><\/div>\n<\/div>\n<div class=\"jet-posts__item\">\n\t<div class=\"jet-posts__inner-box\"><div class=\"post-thumbnail\"><a href=\"https:\/\/edensol.eu\/en\/edensol-promou-una-jornada-a-reus-sobre-integracio-laboral-dels-joves-i-emprenedoria\" class=\"post-thumbnail__link\"><img loading=\"lazy\" decoding=\"async\" class=\"post-thumbnail__img wp-post-image\" src=\"https:\/\/edensol.eu\/wp-content\/uploads\/20230516_115928-scaled.jpg\" alt=\"Edensol promou una jornada a Reus sobre integraci\u00f3 laboral dels joves i emprenedoria\" loading=\"lazy\" width=\"2560\" height=\"1920\"><\/a><\/div><div class=\"jet-posts__inner-content\"><h3 class=\"entry-title\"><a href=\"https:\/\/edensol.eu\/en\/edensol-promou-una-jornada-a-reus-sobre-integracio-laboral-dels-joves-i-emprenedoria\" target=\"\">Edensol promou una jornada a Reus sobre integraci\u00f3 laboral dels joves i emprenedoria<\/a><\/h3><div class=\"entry-excerpt\">A la sala polivalent del Centre C\u00edvic del Carme de Reus i en el marc de les diverses activitats que&hellip;<\/div><div class=\"jet-more-wrap\"><a href=\"https:\/\/edensol.eu\/en\/edensol-promou-una-jornada-a-reus-sobre-integracio-laboral-dels-joves-i-emprenedoria\" class=\"btn btn-primary elementor-button elementor-size-md jet-more\" target=\"\"><span class=\"btn__text\">Read More<\/span><\/a><\/div><\/div><\/div>\n<\/div>\n<div class=\"jet-posts__item\">\n\t<div class=\"jet-posts__inner-box\"><div class=\"post-thumbnail\"><a href=\"https:\/\/edensol.eu\/en\/news3\" class=\"post-thumbnail__link\"><img loading=\"lazy\" decoding=\"async\" class=\"post-thumbnail__img wp-post-image\" src=\"https:\/\/edensol.eu\/wp-content\/uploads\/edensol1.jpg\" alt=\"Un projecte europeu promou des de Reus la participaci\u00f3 de la gent gran en activitats culturals\" loading=\"lazy\" width=\"1117\" height=\"628\"><\/a><\/div><div class=\"jet-posts__inner-content\"><h3 class=\"entry-title\"><a href=\"https:\/\/edensol.eu\/en\/news3\" target=\"\">Un projecte europeu promou des de Reus la participaci\u00f3 de la gent gran en activitats culturals<\/a><\/h3><div class=\"entry-excerpt\">Edensol, amb seu a l\u2019Espai Boule de Reus, ha iniciat la seva participaci\u00f3 en&nbsp;un projecte europeu&nbsp;cofinan\u00e7at per la Uni\u00f3 Europea&hellip;<\/div><div class=\"jet-more-wrap\"><a href=\"https:\/\/edensol.eu\/en\/news3\" class=\"btn btn-primary elementor-button elementor-size-md jet-more\" target=\"\"><span class=\"btn__text\">Read More<\/span><\/a><\/div><\/div><\/div>\n<\/div>\n<div class=\"jet-posts__item\">\n\t<div class=\"jet-posts__inner-box\"><div class=\"post-thumbnail\"><a href=\"https:\/\/edensol.eu\/en\/iv-jornades-internacionals-idiomes-del-mon-llengues-que-transformen\" class=\"post-thumbnail__link\"><img loading=\"lazy\" decoding=\"async\" class=\"post-thumbnail__img wp-post-image\" src=\"https:\/\/edensol.eu\/wp-content\/uploads\/4-1.png\" alt=\"IV Jornades Internacionals \u201cIdiomes del m\u00f3n\u201d: lleng\u00fces que transformen\" loading=\"lazy\" width=\"1080\" height=\"1350\"><\/a><\/div><div class=\"jet-posts__inner-content\"><h3 class=\"entry-title\"><a href=\"https:\/\/edensol.eu\/en\/iv-jornades-internacionals-idiomes-del-mon-llengues-que-transformen\" target=\"\">IV Jornades Internacionals \u201cIdiomes del m\u00f3n\u201d: lleng\u00fces que transformen<\/a><\/h3><div class=\"entry-excerpt\">El 2024, les Jornades \u201cIdiomes del m\u00f3n\u201d van fer un pas endavant i es van celebrar a Konya (Turquia), en&hellip;<\/div><div class=\"jet-more-wrap\"><a href=\"https:\/\/edensol.eu\/en\/iv-jornades-internacionals-idiomes-del-mon-llengues-que-transformen\" class=\"btn btn-primary elementor-button elementor-size-md jet-more\" target=\"\"><span class=\"btn__text\">Read More<\/span><\/a><\/div><\/div><\/div>\n<\/div>\n<div class=\"jet-posts__item\">\n\t<div class=\"jet-posts__inner-box\"><div class=\"post-thumbnail\"><a href=\"https:\/\/edensol.eu\/en\/news2\" class=\"post-thumbnail__link\"><img loading=\"lazy\" decoding=\"async\" class=\"post-thumbnail__img wp-post-image\" src=\"https:\/\/edensol.eu\/wp-content\/uploads\/IMG_8820.jpeg\" alt=\"Primera Fira del Benestar\" loading=\"lazy\" width=\"2048\" height=\"1536\"><\/a><\/div><div class=\"jet-posts__inner-content\"><h3 class=\"entry-title\"><a href=\"https:\/\/edensol.eu\/en\/news2\" target=\"\">Primera Fira del Benestar<\/a><\/h3><div class=\"entry-excerpt\">Edensol ha estat un dels coorganitzadors de la FIRA DEL BENESTAR que va tenir lloc el passat dissabte 11 de&hellip;<\/div><div class=\"jet-more-wrap\"><a href=\"https:\/\/edensol.eu\/en\/news2\" class=\"btn btn-primary elementor-button elementor-size-md jet-more\" target=\"\"><span class=\"btn__text\">Read More<\/span><\/a><\/div><\/div><\/div>\n<\/div>\n<div class=\"jet-posts__item\">\n\t<div class=\"jet-posts__inner-box\"><div class=\"post-thumbnail\"><a href=\"https:\/\/edensol.eu\/en\/creacio-dempreses-per-a-joves-emprenedors-europeus\" class=\"post-thumbnail__link\"><img loading=\"lazy\" decoding=\"async\" class=\"post-thumbnail__img wp-post-image\" src=\"https:\/\/edensol.eu\/wp-content\/uploads\/Xerrada-mobilitat-e1730120348775.png\" alt=\"Creaci\u00f3 d&#039;empreses per a joves emprenedors europeus\" loading=\"lazy\" width=\"1414\" height=\"2000\"><\/a><\/div><div class=\"jet-posts__inner-content\"><h3 class=\"entry-title\"><a href=\"https:\/\/edensol.eu\/en\/creacio-dempreses-per-a-joves-emprenedors-europeus\" target=\"\">Creaci\u00f3 d'empreses per a joves emprenedors europeus<\/a><\/h3><div class=\"entry-excerpt\">&nbsp; Recentment, l&#8217;empresa EDENSOL va organitzar un taller innovador a Reus destinat a joves amb vocaci\u00f3 emprenedora i interessats en&hellip;<\/div><div class=\"jet-more-wrap\"><a href=\"https:\/\/edensol.eu\/en\/creacio-dempreses-per-a-joves-emprenedors-europeus\" class=\"btn btn-primary elementor-button elementor-size-md jet-more\" target=\"\"><span class=\"btn__text\">Read More<\/span><\/a><\/div><\/div><\/div>\n<\/div>\n<div class=\"jet-posts__item\">\n\t<div class=\"jet-posts__inner-box\"><div class=\"post-thumbnail\"><a href=\"https:\/\/edensol.eu\/en\/iii-jornades-idiomes-del-mon-parlar-es-connectar\" class=\"post-thumbnail__link\"><img loading=\"lazy\" decoding=\"async\" class=\"post-thumbnail__img wp-post-image\" src=\"https:\/\/edensol.eu\/wp-content\/uploads\/Copia-de-Let-Her-In-July-Konya-2025.png\" alt=\"III Jornades \u201cIdiomes del m\u00f3n\u201d: parlar \u00e9s connectar\" loading=\"lazy\" width=\"1080\" height=\"1920\"><\/a><\/div><div class=\"jet-posts__inner-content\"><h3 class=\"entry-title\"><a href=\"https:\/\/edensol.eu\/en\/iii-jornades-idiomes-del-mon-parlar-es-connectar\" target=\"\">III Jornades \u201cIdiomes del m\u00f3n\u201d: parlar \u00e9s connectar<\/a><\/h3><div class=\"entry-excerpt\">El 2023, les Jornades \u201cIdiomes del m\u00f3n\u201d van travessar fronteres i van arribar per primera vegada fora de l\u2019Estat espanyol,&hellip;<\/div><div class=\"jet-more-wrap\"><a href=\"https:\/\/edensol.eu\/en\/iii-jornades-idiomes-del-mon-parlar-es-connectar\" class=\"btn btn-primary elementor-button elementor-size-md jet-more\" target=\"\"><span class=\"btn__text\">Read More<\/span><\/a><\/div><\/div><\/div>\n<\/div>\n<div class=\"jet-posts__item\">\n\t<div class=\"jet-posts__inner-box\"><div class=\"post-thumbnail\"><a href=\"https:\/\/edensol.eu\/en\/news1\" class=\"post-thumbnail__link\"><img loading=\"lazy\" decoding=\"async\" class=\"post-thumbnail__img wp-post-image\" src=\"https:\/\/edensol.eu\/wp-content\/uploads\/dia_sense_fum_2.jpg\" alt=\"Escape Room per conscienciar els joves dels riscos del tabac\" loading=\"lazy\" width=\"1117\" height=\"838\"><\/a><\/div><div class=\"jet-posts__inner-content\"><h3 class=\"entry-title\"><a href=\"https:\/\/edensol.eu\/en\/news1\" target=\"\">Escape Room per conscienciar els joves dels riscos del tabac<\/a><\/h3><div class=\"entry-excerpt\">El passat divendres, 31 de maig,\u00a0Edensol, a l&#8217;Espai Boule\u00a0va acollir amb motiu del\u00a0Dia Mundial Sense Tabac, un \u2018scape room\u2019 per&hellip;<\/div><div class=\"jet-more-wrap\"><a href=\"https:\/\/edensol.eu\/en\/news1\" class=\"btn btn-primary elementor-button elementor-size-md jet-more\" target=\"\"><span class=\"btn__text\">Read More<\/span><\/a><\/div><\/div><\/div>\n<\/div>\n<div class=\"jet-posts__item\">\n\t<div class=\"jet-posts__inner-box\"><div class=\"post-thumbnail\"><a href=\"https:\/\/edensol.eu\/en\/els-joves-de-reus-i-la-cultura-associativa-de-la-nostra-comunitat\" class=\"post-thumbnail__link\"><img loading=\"lazy\" decoding=\"async\" class=\"post-thumbnail__img wp-post-image\" src=\"https:\/\/edensol.eu\/wp-content\/uploads\/0536b5eb-45f0-416a-ab87-4d7a1996e0e3.jpg\" alt=\"Els joves de Reus i la cultura associativa de la nostra comunitat\" loading=\"lazy\" width=\"1600\" height=\"1200\"><\/a><\/div><div class=\"jet-posts__inner-content\"><h3 class=\"entry-title\"><a href=\"https:\/\/edensol.eu\/en\/els-joves-de-reus-i-la-cultura-associativa-de-la-nostra-comunitat\" target=\"\">Els joves de Reus i la cultura associativa de la nostra comunitat<\/a><\/h3><div class=\"entry-excerpt\">El passat 20 de novembre, Edensol va participar activament en les jornades sobre associacionisme celebrades al Centre C\u00edvic del Carme,&hellip;<\/div><div class=\"jet-more-wrap\"><a href=\"https:\/\/edensol.eu\/en\/els-joves-de-reus-i-la-cultura-associativa-de-la-nostra-comunitat\" class=\"btn btn-primary elementor-button elementor-size-md jet-more\" target=\"\"><span class=\"btn__text\">Read More<\/span><\/a><\/div><\/div><\/div>\n<\/div>\n<div class=\"jet-posts__item\">\n\t<div class=\"jet-posts__inner-box\"><div class=\"post-thumbnail\"><a href=\"https:\/\/edensol.eu\/en\/learnersmot-els-socis-es-troben-a-lublin\" class=\"post-thumbnail__link\"><img loading=\"lazy\" decoding=\"async\" class=\"post-thumbnail__img wp-post-image\" src=\"https:\/\/edensol.eu\/wp-content\/uploads\/311834118_585892990203417_5701874787227503273_n.jpg\" alt=\"LearnersMot: els socis es troben a Lublin!\" loading=\"lazy\" width=\"1152\" height=\"966\"><\/a><\/div><div class=\"jet-posts__inner-content\"><h3 class=\"entry-title\"><a href=\"https:\/\/edensol.eu\/en\/learnersmot-els-socis-es-troben-a-lublin\" target=\"\">LearnersMot: els socis es troben a Lublin!<\/a><\/h3><div class=\"entry-excerpt\">Els passats dies 13 i 14 d&#8217;octubre, l&#8217;organitzaci\u00f3 OIC Pol\u00f2nia va tenir l&#8217;honor d&#8217;acollir a Lublin, Pol\u00f2nia, l&#8217;equip de treball&hellip;<\/div><div class=\"jet-more-wrap\"><a href=\"https:\/\/edensol.eu\/en\/learnersmot-els-socis-es-troben-a-lublin\" class=\"btn btn-primary elementor-button elementor-size-md jet-more\" target=\"\"><span class=\"btn__text\">Read More<\/span><\/a><\/div><\/div><\/div>\n<\/div>\n<div class=\"jet-posts__item\">\n\t<div class=\"jet-posts__inner-box\"><div class=\"post-thumbnail\"><a href=\"https:\/\/edensol.eu\/en\/ii-jornades-idiomes-del-mon-educar-per-comunicar-comunicar-per-comprendre\" class=\"post-thumbnail__link\"><img loading=\"lazy\" decoding=\"async\" class=\"post-thumbnail__img wp-post-image\" src=\"https:\/\/edensol.eu\/wp-content\/uploads\/Copia-de-Copy-of-Let-Her-In-event-Georgia.png\" alt=\"II Jornades \u201cIdiomes del m\u00f3n\u201d: educar per comunicar, comunicar per comprendre\" loading=\"lazy\" width=\"1080\" height=\"1080\"><\/a><\/div><div class=\"jet-posts__inner-content\"><h3 class=\"entry-title\"><a href=\"https:\/\/edensol.eu\/en\/ii-jornades-idiomes-del-mon-educar-per-comunicar-comunicar-per-comprendre\" target=\"\">II Jornades \u201cIdiomes del m\u00f3n\u201d: educar per comunicar, comunicar per comprendre<\/a><\/h3><div class=\"entry-excerpt\">\ud83d\udcac 2022 \u2013 II Jornades \u201cIdiomes del m\u00f3n\u201d: educar per comunicar, comunicar per comprendre \ud83d\udcc5 Del 20 al 21 de&hellip;<\/div><div class=\"jet-more-wrap\"><a href=\"https:\/\/edensol.eu\/en\/ii-jornades-idiomes-del-mon-educar-per-comunicar-comunicar-per-comprendre\" class=\"btn btn-primary elementor-button elementor-size-md jet-more\" target=\"\"><span class=\"btn__text\">Read More<\/span><\/a><\/div><\/div><\/div>\n<\/div>\n<div class=\"jet-posts__item\">\n\t<div class=\"jet-posts__inner-box\"><div class=\"post-thumbnail\"><a href=\"https:\/\/edensol.eu\/en\/i-jornades-idiomes-del-mon-la-llengua-com-a-pont-entre-cultures\" class=\"post-thumbnail__link\"><img loading=\"lazy\" decoding=\"async\" class=\"post-thumbnail__img wp-post-image\" src=\"https:\/\/edensol.eu\/wp-content\/uploads\/EVIDENCIES-edensol.png\" alt=\"I Jornades \u201cIdiomes del m\u00f3n\u201d: la llengua com a pont entre cultures\" loading=\"lazy\" width=\"1414\" height=\"2000\"><\/a><\/div><div class=\"jet-posts__inner-content\"><h3 class=\"entry-title\"><a href=\"https:\/\/edensol.eu\/en\/i-jornades-idiomes-del-mon-la-llengua-com-a-pont-entre-cultures\" target=\"\">I Jornades \u201cIdiomes del m\u00f3n\u201d: la llengua com a pont entre cultures<\/a><\/h3><div class=\"entry-excerpt\">\ud83d\udcc5 Celebrades el 16 i 17 d\u2019octubre de 2021 a Reus El 2021 va marcar el naixement de les Jornades&hellip;<\/div><div class=\"jet-more-wrap\"><a href=\"https:\/\/edensol.eu\/en\/i-jornades-idiomes-del-mon-la-llengua-com-a-pont-entre-cultures\" class=\"btn btn-primary elementor-button elementor-size-md jet-more\" target=\"\"><span class=\"btn__text\">Read More<\/span><\/a><\/div><\/div><\/div>\n<\/div>\n<div class=\"jet-posts__item\">\n\t<div class=\"jet-posts__inner-box\"><div class=\"post-thumbnail\"><a href=\"https:\/\/edensol.eu\/en\/jornada-formativa-elevator-pitch\" class=\"post-thumbnail__link\"><img loading=\"lazy\" decoding=\"async\" class=\"post-thumbnail__img wp-post-image\" src=\"https:\/\/edensol.eu\/wp-content\/uploads\/EDENSOL-emprenedoria-ELEVATOR-PITCH.jpg\" alt=\"Jornada formativa: Elevator Pitch\" loading=\"lazy\" width=\"1010\" height=\"1080\"><\/a><\/div><div class=\"jet-posts__inner-content\"><h3 class=\"entry-title\"><a href=\"https:\/\/edensol.eu\/en\/jornada-formativa-elevator-pitch\" target=\"\">Jornada formativa: Elevator Pitch<\/a><\/h3><div class=\"entry-excerpt\">\u201cElevator Pitch\u201d per a Joves Emprenedors\u00a0 En el marc d\u2019un projecte co-finan\u00e7at per la Uni\u00f3 Europea, EDENSOL va organitzar recentment&hellip;<\/div><div class=\"jet-more-wrap\"><a href=\"https:\/\/edensol.eu\/en\/jornada-formativa-elevator-pitch\" class=\"btn btn-primary elementor-button elementor-size-md jet-more\" target=\"\"><span class=\"btn__text\">Read More<\/span><\/a><\/div><\/div><\/div>\n<\/div>\n<\/div>\n<\/div>\t\t\t\t<\/div>\n\t\t\t\t<\/div>\n\t\t\t\t<div class=\"elementor-element elementor-element-39884b5 elementor-invisible elementor-widget elementor-widget-image\" data-id=\"39884b5\" data-element_type=\"widget\" data-e-type=\"widget\" data-settings=\"{&quot;_animation&quot;:&quot;fadeInUp&quot;}\" data-widget_type=\"image.default\">\n\t\t\t\t<div class=\"elementor-widget-container\">\n\t\t\t\t\t\t\t\t\t\t\t\t\t\t\t<img fetchpriority=\"high\" decoding=\"async\" width=\"1284\" height=\"1283\" src=\"https:\/\/edensol.eu\/wp-content\/uploads\/graphic-1-1.png\" class=\"attachment-full size-full wp-image-1161\" alt=\"\" srcset=\"https:\/\/edensol.eu\/wp-content\/uploads\/graphic-1-1.png 1284w, https:\/\/edensol.eu\/wp-content\/uploads\/graphic-1-1-300x300.png 300w, https:\/\/edensol.eu\/wp-content\/uploads\/graphic-1-1-1024x1024.png 1024w, https:\/\/edensol.eu\/wp-content\/uploads\/graphic-1-1-150x150.png 150w, https:\/\/edensol.eu\/wp-content\/uploads\/graphic-1-1-768x767.png 768w\" sizes=\"(max-width: 1284px) 100vw, 1284px\" \/>\t\t\t\t\t\t\t\t\t\t\t\t\t\t\t<\/div>\n\t\t\t\t<\/div>\n\t\t\t\t\t<\/div>\n\t\t<\/div>\n\t\t\t\t\t<\/div>\n\t\t<\/section>\n\t\t\t\t<\/div>\n\t\t","protected":false},"excerpt":{"rendered":"<p>Latest news Emprenedoria i empreses: taller gratu\u00eft sobre promoci\u00f3 d&#8217;empreses a xarxes socials El passat 22 de mar\u00e7, Edensol va organitzar un taller gratu\u00eft per al teixit empresarial de Reus,&nbsp;un taller dedicat a&hellip;Read More Edensol promou una jornada a Reus sobre integraci\u00f3 laboral dels joves i emprenedoria A la sala polivalent del Centre C\u00edvic del [&hellip;]<\/p>\n","protected":false},"author":9,"featured_media":0,"parent":0,"menu_order":0,"comment_status":"closed","ping_status":"closed","template":"","meta":{"footnotes":""},"class_list":["post-2309","page","type-page","status-publish","hentry"],"_links":{"self":[{"href":"https:\/\/edensol.eu\/en\/wp-json\/wp\/v2\/pages\/2309","targetHints":{"allow":["GET"]}}],"collection":[{"href":"https:\/\/edensol.eu\/en\/wp-json\/wp\/v2\/pages"}],"about":[{"href":"https:\/\/edensol.eu\/en\/wp-json\/wp\/v2\/types\/page"}],"author":[{"embeddable":true,"href":"https:\/\/edensol.eu\/en\/wp-json\/wp\/v2\/users\/9"}],"replies":[{"embeddable":true,"href":"https:\/\/edensol.eu\/en\/wp-json\/wp\/v2\/comments?post=2309"}],"version-history":[{"count":16,"href":"https:\/\/edensol.eu\/en\/wp-json\/wp\/v2\/pages\/2309\/revisions"}],"predecessor-version":[{"id":4171,"href":"https:\/\/edensol.eu\/en\/wp-json\/wp\/v2\/pages\/2309\/revisions\/4171"}],"wp:attachment":[{"href":"https:\/\/edensol.eu\/en\/wp-json\/wp\/v2\/media?parent=2309"}],"curies":[{"name":"wp","href":"https:\/\/api.w.org\/{rel}","templated":true}]}}