{"id":3941,"date":"2025-08-13T10:14:24","date_gmt":"2025-08-13T10:14:24","guid":{"rendered":"https:\/\/edensol.eu\/?page_id=3941"},"modified":"2025-08-13T10:38:59","modified_gmt":"2025-08-13T10:38:59","slug":"programacio-a-mida","status":"publish","type":"page","link":"https:\/\/edensol.eu\/ca\/programacio-a-mida","title":{"rendered":"Programaci\u00f3 a mida"},"content":{"rendered":"\t\t<div data-elementor-type=\"wp-page\" data-elementor-id=\"3941\" class=\"elementor elementor-3941 elementor-3902\" data-elementor-settings=\"{&quot;ha_cmc_init_switcher&quot;:&quot;no&quot;}\" data-elementor-post-type=\"page\">\n\t\t\t\t<div class=\"elementor-element elementor-element-9350cd1 e-flex e-con-boxed e-con e-parent\" data-id=\"9350cd1\" data-element_type=\"container\" data-e-type=\"container\" data-settings=\"{&quot;background_background&quot;:&quot;classic&quot;,&quot;jet_parallax_layout_list&quot;:[],&quot;_ha_eqh_enable&quot;:false}\">\n\t\t\t\t\t<div class=\"e-con-inner\">\n\t\t\t\t<div class=\"elementor-element elementor-element-9ff803b elementor-invisible elementor-widget elementor-widget-heading\" data-id=\"9ff803b\" data-element_type=\"widget\" data-e-type=\"widget\" data-settings=\"{&quot;_animation&quot;:&quot;fadeIn&quot;}\" data-widget_type=\"heading.default\">\n\t\t\t\t<div class=\"elementor-widget-container\">\n\t\t\t\t\t<h2 class=\"elementor-heading-title elementor-size-default\"><span style=\"font-weight:700\">Programaci\u00f3 a mida<\/span><span style=\"color:#ffffff\"> per a empreses<\/span><\/h2>\t\t\t\t<\/div>\n\t\t\t\t<\/div>\n\t\t\t\t<div class=\"elementor-element elementor-element-b3234fd elementor-invisible elementor-widget elementor-widget-text-editor\" data-id=\"b3234fd\" data-element_type=\"widget\" data-e-type=\"widget\" data-settings=\"{&quot;_animation&quot;:&quot;fadeIn&quot;,&quot;_animation_delay&quot;:200}\" data-widget_type=\"text-editor.default\">\n\t\t\t\t<div class=\"elementor-widget-container\">\n\t\t\t\t\t\t\t\t\t<p><strong>Desenvolupament de programari i aplicacions personalitzades segons les teves necessitats a Tarragona<\/strong><\/p>\t\t\t\t\t\t\t\t<\/div>\n\t\t\t\t<\/div>\n\t\t\t\t\t<\/div>\n\t\t\t\t<\/div>\n\t\t<div class=\"elementor-element elementor-element-f91f24a e-flex e-con-boxed e-con e-parent\" data-id=\"f91f24a\" data-element_type=\"container\" data-e-type=\"container\" data-settings=\"{&quot;jet_parallax_layout_list&quot;:[],&quot;_ha_eqh_enable&quot;:false}\">\n\t\t\t\t\t<div class=\"e-con-inner\">\n\t\t<div class=\"elementor-element elementor-element-73af402 e-con-full e-flex e-con e-child\" data-id=\"73af402\" data-element_type=\"container\" data-e-type=\"container\" data-settings=\"{&quot;jet_parallax_layout_list&quot;:[],&quot;_ha_eqh_enable&quot;:false}\">\n\t\t\t\t<div class=\"elementor-element elementor-element-1629d5f elementor-invisible elementor-widget elementor-widget-heading\" data-id=\"1629d5f\" data-element_type=\"widget\" data-e-type=\"widget\" data-settings=\"{&quot;_animation&quot;:&quot;fadeIn&quot;,&quot;_animation_delay&quot;:100}\" data-widget_type=\"heading.default\">\n\t\t\t\t<div class=\"elementor-widget-container\">\n\t\t\t\t\t<h2 class=\"elementor-heading-title elementor-size-default\">Qu\u00e8 ofereix aquest producte?<\/h2>\t\t\t\t<\/div>\n\t\t\t\t<\/div>\n\t\t\t\t<div class=\"elementor-element elementor-element-9cd3487 elementor-invisible elementor-widget elementor-widget-text-editor\" data-id=\"9cd3487\" data-element_type=\"widget\" data-e-type=\"widget\" data-settings=\"{&quot;_animation&quot;:&quot;fadeIn&quot;,&quot;_animation_delay&quot;:200}\" data-widget_type=\"text-editor.default\">\n\t\t\t\t<div class=\"elementor-widget-container\">\n\t\t\t\t\t\t\t\t\t<p data-start=\"232\" data-end=\"502\"><span>A <b>Edensol <\/b><\/span><span>desenvolupem\u00a0<\/span><strong data-start=\"261\" data-end=\"300\"><span>solucions digitals personalitzades<\/span><\/strong><span>\u00a0que s&#8217;ajusten als objectius i processos de cada empresa. Creem programes i aplicacions a mida des de zero, ocupant-nos de tot el proc\u00e9s: des de la\u00a0<\/span><strong data-start=\"455\" data-end=\"471\"><span>idea inicial<\/span><\/strong><span>\u00a0fins al\u00a0<\/span><strong data-start=\"481\" data-end=\"501\"><span>desplegament final<\/span><\/strong><span>\u00a0.<\/span><\/p><p data-start=\"504\" data-end=\"771\"><span>Ens encarreguem del\u00a0<\/span><strong data-start=\"523\" data-end=\"562\"><span>disseny, desenvolupament i implementaci\u00f3<\/span><\/strong><span>\u00a0, garantint que l&#8217;eina sigui funcional, intu\u00eftiva i adaptable a llarg termini. Aquesta programaci\u00f3 permet optimitzar tasques, millorar la productivitat i\u00a0<\/span><strong data-start=\"728\" data-end=\"758\"><span>automatitzar processos clau<\/span><\/strong><span>\u00a0del negoci.<\/span><\/p>\t\t\t\t\t\t\t\t<\/div>\n\t\t\t\t<\/div>\n\t\t\t\t<\/div>\n\t\t<div class=\"elementor-element elementor-element-d70fb4b e-con-full e-flex elementor-invisible e-con e-child\" data-id=\"d70fb4b\" data-element_type=\"container\" data-e-type=\"container\" data-settings=\"{&quot;background_background&quot;:&quot;classic&quot;,&quot;jet_parallax_layout_list&quot;:[],&quot;animation&quot;:&quot;fadeIn&quot;,&quot;animation_delay&quot;:200,&quot;_ha_eqh_enable&quot;:false}\">\n\t\t\t\t<div class=\"elementor-element elementor-element-ad028b6 elementor-widget elementor-widget-image\" data-id=\"ad028b6\" data-element_type=\"widget\" data-e-type=\"widget\" data-settings=\"{&quot;_animation&quot;:&quot;none&quot;}\" data-widget_type=\"image.default\">\n\t\t\t\t<div class=\"elementor-widget-container\">\n\t\t\t\t\t\t\t\t\t\t\t\t\t\t\t<img fetchpriority=\"high\" decoding=\"async\" width=\"1920\" height=\"1280\" src=\"https:\/\/edensol.eu\/wp-content\/uploads\/danial-igdery-FCHlYvR5gJI-unsplash.jpg\" class=\"attachment-full size-full wp-image-3918\" alt=\"\" srcset=\"https:\/\/edensol.eu\/wp-content\/uploads\/danial-igdery-FCHlYvR5gJI-unsplash.jpg 1920w, https:\/\/edensol.eu\/wp-content\/uploads\/danial-igdery-FCHlYvR5gJI-unsplash-300x200.jpg 300w, https:\/\/edensol.eu\/wp-content\/uploads\/danial-igdery-FCHlYvR5gJI-unsplash-1024x683.jpg 1024w, https:\/\/edensol.eu\/wp-content\/uploads\/danial-igdery-FCHlYvR5gJI-unsplash-768x512.jpg 768w, https:\/\/edensol.eu\/wp-content\/uploads\/danial-igdery-FCHlYvR5gJI-unsplash-1536x1024.jpg 1536w\" sizes=\"(max-width: 1920px) 100vw, 1920px\" \/>\t\t\t\t\t\t\t\t\t\t\t\t\t\t\t<\/div>\n\t\t\t\t<\/div>\n\t\t\t\t<div class=\"elementor-element elementor-element-113b771 elementor-invisible elementor-widget elementor-widget-image\" data-id=\"113b771\" data-element_type=\"widget\" data-e-type=\"widget\" data-settings=\"{&quot;_animation&quot;:&quot;fadeInUp&quot;}\" data-widget_type=\"image.default\">\n\t\t\t\t<div class=\"elementor-widget-container\">\n\t\t\t\t\t\t\t\t\t\t\t\t\t\t\t<img decoding=\"async\" width=\"1284\" height=\"1283\" src=\"https:\/\/edensol.eu\/wp-content\/uploads\/graphic-1-1.png\" class=\"attachment-full size-full wp-image-1161\" alt=\"\" srcset=\"https:\/\/edensol.eu\/wp-content\/uploads\/graphic-1-1.png 1284w, https:\/\/edensol.eu\/wp-content\/uploads\/graphic-1-1-300x300.png 300w, https:\/\/edensol.eu\/wp-content\/uploads\/graphic-1-1-1024x1024.png 1024w, https:\/\/edensol.eu\/wp-content\/uploads\/graphic-1-1-150x150.png 150w, https:\/\/edensol.eu\/wp-content\/uploads\/graphic-1-1-768x767.png 768w\" sizes=\"(max-width: 1284px) 100vw, 1284px\" \/>\t\t\t\t\t\t\t\t\t\t\t\t\t\t\t<\/div>\n\t\t\t\t<\/div>\n\t\t\t\t<\/div>\n\t\t\t\t\t<\/div>\n\t\t\t\t<\/div>\n\t\t<div class=\"elementor-element elementor-element-ebfecf5 e-flex e-con-boxed e-con e-parent\" data-id=\"ebfecf5\" data-element_type=\"container\" data-e-type=\"container\" data-settings=\"{&quot;jet_parallax_layout_list&quot;:[],&quot;_ha_eqh_enable&quot;:false}\">\n\t\t\t\t\t<div class=\"e-con-inner\">\n\t\t<div class=\"elementor-element elementor-element-9826d5e e-grid e-con-full e-con e-child\" data-id=\"9826d5e\" data-element_type=\"container\" data-e-type=\"container\" data-settings=\"{&quot;jet_parallax_layout_list&quot;:[],&quot;_ha_eqh_enable&quot;:&quot;yes&quot;,&quot;_ha_eqh_widget&quot;:[&quot;text-editor&quot;,&quot;image&quot;],&quot;_ha_eqh_to&quot;:&quot;widget&quot;,&quot;_ha_eqh_disable_on_tablet&quot;:&quot;no&quot;,&quot;_ha_eqh_disable_on_mobile&quot;:&quot;yes&quot;}\">\n\t\t<div class=\"elementor-element elementor-element-445932b e-con-full e-flex elementor-invisible e-con e-child\" data-id=\"445932b\" data-element_type=\"container\" data-e-type=\"container\" data-settings=\"{&quot;jet_parallax_layout_list&quot;:[],&quot;animation&quot;:&quot;fadeIn&quot;,&quot;background_background&quot;:&quot;classic&quot;}\">\n\t\t<div class=\"elementor-element elementor-element-7b11f74 e-con-full e-flex e-con e-child\" data-id=\"7b11f74\" data-element_type=\"container\" data-e-type=\"container\" data-settings=\"{&quot;jet_parallax_layout_list&quot;:[],&quot;_ha_eqh_enable&quot;:false}\">\n\t\t\t\t<div class=\"elementor-element elementor-element-0379d47 elementor-widget elementor-widget-heading\" data-id=\"0379d47\" data-element_type=\"widget\" data-e-type=\"widget\" data-widget_type=\"heading.default\">\n\t\t\t\t<div class=\"elementor-widget-container\">\n\t\t\t\t\t<h2 class=\"elementor-heading-title elementor-size-default\">Programari<\/h2>\t\t\t\t<\/div>\n\t\t\t\t<\/div>\n\t\t\t\t<div class=\"elementor-element elementor-element-f42e151 elementor-widget__width-initial elementor-widget elementor-widget-text-editor\" data-id=\"f42e151\" data-element_type=\"widget\" data-e-type=\"widget\" data-widget_type=\"text-editor.default\">\n\t\t\t\t<div class=\"elementor-widget-container\">\n\t\t\t\t\t\t\t\t\t<p>Desenvolupem programari i apps personalitzades per optimitzar els teus processos i adaptar-nos al teu negoci.<\/p>\t\t\t\t\t\t\t\t<\/div>\n\t\t\t\t<\/div>\n\t\t\t\t<\/div>\n\t\t\t\t<div class=\"elementor-element elementor-element-0f1981f elementor-widget elementor-widget-image\" data-id=\"0f1981f\" data-element_type=\"widget\" data-e-type=\"widget\" data-widget_type=\"image.default\">\n\t\t\t\t<div class=\"elementor-widget-container\">\n\t\t\t\t\t\t\t\t\t\t\t\t\t\t\t<img decoding=\"async\" width=\"1920\" height=\"1282\" src=\"https:\/\/edensol.eu\/wp-content\/uploads\/ilya-pavlov-OqtafYT5kTw-unsplash.jpg\" class=\"attachment-full size-full wp-image-3861\" alt=\"\" srcset=\"https:\/\/edensol.eu\/wp-content\/uploads\/ilya-pavlov-OqtafYT5kTw-unsplash.jpg 1920w, https:\/\/edensol.eu\/wp-content\/uploads\/ilya-pavlov-OqtafYT5kTw-unsplash-300x200.jpg 300w, https:\/\/edensol.eu\/wp-content\/uploads\/ilya-pavlov-OqtafYT5kTw-unsplash-1024x684.jpg 1024w, https:\/\/edensol.eu\/wp-content\/uploads\/ilya-pavlov-OqtafYT5kTw-unsplash-768x513.jpg 768w, https:\/\/edensol.eu\/wp-content\/uploads\/ilya-pavlov-OqtafYT5kTw-unsplash-1536x1026.jpg 1536w\" sizes=\"(max-width: 1920px) 100vw, 1920px\" \/>\t\t\t\t\t\t\t\t\t\t\t\t\t\t\t<\/div>\n\t\t\t\t<\/div>\n\t\t\t\t<\/div>\n\t\t<div class=\"elementor-element elementor-element-d65bf45 e-con-full e-flex elementor-invisible e-con e-child\" data-id=\"d65bf45\" data-element_type=\"container\" data-e-type=\"container\" data-settings=\"{&quot;jet_parallax_layout_list&quot;:[],&quot;animation&quot;:&quot;fadeIn&quot;,&quot;background_background&quot;:&quot;classic&quot;,&quot;_ha_eqh_enable&quot;:false}\">\n\t\t<div class=\"elementor-element elementor-element-ce6a4e2 e-con-full e-flex e-con e-child\" data-id=\"ce6a4e2\" data-element_type=\"container\" data-e-type=\"container\" data-settings=\"{&quot;jet_parallax_layout_list&quot;:[],&quot;_ha_eqh_enable&quot;:false}\">\n\t\t\t\t<div class=\"elementor-element elementor-element-312f225 elementor-widget elementor-widget-heading\" data-id=\"312f225\" data-element_type=\"widget\" data-e-type=\"widget\" data-widget_type=\"heading.default\">\n\t\t\t\t<div class=\"elementor-widget-container\">\n\t\t\t\t\t<h2 class=\"elementor-heading-title elementor-size-default\">App's<\/h2>\t\t\t\t<\/div>\n\t\t\t\t<\/div>\n\t\t\t\t<div class=\"elementor-element elementor-element-e878802 elementor-widget__width-initial elementor-widget elementor-widget-text-editor\" data-id=\"e878802\" data-element_type=\"widget\" data-e-type=\"widget\" data-widget_type=\"text-editor.default\">\n\t\t\t\t<div class=\"elementor-widget-container\">\n\t\t\t\t\t\t\t\t\t<p>Supervisem cont\u00ednuament la teva infraestructura IT per prevenir incid\u00e8ncies i optimitzar-ne el rendiment.<\/p>\t\t\t\t\t\t\t\t<\/div>\n\t\t\t\t<\/div>\n\t\t\t\t<\/div>\n\t\t\t\t<div class=\"elementor-element elementor-element-e214a27 elementor-widget elementor-widget-image\" data-id=\"e214a27\" data-element_type=\"widget\" data-e-type=\"widget\" data-widget_type=\"image.default\">\n\t\t\t\t<div class=\"elementor-widget-container\">\n\t\t\t\t\t\t\t\t\t\t\t\t\t\t\t<img loading=\"lazy\" decoding=\"async\" width=\"800\" height=\"600\" src=\"https:\/\/edensol.eu\/wp-content\/uploads\/brett-jordan-ZVhbwDfLtYU-unsplash-1024x768.jpg\" class=\"attachment-large size-large wp-image-3912\" alt=\"\" srcset=\"https:\/\/edensol.eu\/wp-content\/uploads\/brett-jordan-ZVhbwDfLtYU-unsplash-1024x768.jpg 1024w, https:\/\/edensol.eu\/wp-content\/uploads\/brett-jordan-ZVhbwDfLtYU-unsplash-300x225.jpg 300w, https:\/\/edensol.eu\/wp-content\/uploads\/brett-jordan-ZVhbwDfLtYU-unsplash-768x576.jpg 768w, https:\/\/edensol.eu\/wp-content\/uploads\/brett-jordan-ZVhbwDfLtYU-unsplash-1536x1152.jpg 1536w, https:\/\/edensol.eu\/wp-content\/uploads\/brett-jordan-ZVhbwDfLtYU-unsplash.jpg 1920w\" sizes=\"(max-width: 800px) 100vw, 800px\" \/>\t\t\t\t\t\t\t\t\t\t\t\t\t\t\t<\/div>\n\t\t\t\t<\/div>\n\t\t\t\t<\/div>\n\t\t\t\t<\/div>\n\t\t\t\t\t<\/div>\n\t\t\t\t<\/div>\n\t\t<div class=\"elementor-element elementor-element-6227a13 e-flex e-con-boxed e-con e-parent\" data-id=\"6227a13\" data-element_type=\"container\" data-e-type=\"container\" data-settings=\"{&quot;jet_parallax_layout_list&quot;:[],&quot;_ha_eqh_enable&quot;:false}\">\n\t\t\t\t\t<div class=\"e-con-inner\">\n\t\t\t\t<div class=\"elementor-element elementor-element-e2280e3 elementor-invisible elementor-widget elementor-widget-image\" data-id=\"e2280e3\" data-element_type=\"widget\" data-e-type=\"widget\" data-settings=\"{&quot;_animation&quot;:&quot;fadeIn&quot;}\" data-widget_type=\"image.default\">\n\t\t\t\t<div class=\"elementor-widget-container\">\n\t\t\t\t\t\t\t\t\t\t\t\t\t\t\t<img loading=\"lazy\" decoding=\"async\" width=\"800\" height=\"534\" src=\"https:\/\/edensol.eu\/wp-content\/uploads\/seo-galaxy-GQ6bUqDNjZY-unsplash-1024x683.jpg\" class=\"attachment-large size-large wp-image-3821\" alt=\"\" srcset=\"https:\/\/edensol.eu\/wp-content\/uploads\/seo-galaxy-GQ6bUqDNjZY-unsplash-1024x683.jpg 1024w, https:\/\/edensol.eu\/wp-content\/uploads\/seo-galaxy-GQ6bUqDNjZY-unsplash-300x200.jpg 300w, https:\/\/edensol.eu\/wp-content\/uploads\/seo-galaxy-GQ6bUqDNjZY-unsplash-768x512.jpg 768w, https:\/\/edensol.eu\/wp-content\/uploads\/seo-galaxy-GQ6bUqDNjZY-unsplash-1536x1024.jpg 1536w, https:\/\/edensol.eu\/wp-content\/uploads\/seo-galaxy-GQ6bUqDNjZY-unsplash.jpg 1920w\" sizes=\"(max-width: 800px) 100vw, 800px\" \/>\t\t\t\t\t\t\t\t\t\t\t\t\t\t\t<\/div>\n\t\t\t\t<\/div>\n\t\t<div class=\"elementor-element elementor-element-b0d745e e-con-full e-flex e-con e-child\" data-id=\"b0d745e\" data-element_type=\"container\" data-e-type=\"container\" data-settings=\"{&quot;jet_parallax_layout_list&quot;:[],&quot;_ha_eqh_enable&quot;:false}\">\n\t\t\t\t<div class=\"elementor-element elementor-element-0187380 elementor-invisible elementor-widget elementor-widget-heading\" data-id=\"0187380\" data-element_type=\"widget\" data-e-type=\"widget\" data-settings=\"{&quot;_animation&quot;:&quot;fadeIn&quot;,&quot;_animation_delay&quot;:100}\" data-widget_type=\"heading.default\">\n\t\t\t\t<div class=\"elementor-widget-container\">\n\t\t\t\t\t<h2 class=\"elementor-heading-title elementor-size-default\">Preguntes freq\u00fcents<\/h2>\t\t\t\t<\/div>\n\t\t\t\t<\/div>\n\t\t\t\t<div class=\"elementor-element elementor-element-0f815c4 elementor-invisible elementor-widget elementor-widget-text-editor\" data-id=\"0f815c4\" data-element_type=\"widget\" data-e-type=\"widget\" data-settings=\"{&quot;_animation&quot;:&quot;fadeIn&quot;,&quot;_animation_delay&quot;:400}\" data-widget_type=\"text-editor.default\">\n\t\t\t\t<div class=\"elementor-widget-container\">\n\t\t\t\t\t\t\t\t\t<p>Algunes de les preguntes freq\u00fcents sobre els nostres productes especialitzats en programaci\u00f3:<\/p>\t\t\t\t\t\t\t\t<\/div>\n\t\t\t\t<\/div>\n\t\t\t\t<div class=\"elementor-element elementor-element-80d2b7a elementor-invisible elementor-widget elementor-widget-eael-adv-accordion\" data-id=\"80d2b7a\" data-element_type=\"widget\" data-e-type=\"widget\" data-settings=\"{&quot;_animation&quot;:&quot;fadeIn&quot;,&quot;_animation_delay&quot;:600}\" data-widget_type=\"eael-adv-accordion.default\">\n\t\t\t\t<div class=\"elementor-widget-container\">\n\t\t\t\t\t            <div class=\"eael-adv-accordion\" id=\"eael-adv-accordion-80d2b7a\" data-scroll-on-click=\"no\" data-scroll-speed=\"300\" data-accordion-id=\"80d2b7a\" data-accordion-type=\"accordion\" data-toogle-speed=\"300\">\n            <div class=\"eael-accordion-list\">\n\t\t\t\t\t<div id=\"quin-tipus-de-programari-o-apps-pot-desenvolupar-edensol-per-a-la-meva-empresa\" class=\"elementor-tab-title eael-accordion-header\" tabindex=\"0\" data-tab=\"1\" aria-controls=\"elementor-tab-content-1351\"><span class=\"eael-advanced-accordion-icon-closed\"><i aria-hidden=\"true\" class=\"fa-accordion-icon fas fa-plus\"><\/i><\/span><span class=\"eael-advanced-accordion-icon-opened\"><i aria-hidden=\"true\" class=\"fa-accordion-icon fas fa-minus\"><\/i><\/span><span class=\"eael-accordion-tab-title\">Quin tipus de programari o apps pot desenvolupar Edensol per a la meva empresa?<\/span><i aria-hidden=\"true\" class=\"fa-toggle fas fa-angle-right\"><\/i><\/div><div id=\"elementor-tab-content-1351\" class=\"eael-accordion-content clearfix\" data-tab=\"1\" aria-labelledby=\"quin-tipus-de-programari-o-apps-pot-desenvolupar-edensol-per-a-la-meva-empresa\"><p><span>Creem tant\u00a0<\/span><strong><span>programari d&#8217;escriptori com aplicacions m\u00f2bils<\/span><\/strong><span>\u00a0, totalment adaptades als vostres processos interns, gesti\u00f3 de dades o comunicaci\u00f3 amb clients.<\/span><\/p><\/div>\n\t\t\t\t\t<\/div><div class=\"eael-accordion-list\">\n\t\t\t\t\t<div id=\"he-de-tenir-coneixements-tcnics-per-encarregar-una-aplicaci\" class=\"elementor-tab-title eael-accordion-header\" tabindex=\"0\" data-tab=\"2\" aria-controls=\"elementor-tab-content-1352\"><span class=\"eael-advanced-accordion-icon-closed\"><i aria-hidden=\"true\" class=\"fa-accordion-icon fas fa-plus\"><\/i><\/span><span class=\"eael-advanced-accordion-icon-opened\"><i aria-hidden=\"true\" class=\"fa-accordion-icon fas fa-minus\"><\/i><\/span><span class=\"eael-accordion-tab-title\">He de tenir coneixements t\u00e8cnics per encarregar una aplicaci\u00f3?<\/span><i aria-hidden=\"true\" class=\"fa-toggle fas fa-angle-right\"><\/i><\/div><div id=\"elementor-tab-content-1352\" class=\"eael-accordion-content clearfix\" data-tab=\"2\" aria-labelledby=\"he-de-tenir-coneixements-tcnics-per-encarregar-una-aplicaci\"><p>No cal. El nostre equip t&#8217;acompanya des de la idea inicial, traduint les teves necessitats en una\u00a0<strong>soluci\u00f3 t\u00e8cnica funcional i f\u00e0cil d&#8217;utilitzar<\/strong>.<\/p><\/div>\n\t\t\t\t\t<\/div><div class=\"eael-accordion-list\">\n\t\t\t\t\t<div id=\"quan-triga-un-desenvolupament-a-mida\" class=\"elementor-tab-title eael-accordion-header\" tabindex=\"0\" data-tab=\"3\" aria-controls=\"elementor-tab-content-1353\"><span class=\"eael-advanced-accordion-icon-closed\"><i aria-hidden=\"true\" class=\"fa-accordion-icon fas fa-plus\"><\/i><\/span><span class=\"eael-advanced-accordion-icon-opened\"><i aria-hidden=\"true\" class=\"fa-accordion-icon fas fa-minus\"><\/i><\/span><span class=\"eael-accordion-tab-title\">Quan triga un desenvolupament a mida?<\/span><i aria-hidden=\"true\" class=\"fa-toggle fas fa-angle-right\"><\/i><\/div><div id=\"elementor-tab-content-1353\" class=\"eael-accordion-content clearfix\" data-tab=\"3\" aria-labelledby=\"quan-triga-un-desenvolupament-a-mida\"><p>Dep\u00e8n de labast del projecte. Sempre treballem amb\u00a0<strong>fases clares, terminis realistes i entregues parcials<\/strong>\u00a0, perqu\u00e8 puguis veure aven\u00e7os des de l&#8217;inici.<\/p><\/div>\n\t\t\t\t\t<\/div><\/div>\t\t\t\t<\/div>\n\t\t\t\t<\/div>\n\t\t\t\t<\/div>\n\t\t\t\t\t<\/div>\n\t\t\t\t<\/div>\n\t\t\t\t<\/div>\n\t\t","protected":false},"excerpt":{"rendered":"<p>Programaci\u00f3 a mida per a empreses Desenvolupament de programari i aplicacions personalitzades segons les teves necessitats a Tarragona Qu\u00e8 ofereix aquest producte? A Edensol desenvolupem\u00a0solucions digitals personalitzades\u00a0que s&#8217;ajusten als objectius i processos de cada empresa. Creem programes i aplicacions a mida des de zero, ocupant-nos de tot el proc\u00e9s: des de la\u00a0idea inicial\u00a0fins al\u00a0desplegament final\u00a0. [&hellip;]<\/p>\n","protected":false},"author":9,"featured_media":0,"parent":0,"menu_order":0,"comment_status":"closed","ping_status":"closed","template":"elementor_header_footer","meta":{"footnotes":""},"class_list":["post-3941","page","type-page","status-publish","hentry"],"_links":{"self":[{"href":"https:\/\/edensol.eu\/ca\/wp-json\/wp\/v2\/pages\/3941","targetHints":{"allow":["GET"]}}],"collection":[{"href":"https:\/\/edensol.eu\/ca\/wp-json\/wp\/v2\/pages"}],"about":[{"href":"https:\/\/edensol.eu\/ca\/wp-json\/wp\/v2\/types\/page"}],"author":[{"embeddable":true,"href":"https:\/\/edensol.eu\/ca\/wp-json\/wp\/v2\/users\/9"}],"replies":[{"embeddable":true,"href":"https:\/\/edensol.eu\/ca\/wp-json\/wp\/v2\/comments?post=3941"}],"version-history":[{"count":11,"href":"https:\/\/edensol.eu\/ca\/wp-json\/wp\/v2\/pages\/3941\/revisions"}],"predecessor-version":[{"id":4043,"href":"https:\/\/edensol.eu\/ca\/wp-json\/wp\/v2\/pages\/3941\/revisions\/4043"}],"wp:attachment":[{"href":"https:\/\/edensol.eu\/ca\/wp-json\/wp\/v2\/media?parent=3941"}],"curies":[{"name":"wp","href":"https:\/\/api.w.org\/{rel}","templated":true}]}}