{"id":3789,"date":"2025-08-13T08:27:39","date_gmt":"2025-08-13T08:27:39","guid":{"rendered":"https:\/\/edensol.eu\/?page_id=3789"},"modified":"2025-08-13T08:47:58","modified_gmt":"2025-08-13T08:47:58","slug":"infraestructures-informatiques","status":"publish","type":"page","link":"https:\/\/edensol.eu\/ca\/infraestructures-informatiques","title":{"rendered":"Infraestructures inform\u00e0tiques"},"content":{"rendered":"\t\t<div data-elementor-type=\"wp-page\" data-elementor-id=\"3789\" class=\"elementor elementor-3789 elementor-3744\" data-elementor-settings=\"{&quot;ha_cmc_init_switcher&quot;:&quot;no&quot;}\" data-elementor-post-type=\"page\">\n\t\t\t\t<div class=\"elementor-element elementor-element-9350cd1 e-flex e-con-boxed e-con e-parent\" data-id=\"9350cd1\" data-element_type=\"container\" data-e-type=\"container\" data-settings=\"{&quot;background_background&quot;:&quot;classic&quot;,&quot;jet_parallax_layout_list&quot;:[],&quot;_ha_eqh_enable&quot;:false}\">\n\t\t\t\t\t<div class=\"e-con-inner\">\n\t\t\t\t<div class=\"elementor-element elementor-element-9ff803b elementor-invisible elementor-widget elementor-widget-heading\" data-id=\"9ff803b\" data-element_type=\"widget\" data-e-type=\"widget\" data-settings=\"{&quot;_animation&quot;:&quot;fadeIn&quot;}\" data-widget_type=\"heading.default\">\n\t\t\t\t<div class=\"elementor-widget-container\">\n\t\t\t\t\t<h2 class=\"elementor-heading-title elementor-size-default\"><span style=\"font-weight:700\">Infraestructures inform\u00e0tiques<\/span><span style=\"color:#ffffff\"> per a empreses<\/span><\/h2>\t\t\t\t<\/div>\n\t\t\t\t<\/div>\n\t\t\t\t<div class=\"elementor-element elementor-element-b3234fd elementor-invisible elementor-widget elementor-widget-text-editor\" data-id=\"b3234fd\" data-element_type=\"widget\" data-e-type=\"widget\" data-settings=\"{&quot;_animation&quot;:&quot;fadeIn&quot;,&quot;_animation_delay&quot;:200}\" data-widget_type=\"text-editor.default\">\n\t\t\t\t<div class=\"elementor-widget-container\">\n\t\t\t\t\t\t\t\t\t<p><strong>Soluciones tecnol\u00f3gicas robustas para entornos empresariales exigentes en Tarragona<\/strong><\/p>\t\t\t\t\t\t\t\t<\/div>\n\t\t\t\t<\/div>\n\t\t\t\t\t<\/div>\n\t\t\t\t<\/div>\n\t\t<div class=\"elementor-element elementor-element-f91f24a e-flex e-con-boxed e-con e-parent\" data-id=\"f91f24a\" data-element_type=\"container\" data-e-type=\"container\" data-settings=\"{&quot;jet_parallax_layout_list&quot;:[],&quot;_ha_eqh_enable&quot;:false}\">\n\t\t\t\t\t<div class=\"e-con-inner\">\n\t\t<div class=\"elementor-element elementor-element-73af402 e-con-full e-flex e-con e-child\" data-id=\"73af402\" data-element_type=\"container\" data-e-type=\"container\" data-settings=\"{&quot;jet_parallax_layout_list&quot;:[],&quot;_ha_eqh_enable&quot;:false}\">\n\t\t\t\t<div class=\"elementor-element elementor-element-1629d5f elementor-invisible elementor-widget elementor-widget-heading\" data-id=\"1629d5f\" data-element_type=\"widget\" data-e-type=\"widget\" data-settings=\"{&quot;_animation&quot;:&quot;fadeIn&quot;,&quot;_animation_delay&quot;:100}\" data-widget_type=\"heading.default\">\n\t\t\t\t<div class=\"elementor-widget-container\">\n\t\t\t\t\t<h2 class=\"elementor-heading-title elementor-size-default\">Qu\u00e8 ofereix aquest producte?<\/h2>\t\t\t\t<\/div>\n\t\t\t\t<\/div>\n\t\t\t\t<div class=\"elementor-element elementor-element-9cd3487 elementor-invisible elementor-widget elementor-widget-text-editor\" data-id=\"9cd3487\" data-element_type=\"widget\" data-e-type=\"widget\" data-settings=\"{&quot;_animation&quot;:&quot;fadeIn&quot;,&quot;_animation_delay&quot;:200}\" data-widget_type=\"text-editor.default\">\n\t\t\t\t<div class=\"elementor-widget-container\">\n\t\t\t\t\t\t\t\t\t<p data-start=\"253\" data-end=\"483\">Les\u00a0<strong data-start=\"257\" data-end=\"280\">infraestructures inform\u00e0tiques<\/strong>\u00a0\u00a0s\u00f3n la base tecnol\u00f2gica de qualsevol empresa. Inclouen el\u00a0<strong data-start=\"339\" data-end=\"351\">maquinari<\/strong>\u00a0, el\u00a0<strong data-start=\"356\" data-end=\"368\">programari<\/strong>\u00a0i tots els\u00a0<strong data-start=\"381\" data-end=\"397\">dispositius<\/strong>\u00a0necessaris per garantir el funcionament correcte dels sistemes inform\u00e0tics.<\/p><p data-start=\"485\" data-end=\"676\">A Edensol dissenyem i implementem infraestructures que permeten a les empreses <strong data-start=\"567\" data-end=\"616\">treballar de forma segura, estable i eficient<\/strong>\u00a0, adaptant-nos a la mida i necessitats de cada organitzaci\u00f3.<\/p><p data-start=\"678\" data-end=\"965\">Tot es gestiona des d&#8217;un\u00a0<strong data-start=\"704\" data-end=\"728\">sistema centralitzat<\/strong>\u00a0, que facilita el control i el\u00a0<strong data-start=\"759\" data-end=\"792\">monitoratge en temps real<\/strong>\u00a0dels equips, servidors, comunicacions i dades. Aquesta estructura no nom\u00e9s millora el rendiment, sin\u00f3 que tamb\u00e9\u00a0<strong data-start=\"909\" data-end=\"964\">redueix riscos, fallades t\u00e8cniques i costos operatius<\/strong>\u00a0.<\/p>\t\t\t\t\t\t\t\t<\/div>\n\t\t\t\t<\/div>\n\t\t\t\t<\/div>\n\t\t<div class=\"elementor-element elementor-element-d70fb4b e-con-full e-flex elementor-invisible e-con e-child\" data-id=\"d70fb4b\" data-element_type=\"container\" data-e-type=\"container\" data-settings=\"{&quot;background_background&quot;:&quot;classic&quot;,&quot;jet_parallax_layout_list&quot;:[],&quot;animation&quot;:&quot;fadeIn&quot;,&quot;animation_delay&quot;:200,&quot;_ha_eqh_enable&quot;:false}\">\n\t\t\t\t<div class=\"elementor-element elementor-element-ad028b6 elementor-widget elementor-widget-image\" data-id=\"ad028b6\" data-element_type=\"widget\" data-e-type=\"widget\" data-settings=\"{&quot;_animation&quot;:&quot;none&quot;}\" data-widget_type=\"image.default\">\n\t\t\t\t<div class=\"elementor-widget-container\">\n\t\t\t\t\t\t\t\t\t\t\t\t\t\t\t<img fetchpriority=\"high\" decoding=\"async\" width=\"1920\" height=\"1275\" src=\"https:\/\/edensol.eu\/wp-content\/uploads\/uriel-sc-11KDtiUWRq4-unsplash.jpg\" class=\"attachment-full size-full wp-image-3781\" alt=\"\" srcset=\"https:\/\/edensol.eu\/wp-content\/uploads\/uriel-sc-11KDtiUWRq4-unsplash.jpg 1920w, https:\/\/edensol.eu\/wp-content\/uploads\/uriel-sc-11KDtiUWRq4-unsplash-300x199.jpg 300w, https:\/\/edensol.eu\/wp-content\/uploads\/uriel-sc-11KDtiUWRq4-unsplash-1024x680.jpg 1024w, https:\/\/edensol.eu\/wp-content\/uploads\/uriel-sc-11KDtiUWRq4-unsplash-768x510.jpg 768w, https:\/\/edensol.eu\/wp-content\/uploads\/uriel-sc-11KDtiUWRq4-unsplash-1536x1020.jpg 1536w\" sizes=\"(max-width: 1920px) 100vw, 1920px\" \/>\t\t\t\t\t\t\t\t\t\t\t\t\t\t\t<\/div>\n\t\t\t\t<\/div>\n\t\t\t\t<div class=\"elementor-element elementor-element-113b771 elementor-invisible elementor-widget elementor-widget-image\" data-id=\"113b771\" data-element_type=\"widget\" data-e-type=\"widget\" data-settings=\"{&quot;_animation&quot;:&quot;fadeInUp&quot;}\" data-widget_type=\"image.default\">\n\t\t\t\t<div class=\"elementor-widget-container\">\n\t\t\t\t\t\t\t\t\t\t\t\t\t\t\t<img decoding=\"async\" width=\"1284\" height=\"1283\" src=\"https:\/\/edensol.eu\/wp-content\/uploads\/graphic-1-1.png\" class=\"attachment-full size-full wp-image-1161\" alt=\"\" srcset=\"https:\/\/edensol.eu\/wp-content\/uploads\/graphic-1-1.png 1284w, https:\/\/edensol.eu\/wp-content\/uploads\/graphic-1-1-300x300.png 300w, https:\/\/edensol.eu\/wp-content\/uploads\/graphic-1-1-1024x1024.png 1024w, https:\/\/edensol.eu\/wp-content\/uploads\/graphic-1-1-150x150.png 150w, https:\/\/edensol.eu\/wp-content\/uploads\/graphic-1-1-768x767.png 768w\" sizes=\"(max-width: 1284px) 100vw, 1284px\" \/>\t\t\t\t\t\t\t\t\t\t\t\t\t\t\t<\/div>\n\t\t\t\t<\/div>\n\t\t\t\t<\/div>\n\t\t\t\t\t<\/div>\n\t\t\t\t<\/div>\n\t\t<div class=\"elementor-element elementor-element-d826b9e e-flex e-con-boxed e-con e-parent\" data-id=\"d826b9e\" data-element_type=\"container\" data-e-type=\"container\" data-settings=\"{&quot;jet_parallax_layout_list&quot;:[],&quot;_ha_eqh_enable&quot;:false}\">\n\t\t\t\t\t<div class=\"e-con-inner\">\n\t\t\t\t<div class=\"elementor-element elementor-element-ce1ee25 elementor-invisible elementor-widget elementor-widget-heading\" data-id=\"ce1ee25\" data-element_type=\"widget\" data-e-type=\"widget\" data-settings=\"{&quot;_animation&quot;:&quot;fadeIn&quot;,&quot;_animation_delay&quot;:100}\" data-widget_type=\"heading.default\">\n\t\t\t\t<div class=\"elementor-widget-container\">\n\t\t\t\t\t<h2 class=\"elementor-heading-title elementor-size-default\">Dividim les nostres solucions en 4 \u00e0rees principals:<\/h2>\t\t\t\t<\/div>\n\t\t\t\t<\/div>\n\t\t<div class=\"elementor-element elementor-element-df7fdd9 e-grid e-con-full e-con e-child\" data-id=\"df7fdd9\" data-element_type=\"container\" data-e-type=\"container\" data-settings=\"{&quot;jet_parallax_layout_list&quot;:[],&quot;_ha_eqh_enable&quot;:&quot;yes&quot;,&quot;_ha_eqh_widget&quot;:[&quot;icon&quot;,&quot;text-editor&quot;],&quot;_ha_eqh_to&quot;:&quot;widget&quot;,&quot;_ha_eqh_disable_on_tablet&quot;:&quot;no&quot;,&quot;_ha_eqh_disable_on_mobile&quot;:&quot;yes&quot;}\">\n\t\t<div class=\"elementor-element elementor-element-620492e e-con-full e-flex elementor-invisible e-con e-child\" data-id=\"620492e\" data-element_type=\"container\" data-e-type=\"container\" data-settings=\"{&quot;jet_parallax_layout_list&quot;:[],&quot;animation&quot;:&quot;fadeIn&quot;,&quot;_ha_eqh_enable&quot;:false}\">\n\t\t\t\t<div class=\"elementor-element elementor-element-07951f7 elementor-view-default elementor-widget elementor-widget-icon\" data-id=\"07951f7\" data-element_type=\"widget\" data-e-type=\"widget\" data-widget_type=\"icon.default\">\n\t\t\t\t<div class=\"elementor-widget-container\">\n\t\t\t\t\t\t\t<div class=\"elementor-icon-wrapper\">\n\t\t\t<div class=\"elementor-icon\">\n\t\t\t<i aria-hidden=\"true\" class=\"fas fa-server\"><\/i>\t\t\t<\/div>\n\t\t<\/div>\n\t\t\t\t\t\t<\/div>\n\t\t\t\t<\/div>\n\t\t\t\t<div class=\"elementor-element elementor-element-fcdca13 elementor-widget elementor-widget-heading\" data-id=\"fcdca13\" data-element_type=\"widget\" data-e-type=\"widget\" data-widget_type=\"heading.default\">\n\t\t\t\t<div class=\"elementor-widget-container\">\n\t\t\t\t\t<h2 class=\"elementor-heading-title elementor-size-default\">Servidors<\/h2>\t\t\t\t<\/div>\n\t\t\t\t<\/div>\n\t\t\t\t<div class=\"elementor-element elementor-element-f227f01 elementor-widget__width-initial elementor-widget elementor-widget-text-editor\" data-id=\"f227f01\" data-element_type=\"widget\" data-e-type=\"widget\" data-widget_type=\"text-editor.default\">\n\t\t\t\t<div class=\"elementor-widget-container\">\n\t\t\t\t\t\t\t\t\t<p><span>Solucions d&#8217;\u00a0<\/span><strong data-start=\"166\" data-end=\"200\"><span>allotjament segur i escalable<\/span><\/strong><span>\u00a0per a les teves aplicacions i dades, adaptades a la mida i el ritme de la teva empresa.<\/span><\/p>\t\t\t\t\t\t\t\t<\/div>\n\t\t\t\t<\/div>\n\t\t\t\t<\/div>\n\t\t<div class=\"elementor-element elementor-element-c08b9d9 e-con-full e-flex elementor-invisible e-con e-child\" data-id=\"c08b9d9\" data-element_type=\"container\" data-e-type=\"container\" data-settings=\"{&quot;jet_parallax_layout_list&quot;:[],&quot;animation&quot;:&quot;fadeIn&quot;,&quot;_ha_eqh_enable&quot;:false}\">\n\t\t\t\t<div class=\"elementor-element elementor-element-8238456 elementor-view-default elementor-widget elementor-widget-icon\" data-id=\"8238456\" data-element_type=\"widget\" data-e-type=\"widget\" data-widget_type=\"icon.default\">\n\t\t\t\t<div class=\"elementor-widget-container\">\n\t\t\t\t\t\t\t<div class=\"elementor-icon-wrapper\">\n\t\t\t<div class=\"elementor-icon\">\n\t\t\t<i aria-hidden=\"true\" class=\"huge huge-download-04\"><\/i>\t\t\t<\/div>\n\t\t<\/div>\n\t\t\t\t\t\t<\/div>\n\t\t\t\t<\/div>\n\t\t\t\t<div class=\"elementor-element elementor-element-7bdc2a7 elementor-widget elementor-widget-heading\" data-id=\"7bdc2a7\" data-element_type=\"widget\" data-e-type=\"widget\" data-widget_type=\"heading.default\">\n\t\t\t\t<div class=\"elementor-widget-container\">\n\t\t\t\t\t<h2 class=\"elementor-heading-title elementor-size-default\">Emmagatzematge intern<\/h2>\t\t\t\t<\/div>\n\t\t\t\t<\/div>\n\t\t\t\t<div class=\"elementor-element elementor-element-7fdf8b0 elementor-widget__width-initial elementor-widget elementor-widget-text-editor\" data-id=\"7fdf8b0\" data-element_type=\"widget\" data-e-type=\"widget\" data-widget_type=\"text-editor.default\">\n\t\t\t\t<div class=\"elementor-widget-container\">\n\t\t\t\t\t\t\t\t\t<p><span>Sistemes per\u00a0<\/span><strong data-start=\"331\" data-end=\"369\"><span>guardar i accedir a la informaci\u00f3<\/span><\/strong><span>\u00a0de forma r\u00e0pida, organitzada i amb total seguretat.<\/span><\/p>\t\t\t\t\t\t\t\t<\/div>\n\t\t\t\t<\/div>\n\t\t\t\t<\/div>\n\t\t<div class=\"elementor-element elementor-element-97d6412 e-con-full e-flex elementor-invisible e-con e-child\" data-id=\"97d6412\" data-element_type=\"container\" data-e-type=\"container\" data-settings=\"{&quot;jet_parallax_layout_list&quot;:[],&quot;animation&quot;:&quot;fadeIn&quot;,&quot;_ha_eqh_enable&quot;:false}\">\n\t\t\t\t<div class=\"elementor-element elementor-element-fbe98e2 elementor-view-default elementor-widget elementor-widget-icon\" data-id=\"fbe98e2\" data-element_type=\"widget\" data-e-type=\"widget\" data-widget_type=\"icon.default\">\n\t\t\t\t<div class=\"elementor-widget-container\">\n\t\t\t\t\t\t\t<div class=\"elementor-icon-wrapper\">\n\t\t\t<div class=\"elementor-icon\">\n\t\t\t<i aria-hidden=\"true\" class=\"fas fa-network-wired\"><\/i>\t\t\t<\/div>\n\t\t<\/div>\n\t\t\t\t\t\t<\/div>\n\t\t\t\t<\/div>\n\t\t\t\t<div class=\"elementor-element elementor-element-065612d elementor-widget elementor-widget-heading\" data-id=\"065612d\" data-element_type=\"widget\" data-e-type=\"widget\" data-widget_type=\"heading.default\">\n\t\t\t\t<div class=\"elementor-widget-container\">\n\t\t\t\t\t<h2 class=\"elementor-heading-title elementor-size-default\">Networking<\/h2>\t\t\t\t<\/div>\n\t\t\t\t<\/div>\n\t\t\t\t<div class=\"elementor-element elementor-element-84e9b0f elementor-widget__width-initial elementor-widget elementor-widget-text-editor\" data-id=\"84e9b0f\" data-element_type=\"widget\" data-e-type=\"widget\" data-widget_type=\"text-editor.default\">\n\t\t\t\t<div class=\"elementor-widget-container\">\n\t\t\t\t\t\t\t\t\t<p><span>Disseny i instal\u00b7laci\u00f3 de xarxes\u00a0<\/span><strong data-start=\"489\" data-end=\"511\"><span>estables i segures<\/span><\/strong><span>\u00a0, tant cablejades com sense fil, per garantir una comunicaci\u00f3 fluida.<\/span><\/p>\t\t\t\t\t\t\t\t<\/div>\n\t\t\t\t<\/div>\n\t\t\t\t<\/div>\n\t\t<div class=\"elementor-element elementor-element-a26bba4 e-con-full e-flex elementor-invisible e-con e-child\" data-id=\"a26bba4\" data-element_type=\"container\" data-e-type=\"container\" data-settings=\"{&quot;jet_parallax_layout_list&quot;:[],&quot;animation&quot;:&quot;fadeIn&quot;,&quot;_ha_eqh_enable&quot;:false}\">\n\t\t\t\t<div class=\"elementor-element elementor-element-6ccd810 elementor-view-default elementor-widget elementor-widget-icon\" data-id=\"6ccd810\" data-element_type=\"widget\" data-e-type=\"widget\" data-widget_type=\"icon.default\">\n\t\t\t\t<div class=\"elementor-widget-container\">\n\t\t\t\t\t\t\t<div class=\"elementor-icon-wrapper\">\n\t\t\t<div class=\"elementor-icon\">\n\t\t\t<i aria-hidden=\"true\" class=\"huge huge-security-check\"><\/i>\t\t\t<\/div>\n\t\t<\/div>\n\t\t\t\t\t\t<\/div>\n\t\t\t\t<\/div>\n\t\t\t\t<div class=\"elementor-element elementor-element-36997d5 elementor-widget elementor-widget-heading\" data-id=\"36997d5\" data-element_type=\"widget\" data-e-type=\"widget\" data-widget_type=\"heading.default\">\n\t\t\t\t<div class=\"elementor-widget-container\">\n\t\t\t\t\t<h2 class=\"elementor-heading-title elementor-size-default\">Seguretat<\/h2>\t\t\t\t<\/div>\n\t\t\t\t<\/div>\n\t\t\t\t<div class=\"elementor-element elementor-element-7585d65 elementor-widget__width-initial elementor-widget elementor-widget-text-editor\" data-id=\"7585d65\" data-element_type=\"widget\" data-e-type=\"widget\" data-widget_type=\"text-editor.default\">\n\t\t\t\t<div class=\"elementor-widget-container\">\n\t\t\t\t\t\t\t\t\t<p><span>Protecci\u00f3 integral davant d&#8217;amenaces, amb\u00a0<\/span><strong data-start=\"661\" data-end=\"695\"><span>c\u00f2pies de seguretat, tallafocs<\/span><\/strong><span>\u00a0i mesures proactives de defensa digital.<\/span><\/p>\t\t\t\t\t\t\t\t<\/div>\n\t\t\t\t<\/div>\n\t\t\t\t<\/div>\n\t\t\t\t<\/div>\n\t\t\t\t\t<\/div>\n\t\t\t\t<\/div>\n\t\t<div class=\"elementor-element elementor-element-6227a13 e-flex e-con-boxed e-con e-parent\" data-id=\"6227a13\" data-element_type=\"container\" data-e-type=\"container\" data-settings=\"{&quot;jet_parallax_layout_list&quot;:[],&quot;_ha_eqh_enable&quot;:false}\">\n\t\t\t\t\t<div class=\"e-con-inner\">\n\t\t\t\t<div class=\"elementor-element elementor-element-e2280e3 elementor-invisible elementor-widget elementor-widget-image\" data-id=\"e2280e3\" data-element_type=\"widget\" data-e-type=\"widget\" data-settings=\"{&quot;_animation&quot;:&quot;fadeIn&quot;}\" data-widget_type=\"image.default\">\n\t\t\t\t<div class=\"elementor-widget-container\">\n\t\t\t\t\t\t\t\t\t\t\t\t\t\t\t<img decoding=\"async\" width=\"800\" height=\"600\" src=\"https:\/\/edensol.eu\/wp-content\/uploads\/jj-ying-8bghKxNU1j0-unsplash-1024x768.jpg\" class=\"attachment-large size-large wp-image-3784\" alt=\"\" srcset=\"https:\/\/edensol.eu\/wp-content\/uploads\/jj-ying-8bghKxNU1j0-unsplash-1024x768.jpg 1024w, https:\/\/edensol.eu\/wp-content\/uploads\/jj-ying-8bghKxNU1j0-unsplash-300x225.jpg 300w, https:\/\/edensol.eu\/wp-content\/uploads\/jj-ying-8bghKxNU1j0-unsplash-768x576.jpg 768w, https:\/\/edensol.eu\/wp-content\/uploads\/jj-ying-8bghKxNU1j0-unsplash-1536x1152.jpg 1536w, https:\/\/edensol.eu\/wp-content\/uploads\/jj-ying-8bghKxNU1j0-unsplash.jpg 1920w\" sizes=\"(max-width: 800px) 100vw, 800px\" \/>\t\t\t\t\t\t\t\t\t\t\t\t\t\t\t<\/div>\n\t\t\t\t<\/div>\n\t\t<div class=\"elementor-element elementor-element-b0d745e e-con-full e-flex e-con e-child\" data-id=\"b0d745e\" data-element_type=\"container\" data-e-type=\"container\" data-settings=\"{&quot;jet_parallax_layout_list&quot;:[],&quot;_ha_eqh_enable&quot;:false}\">\n\t\t\t\t<div class=\"elementor-element elementor-element-0187380 elementor-invisible elementor-widget elementor-widget-heading\" data-id=\"0187380\" data-element_type=\"widget\" data-e-type=\"widget\" data-settings=\"{&quot;_animation&quot;:&quot;fadeIn&quot;,&quot;_animation_delay&quot;:100}\" data-widget_type=\"heading.default\">\n\t\t\t\t<div class=\"elementor-widget-container\">\n\t\t\t\t\t<h2 class=\"elementor-heading-title elementor-size-default\">Preguntes freq\u00fcents<\/h2>\t\t\t\t<\/div>\n\t\t\t\t<\/div>\n\t\t\t\t<div class=\"elementor-element elementor-element-0f815c4 elementor-invisible elementor-widget elementor-widget-text-editor\" data-id=\"0f815c4\" data-element_type=\"widget\" data-e-type=\"widget\" data-settings=\"{&quot;_animation&quot;:&quot;fadeIn&quot;,&quot;_animation_delay&quot;:400}\" data-widget_type=\"text-editor.default\">\n\t\t\t\t<div class=\"elementor-widget-container\">\n\t\t\t\t\t\t\t\t\t<p>Algunes de les preguntes freq\u00fcents sobre els nostres productes d&#8217;infraestructures inform\u00e0tiques:<\/p>\t\t\t\t\t\t\t\t<\/div>\n\t\t\t\t<\/div>\n\t\t\t\t<div class=\"elementor-element elementor-element-80d2b7a elementor-invisible elementor-widget elementor-widget-eael-adv-accordion\" data-id=\"80d2b7a\" data-element_type=\"widget\" data-e-type=\"widget\" data-settings=\"{&quot;_animation&quot;:&quot;fadeIn&quot;,&quot;_animation_delay&quot;:600}\" data-widget_type=\"eael-adv-accordion.default\">\n\t\t\t\t<div class=\"elementor-widget-container\">\n\t\t\t\t\t            <div class=\"eael-adv-accordion\" id=\"eael-adv-accordion-80d2b7a\" data-scroll-on-click=\"no\" data-scroll-speed=\"300\" data-accordion-id=\"80d2b7a\" data-accordion-type=\"accordion\" data-toogle-speed=\"300\">\n            <div class=\"eael-accordion-list\">\n\t\t\t\t\t<div id=\"qu-inclou-una-infraestructura-informtica-completa-per-a-empreses\" class=\"elementor-tab-title eael-accordion-header\" tabindex=\"0\" data-tab=\"1\" aria-controls=\"elementor-tab-content-1351\"><span class=\"eael-advanced-accordion-icon-closed\"><i aria-hidden=\"true\" class=\"fa-accordion-icon fas fa-plus\"><\/i><\/span><span class=\"eael-advanced-accordion-icon-opened\"><i aria-hidden=\"true\" class=\"fa-accordion-icon fas fa-minus\"><\/i><\/span><span class=\"eael-accordion-tab-title\">Qu\u00e8 inclou una infraestructura inform\u00e0tica completa per a empreses?<\/span><i aria-hidden=\"true\" class=\"fa-toggle fas fa-angle-right\"><\/i><\/div><div id=\"elementor-tab-content-1351\" class=\"eael-accordion-content clearfix\" data-tab=\"1\" aria-labelledby=\"qu-inclou-una-infraestructura-informtica-completa-per-a-empreses\"><p>Inclou servidors, emmagatzematge, xarxes internes i sistemes de seguretat. A Trokilt oferim solucions personalitzades segons les necessitats de cada negoci.<\/p><\/div>\n\t\t\t\t\t<\/div><div class=\"eael-accordion-list\">\n\t\t\t\t\t<div id=\"puc-escalar-la-meva-infraestructura-informtica-si-la-meva-empresa-creix\" class=\"elementor-tab-title eael-accordion-header\" tabindex=\"0\" data-tab=\"2\" aria-controls=\"elementor-tab-content-1352\"><span class=\"eael-advanced-accordion-icon-closed\"><i aria-hidden=\"true\" class=\"fa-accordion-icon fas fa-plus\"><\/i><\/span><span class=\"eael-advanced-accordion-icon-opened\"><i aria-hidden=\"true\" class=\"fa-accordion-icon fas fa-minus\"><\/i><\/span><span class=\"eael-accordion-tab-title\">Puc escalar la meva infraestructura inform\u00e0tica si la meva empresa creix?<\/span><i aria-hidden=\"true\" class=\"fa-toggle fas fa-angle-right\"><\/i><\/div><div id=\"elementor-tab-content-1352\" class=\"eael-accordion-content clearfix\" data-tab=\"2\" aria-labelledby=\"puc-escalar-la-meva-infraestructura-informtica-si-la-meva-empresa-creix\"><p><span>S\u00ed. Dissenyem infraestructures\u00a0<\/span><strong><span>escalables<\/span><\/strong><span>\u00a0, preparades per cr\u00e9ixer amb tu sense necessitat de canvis dr\u00e0stics ni inversions innecess\u00e0ries.<\/span><\/p><\/div>\n\t\t\t\t\t<\/div><div class=\"eael-accordion-list\">\n\t\t\t\t\t<div id=\"com-sabr-si-la-meva-infraestructura-actual-s-segura-o-suficient\" class=\"elementor-tab-title eael-accordion-header\" tabindex=\"0\" data-tab=\"3\" aria-controls=\"elementor-tab-content-1353\"><span class=\"eael-advanced-accordion-icon-closed\"><i aria-hidden=\"true\" class=\"fa-accordion-icon fas fa-plus\"><\/i><\/span><span class=\"eael-advanced-accordion-icon-opened\"><i aria-hidden=\"true\" class=\"fa-accordion-icon fas fa-minus\"><\/i><\/span><span class=\"eael-accordion-tab-title\">Com sabr\u00e9 si la meva infraestructura actual \u00e9s segura o suficient?<\/span><i aria-hidden=\"true\" class=\"fa-toggle fas fa-angle-right\"><\/i><\/div><div id=\"elementor-tab-content-1353\" class=\"eael-accordion-content clearfix\" data-tab=\"3\" aria-labelledby=\"com-sabr-si-la-meva-infraestructura-actual-s-segura-o-suficient\"><p><span>Realitzem una an\u00e0lisi t\u00e8cnica per avaluar la teva situaci\u00f3 actual i proposar-te millores en\u00a0<\/span><strong><span>rendiment, seguretat i efici\u00e8ncia<\/span><\/strong><span>.<\/span><\/p><\/div>\n\t\t\t\t\t<\/div><\/div>\t\t\t\t<\/div>\n\t\t\t\t<\/div>\n\t\t\t\t<\/div>\n\t\t\t\t\t<\/div>\n\t\t\t\t<\/div>\n\t\t\t\t<\/div>\n\t\t","protected":false},"excerpt":{"rendered":"<p>Infraestructures inform\u00e0tiques per a empreses Soluciones tecnol\u00f3gicas robustas para entornos empresariales exigentes en Tarragona Qu\u00e8 ofereix aquest producte? Les\u00a0infraestructures inform\u00e0tiques\u00a0\u00a0s\u00f3n la base tecnol\u00f2gica de qualsevol empresa. Inclouen el\u00a0maquinari\u00a0, el\u00a0programari\u00a0i tots els\u00a0dispositius\u00a0necessaris per garantir el funcionament correcte dels sistemes inform\u00e0tics. A Edensol dissenyem i implementem infraestructures que permeten a les empreses treballar de forma segura, estable [&hellip;]<\/p>\n","protected":false},"author":9,"featured_media":0,"parent":0,"menu_order":0,"comment_status":"closed","ping_status":"closed","template":"elementor_header_footer","meta":{"footnotes":""},"class_list":["post-3789","page","type-page","status-publish","hentry"],"_links":{"self":[{"href":"https:\/\/edensol.eu\/ca\/wp-json\/wp\/v2\/pages\/3789","targetHints":{"allow":["GET"]}}],"collection":[{"href":"https:\/\/edensol.eu\/ca\/wp-json\/wp\/v2\/pages"}],"about":[{"href":"https:\/\/edensol.eu\/ca\/wp-json\/wp\/v2\/types\/page"}],"author":[{"embeddable":true,"href":"https:\/\/edensol.eu\/ca\/wp-json\/wp\/v2\/users\/9"}],"replies":[{"embeddable":true,"href":"https:\/\/edensol.eu\/ca\/wp-json\/wp\/v2\/comments?post=3789"}],"version-history":[{"count":8,"href":"https:\/\/edensol.eu\/ca\/wp-json\/wp\/v2\/pages\/3789\/revisions"}],"predecessor-version":[{"id":4044,"href":"https:\/\/edensol.eu\/ca\/wp-json\/wp\/v2\/pages\/3789\/revisions\/4044"}],"wp:attachment":[{"href":"https:\/\/edensol.eu\/ca\/wp-json\/wp\/v2\/media?parent=3789"}],"curies":[{"name":"wp","href":"https:\/\/api.w.org\/{rel}","templated":true}]}}