{"id":3612,"date":"2025-08-12T12:53:39","date_gmt":"2025-08-12T12:53:39","guid":{"rendered":"https:\/\/edensol.eu\/?page_id=3612"},"modified":"2025-08-12T14:03:42","modified_gmt":"2025-08-12T14:03:42","slug":"xarxes-i-comunicacions-per-a-empreses","status":"publish","type":"page","link":"https:\/\/edensol.eu\/ca\/xarxes-i-comunicacions-per-a-empreses","title":{"rendered":"Xarxes i comunicacions per a empreses"},"content":{"rendered":"\t\t<div data-elementor-type=\"wp-page\" data-elementor-id=\"3612\" class=\"elementor elementor-3612 elementor-3412\" data-elementor-settings=\"{&quot;ha_cmc_init_switcher&quot;:&quot;no&quot;}\" data-elementor-post-type=\"page\">\n\t\t\t\t<div class=\"elementor-element elementor-element-9350cd1 e-flex e-con-boxed e-con e-parent\" data-id=\"9350cd1\" data-element_type=\"container\" data-e-type=\"container\" data-settings=\"{&quot;background_background&quot;:&quot;classic&quot;,&quot;jet_parallax_layout_list&quot;:[],&quot;_ha_eqh_enable&quot;:false}\">\n\t\t\t\t\t<div class=\"e-con-inner\">\n\t\t\t\t<div class=\"elementor-element elementor-element-9ff803b elementor-invisible elementor-widget elementor-widget-heading\" data-id=\"9ff803b\" data-element_type=\"widget\" data-e-type=\"widget\" data-settings=\"{&quot;_animation&quot;:&quot;fadeIn&quot;}\" data-widget_type=\"heading.default\">\n\t\t\t\t<div class=\"elementor-widget-container\">\n\t\t\t\t\t<h2 class=\"elementor-heading-title elementor-size-default\"><span style=\"font-weight:700\">Xarxes i comunicacions<\/span><span style=\"color:#ffffff\"> per a empreses a Tarragona<\/span><\/h2>\t\t\t\t<\/div>\n\t\t\t\t<\/div>\n\t\t\t\t<div class=\"elementor-element elementor-element-b3234fd elementor-invisible elementor-widget elementor-widget-text-editor\" data-id=\"b3234fd\" data-element_type=\"widget\" data-e-type=\"widget\" data-settings=\"{&quot;_animation&quot;:&quot;fadeIn&quot;,&quot;_animation_delay&quot;:200}\" data-widget_type=\"text-editor.default\">\n\t\t\t\t<div class=\"elementor-widget-container\">\n\t\t\t\t\t\t\t\t\t<p><strong>Connectivitat segura i estable per a la teva infraestructura tecnol\u00f2gica<\/strong><\/p>\t\t\t\t\t\t\t\t<\/div>\n\t\t\t\t<\/div>\n\t\t\t\t\t<\/div>\n\t\t\t\t<\/div>\n\t\t<div class=\"elementor-element elementor-element-f91f24a e-flex e-con-boxed e-con e-parent\" data-id=\"f91f24a\" data-element_type=\"container\" data-e-type=\"container\" data-settings=\"{&quot;jet_parallax_layout_list&quot;:[],&quot;_ha_eqh_enable&quot;:false}\">\n\t\t\t\t\t<div class=\"e-con-inner\">\n\t\t<div class=\"elementor-element elementor-element-73af402 e-con-full e-flex e-con e-child\" data-id=\"73af402\" data-element_type=\"container\" data-e-type=\"container\" data-settings=\"{&quot;jet_parallax_layout_list&quot;:[],&quot;_ha_eqh_enable&quot;:false}\">\n\t\t\t\t<div class=\"elementor-element elementor-element-1629d5f elementor-invisible elementor-widget elementor-widget-heading\" data-id=\"1629d5f\" data-element_type=\"widget\" data-e-type=\"widget\" data-settings=\"{&quot;_animation&quot;:&quot;fadeIn&quot;,&quot;_animation_delay&quot;:100}\" data-widget_type=\"heading.default\">\n\t\t\t\t<div class=\"elementor-widget-container\">\n\t\t\t\t\t<h2 class=\"elementor-heading-title elementor-size-default\">Qu\u00e8 ofereix aquest servei?<\/h2>\t\t\t\t<\/div>\n\t\t\t\t<\/div>\n\t\t\t\t<div class=\"elementor-element elementor-element-9cd3487 elementor-invisible elementor-widget elementor-widget-text-editor\" data-id=\"9cd3487\" data-element_type=\"widget\" data-e-type=\"widget\" data-settings=\"{&quot;_animation&quot;:&quot;fadeIn&quot;,&quot;_animation_delay&quot;:200}\" data-widget_type=\"text-editor.default\">\n\t\t\t\t<div class=\"elementor-widget-container\">\n\t\t\t\t\t\t\t\t\t<div class=\"elementor-element elementor-element-d8b412a elementor-widget elementor-widget-text-editor\" data-id=\"d8b412a\" data-element_type=\"widget\" data-widget_type=\"text-editor.default\"><p data-start=\"153\" data-end=\"382\"><span><span class=\"\">Prioritzem la <\/span><\/span><strong data-start=\"183\" data-end=\"201\"><span><span class=\"\">ciberseguretat<\/span><\/span><\/strong><span><span class=\"\">\u00a0com a eix fonamental per protegir les dades de la teva empresa davant d&#8217;amenaces digitals cada vegada m\u00e9s freq\u00fcents, com ara\u00a0<\/span><\/span><strong data-start=\"319\" data-end=\"381\"><span><span class=\"\">atacs inform\u00e0tics, ransomware o p\u00e8rdues d&#8217;informaci\u00f3<\/span><\/span><\/strong><span><span class=\"\">\u00a0.<\/span><\/span><\/p><p data-start=\"110\" data-end=\"311\"><span>Amb el nostre servei de\u00a0<\/span><strong data-start=\"134\" data-end=\"161\"><span>manteniment proactiu<\/span><\/strong><span>\u00a0, supervisem en\u00a0<\/span><strong data-start=\"179\" data-end=\"194\"><span>temps real<\/span><\/strong><span>\u00a0l&#8217;estat de la vostra infraestructura IT.\u00a0<\/span><strong data-start=\"231\" data-end=\"274\"><span>Detectem i solucionem els problemes<\/span><\/strong><span>\u00a0abans que afectin la teva activitat.<\/span><\/p><p data-start=\"313\" data-end=\"438\" data-is-last-node=\"\" data-is-only-node=\"\"><span>El nostre objectiu \u00e9s que la teva empresa funcioni\u00a0<\/span><strong data-start=\"357\" data-end=\"379\"><span>sense interrupcions<\/span><\/strong><span>\u00a0, amb sistemes\u00a0<\/span><strong data-start=\"394\" data-end=\"410\"><span>actualitzats<\/span><\/strong><span>\u00a0,\u00a0<\/span><strong data-start=\"412\" data-end=\"423\"><span>segurs<\/span><\/strong><span>\u00a0i\u00a0<\/span><strong data-start=\"426\" data-end=\"437\"><span>r\u00e0pids<\/span><\/strong><span>\u00a0.<\/span><\/p><\/div><div class=\"elementor-element elementor-element-a9bd199 elementor-widget elementor-widget-text-editor\" data-id=\"a9bd199\" data-element_type=\"widget\" data-widget_type=\"text-editor.default\"><p><span>Hi ha 3 principals beneficis:<\/span><\/p><ul><li>M\u00e0xima velocitat i cobertura a tota la infraestructura<\/li><li>Xarxes protegides contra intrusions i saturacions<\/li><li>Disseny estable per a futures ampliacions<\/li><\/ul><\/div>\t\t\t\t\t\t\t\t<\/div>\n\t\t\t\t<\/div>\n\t\t\t\t<\/div>\n\t\t<div class=\"elementor-element elementor-element-d70fb4b e-con-full e-flex elementor-invisible e-con e-child\" data-id=\"d70fb4b\" data-element_type=\"container\" data-e-type=\"container\" data-settings=\"{&quot;background_background&quot;:&quot;classic&quot;,&quot;jet_parallax_layout_list&quot;:[],&quot;animation&quot;:&quot;fadeIn&quot;,&quot;animation_delay&quot;:200,&quot;_ha_eqh_enable&quot;:false}\">\n\t\t\t\t<div class=\"elementor-element elementor-element-ad028b6 elementor-widget elementor-widget-image\" data-id=\"ad028b6\" data-element_type=\"widget\" data-e-type=\"widget\" data-settings=\"{&quot;_animation&quot;:&quot;none&quot;}\" data-widget_type=\"image.default\">\n\t\t\t\t<div class=\"elementor-widget-container\">\n\t\t\t\t\t\t\t\t\t\t\t\t\t\t\t<img fetchpriority=\"high\" decoding=\"async\" width=\"1920\" height=\"1280\" src=\"https:\/\/edensol.eu\/wp-content\/uploads\/pawel-czerwinski-Z04h2XjQpWY-unsplash.jpg\" class=\"attachment-full size-full wp-image-3430\" alt=\"\" srcset=\"https:\/\/edensol.eu\/wp-content\/uploads\/pawel-czerwinski-Z04h2XjQpWY-unsplash.jpg 1920w, https:\/\/edensol.eu\/wp-content\/uploads\/pawel-czerwinski-Z04h2XjQpWY-unsplash-300x200.jpg 300w, https:\/\/edensol.eu\/wp-content\/uploads\/pawel-czerwinski-Z04h2XjQpWY-unsplash-1024x683.jpg 1024w, https:\/\/edensol.eu\/wp-content\/uploads\/pawel-czerwinski-Z04h2XjQpWY-unsplash-768x512.jpg 768w, https:\/\/edensol.eu\/wp-content\/uploads\/pawel-czerwinski-Z04h2XjQpWY-unsplash-1536x1024.jpg 1536w\" sizes=\"(max-width: 1920px) 100vw, 1920px\" \/>\t\t\t\t\t\t\t\t\t\t\t\t\t\t\t<\/div>\n\t\t\t\t<\/div>\n\t\t\t\t<div class=\"elementor-element elementor-element-113b771 elementor-invisible elementor-widget elementor-widget-image\" data-id=\"113b771\" data-element_type=\"widget\" data-e-type=\"widget\" data-settings=\"{&quot;_animation&quot;:&quot;fadeInUp&quot;}\" data-widget_type=\"image.default\">\n\t\t\t\t<div class=\"elementor-widget-container\">\n\t\t\t\t\t\t\t\t\t\t\t\t\t\t\t<img decoding=\"async\" width=\"1284\" height=\"1283\" src=\"https:\/\/edensol.eu\/wp-content\/uploads\/graphic-1-1.png\" class=\"attachment-full size-full wp-image-1161\" alt=\"\" srcset=\"https:\/\/edensol.eu\/wp-content\/uploads\/graphic-1-1.png 1284w, https:\/\/edensol.eu\/wp-content\/uploads\/graphic-1-1-300x300.png 300w, https:\/\/edensol.eu\/wp-content\/uploads\/graphic-1-1-1024x1024.png 1024w, https:\/\/edensol.eu\/wp-content\/uploads\/graphic-1-1-150x150.png 150w, https:\/\/edensol.eu\/wp-content\/uploads\/graphic-1-1-768x767.png 768w\" sizes=\"(max-width: 1284px) 100vw, 1284px\" \/>\t\t\t\t\t\t\t\t\t\t\t\t\t\t\t<\/div>\n\t\t\t\t<\/div>\n\t\t\t\t<\/div>\n\t\t\t\t\t<\/div>\n\t\t\t\t<\/div>\n\t\t<div class=\"elementor-element elementor-element-6227a13 e-flex e-con-boxed e-con e-parent\" data-id=\"6227a13\" data-element_type=\"container\" data-e-type=\"container\" data-settings=\"{&quot;jet_parallax_layout_list&quot;:[],&quot;_ha_eqh_enable&quot;:false}\">\n\t\t\t\t\t<div class=\"e-con-inner\">\n\t\t\t\t<div class=\"elementor-element elementor-element-e2280e3 elementor-invisible elementor-widget elementor-widget-image\" data-id=\"e2280e3\" data-element_type=\"widget\" data-e-type=\"widget\" data-settings=\"{&quot;_animation&quot;:&quot;fadeIn&quot;}\" data-widget_type=\"image.default\">\n\t\t\t\t<div class=\"elementor-widget-container\">\n\t\t\t\t\t\t\t\t\t\t\t\t\t\t\t<img decoding=\"async\" width=\"800\" height=\"450\" src=\"https:\/\/edensol.eu\/wp-content\/uploads\/luke-jones-tBvF46kmwBw-unsplash-1024x576.jpg\" class=\"attachment-large size-large wp-image-3427\" alt=\"\" srcset=\"https:\/\/edensol.eu\/wp-content\/uploads\/luke-jones-tBvF46kmwBw-unsplash-1024x576.jpg 1024w, https:\/\/edensol.eu\/wp-content\/uploads\/luke-jones-tBvF46kmwBw-unsplash-300x169.jpg 300w, https:\/\/edensol.eu\/wp-content\/uploads\/luke-jones-tBvF46kmwBw-unsplash-768x432.jpg 768w, https:\/\/edensol.eu\/wp-content\/uploads\/luke-jones-tBvF46kmwBw-unsplash-1536x864.jpg 1536w, https:\/\/edensol.eu\/wp-content\/uploads\/luke-jones-tBvF46kmwBw-unsplash.jpg 1920w\" sizes=\"(max-width: 800px) 100vw, 800px\" \/>\t\t\t\t\t\t\t\t\t\t\t\t\t\t\t<\/div>\n\t\t\t\t<\/div>\n\t\t<div class=\"elementor-element elementor-element-b0d745e e-con-full e-flex e-con e-child\" data-id=\"b0d745e\" data-element_type=\"container\" data-e-type=\"container\" data-settings=\"{&quot;jet_parallax_layout_list&quot;:[],&quot;_ha_eqh_enable&quot;:false}\">\n\t\t\t\t<div class=\"elementor-element elementor-element-0187380 elementor-invisible elementor-widget elementor-widget-heading\" data-id=\"0187380\" data-element_type=\"widget\" data-e-type=\"widget\" data-settings=\"{&quot;_animation&quot;:&quot;fadeIn&quot;,&quot;_animation_delay&quot;:100}\" data-widget_type=\"heading.default\">\n\t\t\t\t<div class=\"elementor-widget-container\">\n\t\t\t\t\t<h2 class=\"elementor-heading-title elementor-size-default\">Preguntes freq\u00fcents<\/h2>\t\t\t\t<\/div>\n\t\t\t\t<\/div>\n\t\t\t\t<div class=\"elementor-element elementor-element-0f815c4 elementor-invisible elementor-widget elementor-widget-text-editor\" data-id=\"0f815c4\" data-element_type=\"widget\" data-e-type=\"widget\" data-settings=\"{&quot;_animation&quot;:&quot;fadeIn&quot;,&quot;_animation_delay&quot;:400}\" data-widget_type=\"text-editor.default\">\n\t\t\t\t<div class=\"elementor-widget-container\">\n\t\t\t\t\t\t\t\t\t<p>Algunes de les preguntes freq\u00fcents sobre els nostres serveis a xarxes i comunicacions:<\/p>\t\t\t\t\t\t\t\t<\/div>\n\t\t\t\t<\/div>\n\t\t\t\t<div class=\"elementor-element elementor-element-80d2b7a elementor-invisible elementor-widget elementor-widget-eael-adv-accordion\" data-id=\"80d2b7a\" data-element_type=\"widget\" data-e-type=\"widget\" data-settings=\"{&quot;_animation&quot;:&quot;fadeIn&quot;,&quot;_animation_delay&quot;:600}\" data-widget_type=\"eael-adv-accordion.default\">\n\t\t\t\t<div class=\"elementor-widget-container\">\n\t\t\t\t\t            <div class=\"eael-adv-accordion\" id=\"eael-adv-accordion-80d2b7a\" data-scroll-on-click=\"no\" data-scroll-speed=\"300\" data-accordion-id=\"80d2b7a\" data-accordion-type=\"accordion\" data-toogle-speed=\"300\">\n            <div class=\"eael-accordion-list\">\n\t\t\t\t\t<div id=\"installeu-xarxes-cablejades-i-wifi\" class=\"elementor-tab-title eael-accordion-header\" tabindex=\"0\" data-tab=\"1\" aria-controls=\"elementor-tab-content-1351\"><span class=\"eael-advanced-accordion-icon-closed\"><i aria-hidden=\"true\" class=\"fa-accordion-icon fas fa-plus\"><\/i><\/span><span class=\"eael-advanced-accordion-icon-opened\"><i aria-hidden=\"true\" class=\"fa-accordion-icon fas fa-minus\"><\/i><\/span><span class=\"eael-accordion-tab-title\">Instal\u00b7leu xarxes cablejades i wifi?<\/span><i aria-hidden=\"true\" class=\"fa-toggle fas fa-angle-right\"><\/i><\/div><div id=\"elementor-tab-content-1351\" class=\"eael-accordion-content clearfix\" data-tab=\"1\" aria-labelledby=\"installeu-xarxes-cablejades-i-wifi\"><p>S\u00ed, dissenyem i instal\u00b7lem xarxes segures i eficients, adaptades a cada entorn.<\/p><\/div>\n\t\t\t\t\t<\/div><div class=\"eael-accordion-list\">\n\t\t\t\t\t<div id=\"com-eviteu-talls-de-connexi\" class=\"elementor-tab-title eael-accordion-header\" tabindex=\"0\" data-tab=\"2\" aria-controls=\"elementor-tab-content-1352\"><span class=\"eael-advanced-accordion-icon-closed\"><i aria-hidden=\"true\" class=\"fa-accordion-icon fas fa-plus\"><\/i><\/span><span class=\"eael-advanced-accordion-icon-opened\"><i aria-hidden=\"true\" class=\"fa-accordion-icon fas fa-minus\"><\/i><\/span><span class=\"eael-accordion-tab-title\">Com eviteu talls de connexi\u00f3?<\/span><i aria-hidden=\"true\" class=\"fa-toggle fas fa-angle-right\"><\/i><\/div><div id=\"elementor-tab-content-1352\" class=\"eael-accordion-content clearfix\" data-tab=\"2\" aria-labelledby=\"com-eviteu-talls-de-connexi\"><p>Amb monitoritzaci\u00f3 cont\u00ednua, equips fiables i configuraci\u00f3 optimitzada.<\/p><\/div>\n\t\t\t\t\t<\/div><div class=\"eael-accordion-list\">\n\t\t\t\t\t<div id=\"oferiu-suport-tcnic-si-hi-ha-errors\" class=\"elementor-tab-title eael-accordion-header\" tabindex=\"0\" data-tab=\"3\" aria-controls=\"elementor-tab-content-1353\"><span class=\"eael-advanced-accordion-icon-closed\"><i aria-hidden=\"true\" class=\"fa-accordion-icon fas fa-plus\"><\/i><\/span><span class=\"eael-advanced-accordion-icon-opened\"><i aria-hidden=\"true\" class=\"fa-accordion-icon fas fa-minus\"><\/i><\/span><span class=\"eael-accordion-tab-title\">Oferiu suport t\u00e8cnic si hi ha errors?<\/span><i aria-hidden=\"true\" class=\"fa-toggle fas fa-angle-right\"><\/i><\/div><div id=\"elementor-tab-content-1353\" class=\"eael-accordion-content clearfix\" data-tab=\"3\" aria-labelledby=\"oferiu-suport-tcnic-si-hi-ha-errors\"><p>S\u00ed, el nostre suport actua r\u00e0pidament davant de qualsevol incid\u00e8ncia.<\/p><\/div>\n\t\t\t\t\t<\/div><\/div>\t\t\t\t<\/div>\n\t\t\t\t<\/div>\n\t\t\t\t<\/div>\n\t\t\t\t\t<\/div>\n\t\t\t\t<\/div>\n\t\t\t\t<\/div>\n\t\t","protected":false},"excerpt":{"rendered":"<p>Xarxes i comunicacions per a empreses a Tarragona Connectivitat segura i estable per a la teva infraestructura tecnol\u00f2gica Qu\u00e8 ofereix aquest servei? Prioritzem la ciberseguretat\u00a0com a eix fonamental per protegir les dades de la teva empresa davant d&#8217;amenaces digitals cada vegada m\u00e9s freq\u00fcents, com ara\u00a0atacs inform\u00e0tics, ransomware o p\u00e8rdues d&#8217;informaci\u00f3\u00a0. Amb el nostre servei de\u00a0manteniment [&hellip;]<\/p>\n","protected":false},"author":9,"featured_media":0,"parent":0,"menu_order":0,"comment_status":"closed","ping_status":"closed","template":"elementor_header_footer","meta":{"footnotes":""},"class_list":["post-3612","page","type-page","status-publish","hentry"],"_links":{"self":[{"href":"https:\/\/edensol.eu\/ca\/wp-json\/wp\/v2\/pages\/3612","targetHints":{"allow":["GET"]}}],"collection":[{"href":"https:\/\/edensol.eu\/ca\/wp-json\/wp\/v2\/pages"}],"about":[{"href":"https:\/\/edensol.eu\/ca\/wp-json\/wp\/v2\/types\/page"}],"author":[{"embeddable":true,"href":"https:\/\/edensol.eu\/ca\/wp-json\/wp\/v2\/users\/9"}],"replies":[{"embeddable":true,"href":"https:\/\/edensol.eu\/ca\/wp-json\/wp\/v2\/comments?post=3612"}],"version-history":[{"count":4,"href":"https:\/\/edensol.eu\/ca\/wp-json\/wp\/v2\/pages\/3612\/revisions"}],"predecessor-version":[{"id":3616,"href":"https:\/\/edensol.eu\/ca\/wp-json\/wp\/v2\/pages\/3612\/revisions\/3616"}],"wp:attachment":[{"href":"https:\/\/edensol.eu\/ca\/wp-json\/wp\/v2\/media?parent=3612"}],"curies":[{"name":"wp","href":"https:\/\/api.w.org\/{rel}","templated":true}]}}