{"id":3531,"date":"2025-08-12T10:40:52","date_gmt":"2025-08-12T10:40:52","guid":{"rendered":"https:\/\/edensol.eu\/?page_id=3531"},"modified":"2025-08-12T13:52:49","modified_gmt":"2025-08-12T13:52:49","slug":"ciberseguretat-i-proteccio-de-dades","status":"publish","type":"page","link":"https:\/\/edensol.eu\/ca\/ciberseguretat-i-proteccio-de-dades","title":{"rendered":"Ciberseguretat i protecci\u00f3 de dades"},"content":{"rendered":"\t\t<div data-elementor-type=\"wp-page\" data-elementor-id=\"3531\" class=\"elementor elementor-3531 elementor-3285\" data-elementor-settings=\"{&quot;ha_cmc_init_switcher&quot;:&quot;no&quot;}\" data-elementor-post-type=\"page\">\n\t\t\t\t<div class=\"elementor-element elementor-element-9350cd1 e-flex e-con-boxed e-con e-parent\" data-id=\"9350cd1\" data-element_type=\"container\" data-e-type=\"container\" data-settings=\"{&quot;background_background&quot;:&quot;classic&quot;,&quot;jet_parallax_layout_list&quot;:[],&quot;_ha_eqh_enable&quot;:false}\">\n\t\t\t\t\t<div class=\"e-con-inner\">\n\t\t\t\t<div class=\"elementor-element elementor-element-9ff803b elementor-invisible elementor-widget elementor-widget-heading\" data-id=\"9ff803b\" data-element_type=\"widget\" data-e-type=\"widget\" data-settings=\"{&quot;_animation&quot;:&quot;fadeIn&quot;}\" data-widget_type=\"heading.default\">\n\t\t\t\t<div class=\"elementor-widget-container\">\n\t\t\t\t\t<h2 class=\"elementor-heading-title elementor-size-default\"><span style=\"font-weight:700\">Ciberseguretat i protecci\u00f3<\/span><span style=\"color:#ffffff\"> de dades a Tarragona<\/span><\/h2>\t\t\t\t<\/div>\n\t\t\t\t<\/div>\n\t\t\t\t<div class=\"elementor-element elementor-element-b3234fd elementor-invisible elementor-widget elementor-widget-text-editor\" data-id=\"b3234fd\" data-element_type=\"widget\" data-e-type=\"widget\" data-settings=\"{&quot;_animation&quot;:&quot;fadeIn&quot;,&quot;_animation_delay&quot;:200}\" data-widget_type=\"text-editor.default\">\n\t\t\t\t<div class=\"elementor-widget-container\">\n\t\t\t\t\t\t\t\t\t<p><strong>Protecci\u00f3 integral pels teus sistemes, dades i comunicacions<\/strong><\/p>\t\t\t\t\t\t\t\t<\/div>\n\t\t\t\t<\/div>\n\t\t\t\t\t<\/div>\n\t\t\t\t<\/div>\n\t\t<div class=\"elementor-element elementor-element-f91f24a e-flex e-con-boxed e-con e-parent\" data-id=\"f91f24a\" data-element_type=\"container\" data-e-type=\"container\" data-settings=\"{&quot;jet_parallax_layout_list&quot;:[],&quot;_ha_eqh_enable&quot;:false}\">\n\t\t\t\t\t<div class=\"e-con-inner\">\n\t\t<div class=\"elementor-element elementor-element-73af402 e-con-full e-flex e-con e-child\" data-id=\"73af402\" data-element_type=\"container\" data-e-type=\"container\" data-settings=\"{&quot;jet_parallax_layout_list&quot;:[],&quot;_ha_eqh_enable&quot;:false}\">\n\t\t\t\t<div class=\"elementor-element elementor-element-1629d5f elementor-invisible elementor-widget elementor-widget-heading\" data-id=\"1629d5f\" data-element_type=\"widget\" data-e-type=\"widget\" data-settings=\"{&quot;_animation&quot;:&quot;fadeIn&quot;,&quot;_animation_delay&quot;:100}\" data-widget_type=\"heading.default\">\n\t\t\t\t<div class=\"elementor-widget-container\">\n\t\t\t\t\t<h2 class=\"elementor-heading-title elementor-size-default\">Qu\u00e8 ofereix aquest servei?<\/h2>\t\t\t\t<\/div>\n\t\t\t\t<\/div>\n\t\t\t\t<div class=\"elementor-element elementor-element-9cd3487 elementor-invisible elementor-widget elementor-widget-text-editor\" data-id=\"9cd3487\" data-element_type=\"widget\" data-e-type=\"widget\" data-settings=\"{&quot;_animation&quot;:&quot;fadeIn&quot;,&quot;_animation_delay&quot;:200}\" data-widget_type=\"text-editor.default\">\n\t\t\t\t<div class=\"elementor-widget-container\">\n\t\t\t\t\t\t\t\t\t<div class=\"elementor-element elementor-element-54eab5e elementor-widget elementor-widget-text-editor\" data-id=\"54eab5e\" data-element_type=\"widget\" data-widget_type=\"text-editor.default\"><div class=\"elementor-element elementor-element-54eab5e elementor-widget elementor-widget-text-editor\" data-id=\"54eab5e\" data-element_type=\"widget\" data-widget_type=\"text-editor.default\"><div class=\"elementor-element elementor-element-54eab5e elementor-widget elementor-widget-text-editor\" data-id=\"54eab5e\" data-element_type=\"widget\" data-widget_type=\"text-editor.default\"><p data-start=\"153\" data-end=\"382\"><span><span class=\"\">La <\/span><\/span><strong data-start=\"183\" data-end=\"201\"><span><span class=\"\">ciberseguretat<\/span><\/span><\/strong><span><span class=\"\"> es un eix fonamental per protegir les dades de la teva empresa davant d&#8217;amenaces digitals cada vegada m\u00e9s freq\u00fcents, com ara <\/span><\/span><strong data-start=\"319\" data-end=\"381\"><span><span class=\"\">atacs inform\u00e0tics, ransomware o p\u00e8rdues d&#8217;informaci\u00f3<\/span><\/span><\/strong><span><span class=\"\">\u00a0.<\/span><\/span><\/p><p data-start=\"384\" data-end=\"673\"><span>Oferim un\u00a0<\/span><strong data-start=\"397\" data-end=\"430\"><span>sistema integral de seguretat<\/span><\/strong><span>\u00a0adaptat a les necessitats del teu negoci, que inclou\u00a0<\/span><strong data-start=\"485\" data-end=\"588\"><span>tallafocs, antivirus professionals, actualitzacions cont\u00ednues i c\u00f2pies de seguretat automatitzades<\/span><\/strong><span>\u00a0. Tot plegat amb l&#8217;objectiu de garantir la\u00a0<\/span><strong data-start=\"633\" data-end=\"658\"><span>continu\u00eftat operativa<\/span><\/strong><span>\u00a0sense sorpreses.<\/span><\/p><\/div><div class=\"elementor-element elementor-element-9dd7041 elementor-widget elementor-widget-text-editor\" data-id=\"9dd7041\" data-element_type=\"widget\" data-widget_type=\"text-editor.default\"><p><span>Hi ha 3 principals beneficis:<\/span><\/p><ul><li>Prevenci\u00f3 d&#8217;intrusions i accessos no autoritzats<\/li><li>Recuperaci\u00f3 r\u00e0pida davant d&#8217;incidents<\/li><li>Reducci\u00f3 del risc empresarial digital<\/li><\/ul><\/div><\/div><\/div>\t\t\t\t\t\t\t\t<\/div>\n\t\t\t\t<\/div>\n\t\t\t\t<\/div>\n\t\t<div class=\"elementor-element elementor-element-d70fb4b e-con-full e-flex elementor-invisible e-con e-child\" data-id=\"d70fb4b\" data-element_type=\"container\" data-e-type=\"container\" data-settings=\"{&quot;background_background&quot;:&quot;classic&quot;,&quot;jet_parallax_layout_list&quot;:[],&quot;animation&quot;:&quot;fadeIn&quot;,&quot;animation_delay&quot;:200,&quot;_ha_eqh_enable&quot;:false}\">\n\t\t\t\t<div class=\"elementor-element elementor-element-ad028b6 elementor-widget elementor-widget-image\" data-id=\"ad028b6\" data-element_type=\"widget\" data-e-type=\"widget\" data-settings=\"{&quot;_animation&quot;:&quot;none&quot;}\" data-widget_type=\"image.default\">\n\t\t\t\t<div class=\"elementor-widget-container\">\n\t\t\t\t\t\t\t\t\t\t\t\t\t\t\t<img fetchpriority=\"high\" decoding=\"async\" width=\"1920\" height=\"1280\" src=\"https:\/\/edensol.eu\/wp-content\/uploads\/philipp-katzenberger-iIJrUoeRoCQ-unsplash.jpg\" class=\"attachment-full size-full wp-image-3352\" alt=\"\" srcset=\"https:\/\/edensol.eu\/wp-content\/uploads\/philipp-katzenberger-iIJrUoeRoCQ-unsplash.jpg 1920w, https:\/\/edensol.eu\/wp-content\/uploads\/philipp-katzenberger-iIJrUoeRoCQ-unsplash-300x200.jpg 300w, https:\/\/edensol.eu\/wp-content\/uploads\/philipp-katzenberger-iIJrUoeRoCQ-unsplash-1024x683.jpg 1024w, https:\/\/edensol.eu\/wp-content\/uploads\/philipp-katzenberger-iIJrUoeRoCQ-unsplash-768x512.jpg 768w, https:\/\/edensol.eu\/wp-content\/uploads\/philipp-katzenberger-iIJrUoeRoCQ-unsplash-1536x1024.jpg 1536w\" sizes=\"(max-width: 1920px) 100vw, 1920px\" \/>\t\t\t\t\t\t\t\t\t\t\t\t\t\t\t<\/div>\n\t\t\t\t<\/div>\n\t\t\t\t<div class=\"elementor-element elementor-element-113b771 elementor-invisible elementor-widget elementor-widget-image\" data-id=\"113b771\" data-element_type=\"widget\" data-e-type=\"widget\" data-settings=\"{&quot;_animation&quot;:&quot;fadeInUp&quot;}\" data-widget_type=\"image.default\">\n\t\t\t\t<div class=\"elementor-widget-container\">\n\t\t\t\t\t\t\t\t\t\t\t\t\t\t\t<img decoding=\"async\" width=\"1284\" height=\"1283\" src=\"https:\/\/edensol.eu\/wp-content\/uploads\/graphic-1-1.png\" class=\"attachment-full size-full wp-image-1161\" alt=\"\" srcset=\"https:\/\/edensol.eu\/wp-content\/uploads\/graphic-1-1.png 1284w, https:\/\/edensol.eu\/wp-content\/uploads\/graphic-1-1-300x300.png 300w, https:\/\/edensol.eu\/wp-content\/uploads\/graphic-1-1-1024x1024.png 1024w, https:\/\/edensol.eu\/wp-content\/uploads\/graphic-1-1-150x150.png 150w, https:\/\/edensol.eu\/wp-content\/uploads\/graphic-1-1-768x767.png 768w\" sizes=\"(max-width: 1284px) 100vw, 1284px\" \/>\t\t\t\t\t\t\t\t\t\t\t\t\t\t\t<\/div>\n\t\t\t\t<\/div>\n\t\t\t\t<\/div>\n\t\t\t\t\t<\/div>\n\t\t\t\t<\/div>\n\t\t<div class=\"elementor-element elementor-element-0a6a39f e-grid e-con-boxed e-con e-parent\" data-id=\"0a6a39f\" data-element_type=\"container\" data-e-type=\"container\" data-settings=\"{&quot;background_background&quot;:&quot;classic&quot;,&quot;jet_parallax_layout_list&quot;:[],&quot;_ha_eqh_enable&quot;:false}\">\n\t\t\t\t\t<div class=\"e-con-inner\">\n\t\t<div class=\"elementor-element elementor-element-e1bc320 e-con-full e-flex elementor-invisible e-con e-child\" data-id=\"e1bc320\" data-element_type=\"container\" data-e-type=\"container\" data-settings=\"{&quot;jet_parallax_layout_list&quot;:[],&quot;animation&quot;:&quot;fadeIn&quot;,&quot;background_background&quot;:&quot;classic&quot;,&quot;_ha_eqh_enable&quot;:false}\">\n\t\t\t\t<div class=\"elementor-element elementor-element-2487e68 elementor-view-default elementor-widget elementor-widget-icon\" data-id=\"2487e68\" data-element_type=\"widget\" data-e-type=\"widget\" data-widget_type=\"icon.default\">\n\t\t\t\t<div class=\"elementor-widget-container\">\n\t\t\t\t\t\t\t<div class=\"elementor-icon-wrapper\">\n\t\t\t<div class=\"elementor-icon\">\n\t\t\t<svg xmlns=\"http:\/\/www.w3.org\/2000\/svg\" width=\"50\" height=\"50\" viewBox=\"0 0 24 24\"><path fill=\"none\" stroke=\"#00A7F8\" stroke-linecap=\"round\" stroke-linejoin=\"round\" stroke-width=\"1.5\" d=\"M19 14H5c-1.414 0-2.121 0-2.56.44C2 14.878 2 15.585 2 17v2c0 1.414 0 2.121.44 2.56C2.878 22 3.585 22 5 22h14c1.414 0 2.121 0 2.56-.44c.44-.439.44-1.146.44-2.56v-2c0-1.414 0-2.121-.44-2.56C21.122 14 20.415 14 19 14M2 18h20m-10 0v-4m-5 8v-4m10 4v-4m1.841-7c-.287-1.194-1.005-2.36-2.466-3.4C12.437 4.8 12 2 12 2s-4.062 3.6-1.75 8c-2.1.32-3.078-2-3.304-3.2c-.97 1.29-1.74 2.736-1.91 4.2\" color=\"#00A7F8\"><\/path><\/svg>\t\t\t<\/div>\n\t\t<\/div>\n\t\t\t\t\t\t<\/div>\n\t\t\t\t<\/div>\n\t\t\t\t<div class=\"elementor-element elementor-element-58509d3 elementor-widget elementor-widget-heading\" data-id=\"58509d3\" data-element_type=\"widget\" data-e-type=\"widget\" data-widget_type=\"heading.default\">\n\t\t\t\t<div class=\"elementor-widget-container\">\n\t\t\t\t\t<h2 class=\"elementor-heading-title elementor-size-default\">Dispositius tallafocs<\/h2>\t\t\t\t<\/div>\n\t\t\t\t<\/div>\n\t\t\t\t<div class=\"elementor-element elementor-element-a5817db elementor-widget__width-initial elementor-widget elementor-widget-text-editor\" data-id=\"a5817db\" data-element_type=\"widget\" data-e-type=\"widget\" data-widget_type=\"text-editor.default\">\n\t\t\t\t<div class=\"elementor-widget-container\">\n\t\t\t\t\t\t\t\t\t<p>Actualitzacions constants de programari i sistemes per corregir vulnerabilitats i mantenir la infraestructura protegida.<\/p>\t\t\t\t\t\t\t\t<\/div>\n\t\t\t\t<\/div>\n\t\t\t\t<\/div>\n\t\t<div class=\"elementor-element elementor-element-95b67fe e-con-full e-flex elementor-invisible e-con e-child\" data-id=\"95b67fe\" data-element_type=\"container\" data-e-type=\"container\" data-settings=\"{&quot;jet_parallax_layout_list&quot;:[],&quot;animation&quot;:&quot;fadeIn&quot;,&quot;background_background&quot;:&quot;classic&quot;,&quot;_ha_eqh_enable&quot;:false}\">\n\t\t\t\t<div class=\"elementor-element elementor-element-40c8324 elementor-view-default elementor-widget elementor-widget-icon\" data-id=\"40c8324\" data-element_type=\"widget\" data-e-type=\"widget\" data-widget_type=\"icon.default\">\n\t\t\t\t<div class=\"elementor-widget-container\">\n\t\t\t\t\t\t\t<div class=\"elementor-icon-wrapper\">\n\t\t\t<div class=\"elementor-icon\">\n\t\t\t<svg xmlns=\"http:\/\/www.w3.org\/2000\/svg\" width=\"50\" height=\"50\" viewBox=\"0 0 24 24\"><path fill=\"#00A7F8\" d=\"m11 12.85l-.9.875Q9.825 14 9.413 14t-.713-.3q-.275-.275-.275-.7t.275-.7l2.6-2.6q.3-.3.7-.3t.7.3l2.6 2.6q.275.275.287.688t-.287.712q-.275.275-.687.288t-.713-.263l-.9-.875V18h5.5q1.05 0 1.775-.725T21 15.5t-.725-1.775T18.5 13H17v-2q0-2.075-1.463-3.538T12 6T8.463 7.463T7 11h-.5q-1.45 0-2.475 1.025T3 14.5t1.025 2.475T6.5 18H8q.425 0 .713.288T9 19t-.288.713T8 20H6.5q-2.275 0-3.887-1.575T1 14.575q0-1.95 1.175-3.475T5.25 9.15q.625-2.3 2.5-3.725T12 4q2.925 0 4.963 2.038T19 11q1.725.2 2.863 1.488T23 15.5q0 1.875-1.312 3.188T18.5 20H13q-.825 0-1.412-.587T11 18zm1 .15\"><\/path><\/svg>\t\t\t<\/div>\n\t\t<\/div>\n\t\t\t\t\t\t<\/div>\n\t\t\t\t<\/div>\n\t\t\t\t<div class=\"elementor-element elementor-element-8d7362b elementor-widget elementor-widget-heading\" data-id=\"8d7362b\" data-element_type=\"widget\" data-e-type=\"widget\" data-widget_type=\"heading.default\">\n\t\t\t\t<div class=\"elementor-widget-container\">\n\t\t\t\t\t<h2 class=\"elementor-heading-title elementor-size-default\">Actualitzacions de sistemes<\/h2>\t\t\t\t<\/div>\n\t\t\t\t<\/div>\n\t\t\t\t<div class=\"elementor-element elementor-element-d63b563 elementor-widget__width-initial elementor-widget elementor-widget-text-editor\" data-id=\"d63b563\" data-element_type=\"widget\" data-e-type=\"widget\" data-widget_type=\"text-editor.default\">\n\t\t\t\t<div class=\"elementor-widget-container\">\n\t\t\t\t\t\t\t\t\t<p>Substituci\u00f3 cont\u00ednua de programari antic per evitar riscos i enfortir la seguretat inform\u00e0tica.<\/p>\t\t\t\t\t\t\t\t<\/div>\n\t\t\t\t<\/div>\n\t\t\t\t<\/div>\n\t\t<div class=\"elementor-element elementor-element-27d0875 e-con-full e-flex elementor-invisible e-con e-child\" data-id=\"27d0875\" data-element_type=\"container\" data-e-type=\"container\" data-settings=\"{&quot;jet_parallax_layout_list&quot;:[],&quot;animation&quot;:&quot;fadeIn&quot;,&quot;background_background&quot;:&quot;classic&quot;,&quot;_ha_eqh_enable&quot;:false}\">\n\t\t\t\t<div class=\"elementor-element elementor-element-c6ea279 elementor-view-default elementor-widget elementor-widget-icon\" data-id=\"c6ea279\" data-element_type=\"widget\" data-e-type=\"widget\" data-widget_type=\"icon.default\">\n\t\t\t\t<div class=\"elementor-widget-container\">\n\t\t\t\t\t\t\t<div class=\"elementor-icon-wrapper\">\n\t\t\t<div class=\"elementor-icon\">\n\t\t\t<svg xmlns=\"http:\/\/www.w3.org\/2000\/svg\" width=\"50\" height=\"50\" viewBox=\"0 0 24 24\"><g fill=\"none\" stroke=\"#00A7F8\" stroke-linecap=\"round\" stroke-linejoin=\"round\" stroke-width=\"1.5\" color=\"#00A7F8\"><path d=\"m14.062 11.5l.5-.5c.441-.441.662-.662.951-.57c.29.091.336.353.427.877q.06.338.06.693a4 4 0 0 1-5.5 3.71m-.5-3.175l-.544.544c-.434.434-.652.652-.938.565c-.287-.087-.338-.344-.44-.857A4 4 0 0 1 13.5 8.291\"><\/path><path d=\"M21.011 14.097c.522-.141.783-.212.886-.346c.103-.135.103-.351.103-.784v-1.934c0-.433 0-.65-.103-.784s-.364-.205-.886-.345c-1.95-.526-3.171-2.565-2.668-4.503c.139-.533.208-.8.142-.956s-.256-.264-.635-.479l-1.725-.98c-.372-.21-.558-.316-.725-.294s-.356.21-.733.587c-1.459 1.455-3.873 1.455-5.333 0c-.377-.376-.565-.564-.732-.587c-.167-.022-.353.083-.725.295l-1.725.979c-.38.215-.57.323-.635.48c-.066.155.003.422.141.955c.503 1.938-.718 3.977-2.669 4.503c-.522.14-.783.21-.886.345S2 10.6 2 11.033v1.934c0 .433 0 .65.103.784s.364.205.886.346c1.95.526 3.171 2.565 2.668 4.502c-.139.533-.208.8-.142.956s.256.264.635.48l1.725.978c.372.212.558.317.725.295s.356-.21.733-.587c1.46-1.457 3.876-1.457 5.336 0c.377.376.565.564.732.587c.167.022.353-.083.726-.295l1.724-.979c.38-.215.57-.323.635-.48s-.003-.422-.141-.955c-.504-1.937.716-3.976 2.666-4.502\"><\/path><\/g><\/svg>\t\t\t<\/div>\n\t\t<\/div>\n\t\t\t\t\t\t<\/div>\n\t\t\t\t<\/div>\n\t\t\t\t<div class=\"elementor-element elementor-element-4e94bb5 elementor-widget elementor-widget-heading\" data-id=\"4e94bb5\" data-element_type=\"widget\" data-e-type=\"widget\" data-widget_type=\"heading.default\">\n\t\t\t\t<div class=\"elementor-widget-container\">\n\t\t\t\t\t<h2 class=\"elementor-heading-title elementor-size-default\">C\u00f2pies de seguretat<\/h2>\t\t\t\t<\/div>\n\t\t\t\t<\/div>\n\t\t\t\t<div class=\"elementor-element elementor-element-272a4d5 elementor-widget__width-initial elementor-widget elementor-widget-text-editor\" data-id=\"272a4d5\" data-element_type=\"widget\" data-e-type=\"widget\" data-widget_type=\"text-editor.default\">\n\t\t\t\t<div class=\"elementor-widget-container\">\n\t\t\t\t\t\t\t\t\t<p>C\u00f2pies de seguretat autom\u00e0tiques i segures, tant locals com al n\u00favol, per garantir la recuperaci\u00f3 de dades en cas de p\u00e8rdua.<\/p>\t\t\t\t\t\t\t\t<\/div>\n\t\t\t\t<\/div>\n\t\t\t\t<\/div>\n\t\t<div class=\"elementor-element elementor-element-8424590 e-con-full e-flex elementor-invisible e-con e-child\" data-id=\"8424590\" data-element_type=\"container\" data-e-type=\"container\" data-settings=\"{&quot;jet_parallax_layout_list&quot;:[],&quot;animation&quot;:&quot;fadeIn&quot;,&quot;background_background&quot;:&quot;classic&quot;,&quot;_ha_eqh_enable&quot;:false}\">\n\t\t\t\t<div class=\"elementor-element elementor-element-32ec2d9 elementor-view-default elementor-widget elementor-widget-icon\" data-id=\"32ec2d9\" data-element_type=\"widget\" data-e-type=\"widget\" data-widget_type=\"icon.default\">\n\t\t\t\t<div class=\"elementor-widget-container\">\n\t\t\t\t\t\t\t<div class=\"elementor-icon-wrapper\">\n\t\t\t<div class=\"elementor-icon\">\n\t\t\t<svg xmlns=\"http:\/\/www.w3.org\/2000\/svg\" width=\"50\" height=\"50\" viewBox=\"0 0 24 24\"><path fill=\"#00A7F8\" d=\"M12 22q-3.475-.875-5.738-3.988T4 11.1V5l8-3l8 3v6.1q0 3.8-2.263 6.913T12 22Zm0-2.1q2.6-.825 4.3-3.3t1.7-5.5V6.375l-6-2.25l-6 2.25V11.1q0 3.025 1.7 5.5t4.3 3.3Zm0-2.9q0-2.1 1.45-3.55T17 12q-2.1 0-3.55-1.45T12 7q0 2.1-1.45 3.55T7 12q2.1 0 3.55 1.45T12 17Zm0-5Z\"><\/path><\/svg>\t\t\t<\/div>\n\t\t<\/div>\n\t\t\t\t\t\t<\/div>\n\t\t\t\t<\/div>\n\t\t\t\t<div class=\"elementor-element elementor-element-f540468 elementor-widget elementor-widget-heading\" data-id=\"f540468\" data-element_type=\"widget\" data-e-type=\"widget\" data-widget_type=\"heading.default\">\n\t\t\t\t<div class=\"elementor-widget-container\">\n\t\t\t\t\t<h2 class=\"elementor-heading-title elementor-size-default\">Prevenci\u00f3 d'amenaces<\/h2>\t\t\t\t<\/div>\n\t\t\t\t<\/div>\n\t\t\t\t<div class=\"elementor-element elementor-element-207b8bc elementor-widget__width-initial elementor-widget elementor-widget-text-editor\" data-id=\"207b8bc\" data-element_type=\"widget\" data-e-type=\"widget\" data-widget_type=\"text-editor.default\">\n\t\t\t\t<div class=\"elementor-widget-container\">\n\t\t\t\t\t\t\t\t\t<p>An\u00e0lisi de comportament, monitoritzaci\u00f3 24\/7 i configuraci\u00f3 d&#8217;alertes davant d&#8217;activitats inusuals.<\/p>\t\t\t\t\t\t\t\t<\/div>\n\t\t\t\t<\/div>\n\t\t\t\t<\/div>\n\t\t\t\t\t<\/div>\n\t\t\t\t<\/div>\n\t\t<div class=\"elementor-element elementor-element-6227a13 e-flex e-con-boxed e-con e-parent\" data-id=\"6227a13\" data-element_type=\"container\" data-e-type=\"container\" data-settings=\"{&quot;jet_parallax_layout_list&quot;:[],&quot;_ha_eqh_enable&quot;:false}\">\n\t\t\t\t\t<div class=\"e-con-inner\">\n\t\t\t\t<div class=\"elementor-element elementor-element-e2280e3 elementor-invisible elementor-widget elementor-widget-image\" data-id=\"e2280e3\" data-element_type=\"widget\" data-e-type=\"widget\" data-settings=\"{&quot;_animation&quot;:&quot;fadeIn&quot;}\" data-widget_type=\"image.default\">\n\t\t\t\t<div class=\"elementor-widget-container\">\n\t\t\t\t\t\t\t\t\t\t\t\t\t\t\t<img decoding=\"async\" width=\"800\" height=\"534\" src=\"https:\/\/edensol.eu\/wp-content\/uploads\/scott-rodgerson-PSpf_XgOM5w-unsplash-1024x683.jpg\" class=\"attachment-large size-large wp-image-3355\" alt=\"\" srcset=\"https:\/\/edensol.eu\/wp-content\/uploads\/scott-rodgerson-PSpf_XgOM5w-unsplash-1024x683.jpg 1024w, https:\/\/edensol.eu\/wp-content\/uploads\/scott-rodgerson-PSpf_XgOM5w-unsplash-300x200.jpg 300w, https:\/\/edensol.eu\/wp-content\/uploads\/scott-rodgerson-PSpf_XgOM5w-unsplash-768x512.jpg 768w, https:\/\/edensol.eu\/wp-content\/uploads\/scott-rodgerson-PSpf_XgOM5w-unsplash-1536x1024.jpg 1536w, https:\/\/edensol.eu\/wp-content\/uploads\/scott-rodgerson-PSpf_XgOM5w-unsplash.jpg 1920w\" sizes=\"(max-width: 800px) 100vw, 800px\" \/>\t\t\t\t\t\t\t\t\t\t\t\t\t\t\t<\/div>\n\t\t\t\t<\/div>\n\t\t<div class=\"elementor-element elementor-element-b0d745e e-con-full e-flex e-con e-child\" data-id=\"b0d745e\" data-element_type=\"container\" data-e-type=\"container\" data-settings=\"{&quot;jet_parallax_layout_list&quot;:[],&quot;_ha_eqh_enable&quot;:false}\">\n\t\t\t\t<div class=\"elementor-element elementor-element-0187380 elementor-invisible elementor-widget elementor-widget-heading\" data-id=\"0187380\" data-element_type=\"widget\" data-e-type=\"widget\" data-settings=\"{&quot;_animation&quot;:&quot;fadeIn&quot;,&quot;_animation_delay&quot;:100}\" data-widget_type=\"heading.default\">\n\t\t\t\t<div class=\"elementor-widget-container\">\n\t\t\t\t\t<h2 class=\"elementor-heading-title elementor-size-default\">Preguntes freq\u00fcents<\/h2>\t\t\t\t<\/div>\n\t\t\t\t<\/div>\n\t\t\t\t<div class=\"elementor-element elementor-element-0f815c4 elementor-invisible elementor-widget elementor-widget-text-editor\" data-id=\"0f815c4\" data-element_type=\"widget\" data-e-type=\"widget\" data-settings=\"{&quot;_animation&quot;:&quot;fadeIn&quot;,&quot;_animation_delay&quot;:400}\" data-widget_type=\"text-editor.default\">\n\t\t\t\t<div class=\"elementor-widget-container\">\n\t\t\t\t\t\t\t\t\t<p>Algunes de les preguntes freq\u00fcents sobre els nostres serveis en seguretat:<\/p>\t\t\t\t\t\t\t\t<\/div>\n\t\t\t\t<\/div>\n\t\t\t\t<div class=\"elementor-element elementor-element-80d2b7a elementor-invisible elementor-widget elementor-widget-eael-adv-accordion\" data-id=\"80d2b7a\" data-element_type=\"widget\" data-e-type=\"widget\" data-settings=\"{&quot;_animation&quot;:&quot;fadeIn&quot;,&quot;_animation_delay&quot;:600}\" data-widget_type=\"eael-adv-accordion.default\">\n\t\t\t\t<div class=\"elementor-widget-container\">\n\t\t\t\t\t            <div class=\"eael-adv-accordion\" id=\"eael-adv-accordion-80d2b7a\" data-scroll-on-click=\"no\" data-scroll-speed=\"300\" data-accordion-id=\"80d2b7a\" data-accordion-type=\"accordion\" data-toogle-speed=\"300\">\n            <div class=\"eael-accordion-list\">\n\t\t\t\t\t<div id=\"quines-mesures-de-seguretat-implementeu\" class=\"elementor-tab-title eael-accordion-header\" tabindex=\"0\" data-tab=\"1\" aria-controls=\"elementor-tab-content-1351\"><span class=\"eael-advanced-accordion-icon-closed\"><i aria-hidden=\"true\" class=\"fa-accordion-icon fas fa-plus\"><\/i><\/span><span class=\"eael-advanced-accordion-icon-opened\"><i aria-hidden=\"true\" class=\"fa-accordion-icon fas fa-minus\"><\/i><\/span><span class=\"eael-accordion-tab-title\">Quines mesures de seguretat implementeu?<\/span><i aria-hidden=\"true\" class=\"fa-toggle fas fa-angle-right\"><\/i><\/div><div id=\"elementor-tab-content-1351\" class=\"eael-accordion-content clearfix\" data-tab=\"1\" aria-labelledby=\"quines-mesures-de-seguretat-implementeu\"><p>Tallafocs, c\u00f2pies de seguretat, actualitzacions constants i prevenci\u00f3 d&#8217;amenaces.<\/p><\/div>\n\t\t\t\t\t<\/div><div class=\"eael-accordion-list\">\n\t\t\t\t\t<div id=\"qu-passa-si-pateixo-un-atac\" class=\"elementor-tab-title eael-accordion-header\" tabindex=\"0\" data-tab=\"2\" aria-controls=\"elementor-tab-content-1352\"><span class=\"eael-advanced-accordion-icon-closed\"><i aria-hidden=\"true\" class=\"fa-accordion-icon fas fa-plus\"><\/i><\/span><span class=\"eael-advanced-accordion-icon-opened\"><i aria-hidden=\"true\" class=\"fa-accordion-icon fas fa-minus\"><\/i><\/span><span class=\"eael-accordion-tab-title\">Qu\u00e8 passa si pateixo un atac?<\/span><i aria-hidden=\"true\" class=\"fa-toggle fas fa-angle-right\"><\/i><\/div><div id=\"elementor-tab-content-1352\" class=\"eael-accordion-content clearfix\" data-tab=\"2\" aria-labelledby=\"qu-passa-si-pateixo-un-atac\"><p>Activem protocols de resposta immediata i restaurem els sistemes afectats.<\/p><\/div>\n\t\t\t\t\t<\/div><div class=\"eael-accordion-list\">\n\t\t\t\t\t<div id=\"feu-cpies-de-seguretat-automtiques\" class=\"elementor-tab-title eael-accordion-header\" tabindex=\"0\" data-tab=\"3\" aria-controls=\"elementor-tab-content-1353\"><span class=\"eael-advanced-accordion-icon-closed\"><i aria-hidden=\"true\" class=\"fa-accordion-icon fas fa-plus\"><\/i><\/span><span class=\"eael-advanced-accordion-icon-opened\"><i aria-hidden=\"true\" class=\"fa-accordion-icon fas fa-minus\"><\/i><\/span><span class=\"eael-accordion-tab-title\">Feu c\u00f2pies de seguretat autom\u00e0tiques?<\/span><i aria-hidden=\"true\" class=\"fa-toggle fas fa-angle-right\"><\/i><\/div><div id=\"elementor-tab-content-1353\" class=\"eael-accordion-content clearfix\" data-tab=\"3\" aria-labelledby=\"feu-cpies-de-seguretat-automtiques\"><p>S\u00ed, oferim backups automatitzats i xifrats, tant en local com al n\u00favol.<\/p><\/div>\n\t\t\t\t\t<\/div><\/div>\t\t\t\t<\/div>\n\t\t\t\t<\/div>\n\t\t\t\t<\/div>\n\t\t\t\t\t<\/div>\n\t\t\t\t<\/div>\n\t\t\t\t<\/div>\n\t\t","protected":false},"excerpt":{"rendered":"<p>Ciberseguretat i protecci\u00f3 de dades a Tarragona Protecci\u00f3 integral pels teus sistemes, dades i comunicacions Qu\u00e8 ofereix aquest servei? La ciberseguretat es un eix fonamental per protegir les dades de la teva empresa davant d&#8217;amenaces digitals cada vegada m\u00e9s freq\u00fcents, com ara atacs inform\u00e0tics, ransomware o p\u00e8rdues d&#8217;informaci\u00f3\u00a0. Oferim un\u00a0sistema integral de seguretat\u00a0adaptat a les [&hellip;]<\/p>\n","protected":false},"author":9,"featured_media":0,"parent":0,"menu_order":0,"comment_status":"closed","ping_status":"closed","template":"elementor_header_footer","meta":{"footnotes":""},"class_list":["post-3531","page","type-page","status-publish","hentry"],"_links":{"self":[{"href":"https:\/\/edensol.eu\/ca\/wp-json\/wp\/v2\/pages\/3531","targetHints":{"allow":["GET"]}}],"collection":[{"href":"https:\/\/edensol.eu\/ca\/wp-json\/wp\/v2\/pages"}],"about":[{"href":"https:\/\/edensol.eu\/ca\/wp-json\/wp\/v2\/types\/page"}],"author":[{"embeddable":true,"href":"https:\/\/edensol.eu\/ca\/wp-json\/wp\/v2\/users\/9"}],"replies":[{"embeddable":true,"href":"https:\/\/edensol.eu\/ca\/wp-json\/wp\/v2\/comments?post=3531"}],"version-history":[{"count":13,"href":"https:\/\/edensol.eu\/ca\/wp-json\/wp\/v2\/pages\/3531\/revisions"}],"predecessor-version":[{"id":3579,"href":"https:\/\/edensol.eu\/ca\/wp-json\/wp\/v2\/pages\/3531\/revisions\/3579"}],"wp:attachment":[{"href":"https:\/\/edensol.eu\/ca\/wp-json\/wp\/v2\/media?parent=3531"}],"curies":[{"name":"wp","href":"https:\/\/api.w.org\/{rel}","templated":true}]}}