{"id":3467,"date":"2025-08-12T09:14:44","date_gmt":"2025-08-12T09:14:44","guid":{"rendered":"https:\/\/edensol.eu\/?page_id=3467"},"modified":"2025-08-12T13:53:39","modified_gmt":"2025-08-12T13:53:39","slug":"consultoria","status":"publish","type":"page","link":"https:\/\/edensol.eu\/ca\/consultoria","title":{"rendered":"Consultoria"},"content":{"rendered":"\t\t<div data-elementor-type=\"wp-page\" data-elementor-id=\"3467\" class=\"elementor elementor-3467 elementor-3089\" data-elementor-settings=\"{&quot;ha_cmc_init_switcher&quot;:&quot;no&quot;}\" data-elementor-post-type=\"page\">\n\t\t\t\t<div class=\"elementor-element elementor-element-9350cd1 e-flex e-con-boxed e-con e-parent\" data-id=\"9350cd1\" data-element_type=\"container\" data-e-type=\"container\" data-settings=\"{&quot;background_background&quot;:&quot;classic&quot;,&quot;jet_parallax_layout_list&quot;:[],&quot;_ha_eqh_enable&quot;:false}\">\n\t\t\t\t\t<div class=\"e-con-inner\">\n\t\t\t\t<div class=\"elementor-element elementor-element-9ff803b elementor-invisible elementor-widget elementor-widget-heading\" data-id=\"9ff803b\" data-element_type=\"widget\" data-e-type=\"widget\" data-settings=\"{&quot;_animation&quot;:&quot;fadeIn&quot;}\" data-widget_type=\"heading.default\">\n\t\t\t\t<div class=\"elementor-widget-container\">\n\t\t\t\t\t<h2 class=\"elementor-heading-title elementor-size-default\"><span style=\"font-weight:700\">Consultoria<\/span><span style=\"color:#ffffff\"> inform\u00e0tica per a empreses a Tarragona<\/span><\/h2>\t\t\t\t<\/div>\n\t\t\t\t<\/div>\n\t\t\t\t<div class=\"elementor-element elementor-element-b3234fd elementor-invisible elementor-widget elementor-widget-text-editor\" data-id=\"b3234fd\" data-element_type=\"widget\" data-e-type=\"widget\" data-settings=\"{&quot;_animation&quot;:&quot;fadeIn&quot;,&quot;_animation_delay&quot;:200}\" data-widget_type=\"text-editor.default\">\n\t\t\t\t<div class=\"elementor-widget-container\">\n\t\t\t\t\t\t\t\t\t<p><strong>Assessorament t\u00e8cnic especialitzat per prendre decisions intel\u00b7ligents<\/strong><\/p>\t\t\t\t\t\t\t\t<\/div>\n\t\t\t\t<\/div>\n\t\t\t\t\t<\/div>\n\t\t\t\t<\/div>\n\t\t<div class=\"elementor-element elementor-element-f91f24a e-flex e-con-boxed e-con e-parent\" data-id=\"f91f24a\" data-element_type=\"container\" data-e-type=\"container\" data-settings=\"{&quot;jet_parallax_layout_list&quot;:[],&quot;_ha_eqh_enable&quot;:false}\">\n\t\t\t\t\t<div class=\"e-con-inner\">\n\t\t<div class=\"elementor-element elementor-element-73af402 e-con-full e-flex e-con e-child\" data-id=\"73af402\" data-element_type=\"container\" data-e-type=\"container\" data-settings=\"{&quot;jet_parallax_layout_list&quot;:[],&quot;_ha_eqh_enable&quot;:false}\">\n\t\t\t\t<div class=\"elementor-element elementor-element-1629d5f elementor-invisible elementor-widget elementor-widget-heading\" data-id=\"1629d5f\" data-element_type=\"widget\" data-e-type=\"widget\" data-settings=\"{&quot;_animation&quot;:&quot;fadeIn&quot;,&quot;_animation_delay&quot;:100}\" data-widget_type=\"heading.default\">\n\t\t\t\t<div class=\"elementor-widget-container\">\n\t\t\t\t\t<h2 class=\"elementor-heading-title elementor-size-default\">Qu\u00e8 ofereix aquest servei?<\/h2>\t\t\t\t<\/div>\n\t\t\t\t<\/div>\n\t\t\t\t<div class=\"elementor-element elementor-element-9cd3487 elementor-invisible elementor-widget elementor-widget-text-editor\" data-id=\"9cd3487\" data-element_type=\"widget\" data-e-type=\"widget\" data-settings=\"{&quot;_animation&quot;:&quot;fadeIn&quot;,&quot;_animation_delay&quot;:200}\" data-widget_type=\"text-editor.default\">\n\t\t\t\t<div class=\"elementor-widget-container\">\n\t\t\t\t\t\t\t\t\t<p><span>Oferim un servei de\u00a0<\/span><strong><span>consultoria especialitzada<\/span><\/strong><span>\u00a0orientat a aportar\u00a0<\/span><strong><span>solucions tecnol\u00f2giques eficaces<\/span><\/strong><span>\u00a0i adaptades a cada cas<\/span><\/p><p><span>El nostre equip compta amb lexperi\u00e8ncia, el coneixement t\u00e8cnic i la visi\u00f3 estrat\u00e8gica necessaris per\u00a0<\/span><strong><span>analitzar cada situaci\u00f3 amb detall<\/span><\/strong><span>\u00a0i proposar\u00a0<\/span><strong><span>les solucions m\u00e9s adequades<\/span><\/strong><span>\u00a0en funci\u00f3 de les\u00a0<\/span><strong><span>necessitats reals<\/span><\/strong><span>\u00a0de cada client.<\/span><\/p><p><span>Treballem amb un\u00a0<\/span><strong><span>enfocament personalitzat<\/span><\/strong><span>\u00a0, garantint sempre la\u00a0<\/span><strong><span>m\u00e0xima efici\u00e8ncia<\/span><\/strong><span>\u00a0,\u00a0<\/span><strong><span>seguretat<\/span><\/strong><span>\u00a0i\u00a0<\/span><strong><span>escalabilitat<\/span><\/strong><span>\u00a0en cada projecte.<\/span><\/p>\t\t\t\t\t\t\t\t<\/div>\n\t\t\t\t<\/div>\n\t\t\t\t<\/div>\n\t\t<div class=\"elementor-element elementor-element-d70fb4b e-con-full e-flex elementor-invisible e-con e-child\" data-id=\"d70fb4b\" data-element_type=\"container\" data-e-type=\"container\" data-settings=\"{&quot;background_background&quot;:&quot;classic&quot;,&quot;jet_parallax_layout_list&quot;:[],&quot;animation&quot;:&quot;fadeIn&quot;,&quot;animation_delay&quot;:200,&quot;_ha_eqh_enable&quot;:false}\">\n\t\t\t\t<div class=\"elementor-element elementor-element-ad028b6 elementor-widget elementor-widget-image\" data-id=\"ad028b6\" data-element_type=\"widget\" data-e-type=\"widget\" data-settings=\"{&quot;_animation&quot;:&quot;none&quot;}\" data-widget_type=\"image.default\">\n\t\t\t\t<div class=\"elementor-widget-container\">\n\t\t\t\t\t\t\t\t\t\t\t\t\t\t\t<img fetchpriority=\"high\" decoding=\"async\" width=\"1920\" height=\"1281\" src=\"https:\/\/edensol.eu\/wp-content\/uploads\/scott-graham-5fNmWej4tAA-unsplash.jpg\" class=\"attachment-full size-full wp-image-3160\" alt=\"\" srcset=\"https:\/\/edensol.eu\/wp-content\/uploads\/scott-graham-5fNmWej4tAA-unsplash.jpg 1920w, https:\/\/edensol.eu\/wp-content\/uploads\/scott-graham-5fNmWej4tAA-unsplash-300x200.jpg 300w, https:\/\/edensol.eu\/wp-content\/uploads\/scott-graham-5fNmWej4tAA-unsplash-1024x683.jpg 1024w, https:\/\/edensol.eu\/wp-content\/uploads\/scott-graham-5fNmWej4tAA-unsplash-768x512.jpg 768w, https:\/\/edensol.eu\/wp-content\/uploads\/scott-graham-5fNmWej4tAA-unsplash-1536x1025.jpg 1536w\" sizes=\"(max-width: 1920px) 100vw, 1920px\" \/>\t\t\t\t\t\t\t\t\t\t\t\t\t\t\t<\/div>\n\t\t\t\t<\/div>\n\t\t\t\t<div class=\"elementor-element elementor-element-113b771 elementor-invisible elementor-widget elementor-widget-image\" data-id=\"113b771\" data-element_type=\"widget\" data-e-type=\"widget\" data-settings=\"{&quot;_animation&quot;:&quot;fadeInUp&quot;}\" data-widget_type=\"image.default\">\n\t\t\t\t<div class=\"elementor-widget-container\">\n\t\t\t\t\t\t\t\t\t\t\t\t\t\t\t<img decoding=\"async\" width=\"1284\" height=\"1283\" src=\"https:\/\/edensol.eu\/wp-content\/uploads\/graphic-1-1.png\" class=\"attachment-full size-full wp-image-1161\" alt=\"\" srcset=\"https:\/\/edensol.eu\/wp-content\/uploads\/graphic-1-1.png 1284w, https:\/\/edensol.eu\/wp-content\/uploads\/graphic-1-1-300x300.png 300w, https:\/\/edensol.eu\/wp-content\/uploads\/graphic-1-1-1024x1024.png 1024w, https:\/\/edensol.eu\/wp-content\/uploads\/graphic-1-1-150x150.png 150w, https:\/\/edensol.eu\/wp-content\/uploads\/graphic-1-1-768x767.png 768w\" sizes=\"(max-width: 1284px) 100vw, 1284px\" \/>\t\t\t\t\t\t\t\t\t\t\t\t\t\t\t<\/div>\n\t\t\t\t<\/div>\n\t\t\t\t<\/div>\n\t\t\t\t\t<\/div>\n\t\t\t\t<\/div>\n\t\t<div class=\"elementor-element elementor-element-5767ad4 e-grid e-con-boxed e-con e-parent\" data-id=\"5767ad4\" data-element_type=\"container\" data-e-type=\"container\" data-settings=\"{&quot;jet_parallax_layout_list&quot;:[],&quot;_ha_eqh_enable&quot;:&quot;yes&quot;,&quot;_ha_eqh_widget&quot;:[&quot;icon&quot;,&quot;heading&quot;,&quot;text-editor&quot;],&quot;_ha_eqh_to&quot;:&quot;widget&quot;,&quot;_ha_eqh_disable_on_tablet&quot;:&quot;no&quot;,&quot;_ha_eqh_disable_on_mobile&quot;:&quot;yes&quot;}\">\n\t\t\t\t\t<div class=\"e-con-inner\">\n\t\t<div class=\"elementor-element elementor-element-35d9ee7 e-con-full e-flex elementor-invisible e-con e-child\" data-id=\"35d9ee7\" data-element_type=\"container\" data-e-type=\"container\" data-settings=\"{&quot;jet_parallax_layout_list&quot;:[],&quot;animation&quot;:&quot;fadeIn&quot;,&quot;_ha_eqh_enable&quot;:false}\">\n\t\t\t\t<div class=\"elementor-element elementor-element-d9524bd elementor-view-default elementor-widget elementor-widget-icon\" data-id=\"d9524bd\" data-element_type=\"widget\" data-e-type=\"widget\" data-widget_type=\"icon.default\">\n\t\t\t\t<div class=\"elementor-widget-container\">\n\t\t\t\t\t\t\t<div class=\"elementor-icon-wrapper\">\n\t\t\t<div class=\"elementor-icon\">\n\t\t\t<i aria-hidden=\"true\" class=\"fas fa-search\"><\/i>\t\t\t<\/div>\n\t\t<\/div>\n\t\t\t\t\t\t<\/div>\n\t\t\t\t<\/div>\n\t\t\t\t<div class=\"elementor-element elementor-element-a9ca92b elementor-widget elementor-widget-heading\" data-id=\"a9ca92b\" data-element_type=\"widget\" data-e-type=\"widget\" data-widget_type=\"heading.default\">\n\t\t\t\t<div class=\"elementor-widget-container\">\n\t\t\t\t\t<h2 class=\"elementor-heading-title elementor-size-default\">An\u00e0lisi i prevenda <br>de solucions TIC<\/h2>\t\t\t\t<\/div>\n\t\t\t\t<\/div>\n\t\t\t\t<div class=\"elementor-element elementor-element-7c095bf elementor-widget__width-initial elementor-widget elementor-widget-text-editor\" data-id=\"7c095bf\" data-element_type=\"widget\" data-e-type=\"widget\" data-widget_type=\"text-editor.default\">\n\t\t\t\t<div class=\"elementor-widget-container\">\n\t\t\t\t\t\t\t\t\t<p>Avaluem les vostres necessitats tecnol\u00f2giques abans d&#8217;implementar qualsevol soluci\u00f3, amb un enfocament objectiu, professional i totalment adaptat al vostre entorn.<\/p>\t\t\t\t\t\t\t\t<\/div>\n\t\t\t\t<\/div>\n\t\t\t\t<\/div>\n\t\t<div class=\"elementor-element elementor-element-05e3e01 e-con-full e-flex elementor-invisible e-con e-child\" data-id=\"05e3e01\" data-element_type=\"container\" data-e-type=\"container\" data-settings=\"{&quot;jet_parallax_layout_list&quot;:[],&quot;animation&quot;:&quot;fadeIn&quot;,&quot;_ha_eqh_enable&quot;:false}\">\n\t\t\t\t<div class=\"elementor-element elementor-element-e0d5430 elementor-view-default elementor-widget elementor-widget-icon\" data-id=\"e0d5430\" data-element_type=\"widget\" data-e-type=\"widget\" data-widget_type=\"icon.default\">\n\t\t\t\t<div class=\"elementor-widget-container\">\n\t\t\t\t\t\t\t<div class=\"elementor-icon-wrapper\">\n\t\t\t<div class=\"elementor-icon\">\n\t\t\t<i aria-hidden=\"true\" class=\"fas fa-pencil-ruler\"><\/i>\t\t\t<\/div>\n\t\t<\/div>\n\t\t\t\t\t\t<\/div>\n\t\t\t\t<\/div>\n\t\t\t\t<div class=\"elementor-element elementor-element-c736884 elementor-widget elementor-widget-heading\" data-id=\"c736884\" data-element_type=\"widget\" data-e-type=\"widget\" data-widget_type=\"heading.default\">\n\t\t\t\t<div class=\"elementor-widget-container\">\n\t\t\t\t\t<h2 class=\"elementor-heading-title elementor-size-default\">Disseny i implementaci\u00f3<br>de sistemes TIC<\/h2>\t\t\t\t<\/div>\n\t\t\t\t<\/div>\n\t\t\t\t<div class=\"elementor-element elementor-element-64a57e8 elementor-widget elementor-widget-text-editor\" data-id=\"64a57e8\" data-element_type=\"widget\" data-e-type=\"widget\" data-widget_type=\"text-editor.default\">\n\t\t\t\t<div class=\"elementor-widget-container\">\n\t\t\t\t\t\t\t\t\t<p>Dissenyem arquitectures robustes, adaptades a les exig\u00e8ncies del teu negoci, i implementades amb seguretat, precisi\u00f3 i efici\u00e8ncia operativa.<\/p>\t\t\t\t\t\t\t\t<\/div>\n\t\t\t\t<\/div>\n\t\t\t\t<\/div>\n\t\t<div class=\"elementor-element elementor-element-7e12027 e-con-full e-flex elementor-invisible e-con e-child\" data-id=\"7e12027\" data-element_type=\"container\" data-e-type=\"container\" data-settings=\"{&quot;jet_parallax_layout_list&quot;:[],&quot;animation&quot;:&quot;fadeIn&quot;,&quot;_ha_eqh_enable&quot;:false}\">\n\t\t\t\t<div class=\"elementor-element elementor-element-4425c01 elementor-view-default elementor-widget elementor-widget-icon\" data-id=\"4425c01\" data-element_type=\"widget\" data-e-type=\"widget\" data-widget_type=\"icon.default\">\n\t\t\t\t<div class=\"elementor-widget-container\">\n\t\t\t\t\t\t\t<div class=\"elementor-icon-wrapper\">\n\t\t\t<div class=\"elementor-icon\">\n\t\t\t<i aria-hidden=\"true\" class=\"fas fa-screwdriver\"><\/i>\t\t\t<\/div>\n\t\t<\/div>\n\t\t\t\t\t\t<\/div>\n\t\t\t\t<\/div>\n\t\t\t\t<div class=\"elementor-element elementor-element-8cd04b6 elementor-widget elementor-widget-heading\" data-id=\"8cd04b6\" data-element_type=\"widget\" data-e-type=\"widget\" data-widget_type=\"heading.default\">\n\t\t\t\t<div class=\"elementor-widget-container\">\n\t\t\t\t\t<h2 class=\"elementor-heading-title elementor-size-default\">Manteniment proactiu<br>de sistemes TIC<\/h2>\t\t\t\t<\/div>\n\t\t\t\t<\/div>\n\t\t\t\t<div class=\"elementor-element elementor-element-79ec136 elementor-widget elementor-widget-text-editor\" data-id=\"79ec136\" data-element_type=\"widget\" data-e-type=\"widget\" data-widget_type=\"text-editor.default\">\n\t\t\t\t<div class=\"elementor-widget-container\">\n\t\t\t\t\t\t\t\t\t<p>Supervisem de manera cont\u00ednua la teva infraestructura inform\u00e0tica per prevenir incid\u00e8ncies, anticipar-nos a errors cr\u00edtics i garantir-ne un rendiment \u00f2ptim i estable.<\/p>\t\t\t\t\t\t\t\t<\/div>\n\t\t\t\t<\/div>\n\t\t\t\t<\/div>\n\t\t\t\t\t<\/div>\n\t\t\t\t<\/div>\n\t\t<div class=\"elementor-element elementor-element-6227a13 e-flex e-con-boxed e-con e-parent\" data-id=\"6227a13\" data-element_type=\"container\" data-e-type=\"container\" data-settings=\"{&quot;jet_parallax_layout_list&quot;:[],&quot;_ha_eqh_enable&quot;:false}\">\n\t\t\t\t\t<div class=\"e-con-inner\">\n\t\t\t\t<div class=\"elementor-element elementor-element-e2280e3 elementor-invisible elementor-widget elementor-widget-image\" data-id=\"e2280e3\" data-element_type=\"widget\" data-e-type=\"widget\" data-settings=\"{&quot;_animation&quot;:&quot;fadeIn&quot;}\" data-widget_type=\"image.default\">\n\t\t\t\t<div class=\"elementor-widget-container\">\n\t\t\t\t\t\t\t\t\t\t\t\t\t\t\t<img decoding=\"async\" width=\"800\" height=\"534\" src=\"https:\/\/edensol.eu\/wp-content\/uploads\/austin-distel-Imc-IoZDMXc-unsplash-1024x683.jpg\" class=\"attachment-large size-large wp-image-3166\" alt=\"\" srcset=\"https:\/\/edensol.eu\/wp-content\/uploads\/austin-distel-Imc-IoZDMXc-unsplash-1024x683.jpg 1024w, https:\/\/edensol.eu\/wp-content\/uploads\/austin-distel-Imc-IoZDMXc-unsplash-300x200.jpg 300w, https:\/\/edensol.eu\/wp-content\/uploads\/austin-distel-Imc-IoZDMXc-unsplash-768x512.jpg 768w, https:\/\/edensol.eu\/wp-content\/uploads\/austin-distel-Imc-IoZDMXc-unsplash-1536x1024.jpg 1536w, https:\/\/edensol.eu\/wp-content\/uploads\/austin-distel-Imc-IoZDMXc-unsplash.jpg 1920w\" sizes=\"(max-width: 800px) 100vw, 800px\" \/>\t\t\t\t\t\t\t\t\t\t\t\t\t\t\t<\/div>\n\t\t\t\t<\/div>\n\t\t<div class=\"elementor-element elementor-element-b0d745e e-con-full e-flex e-con e-child\" data-id=\"b0d745e\" data-element_type=\"container\" data-e-type=\"container\" data-settings=\"{&quot;jet_parallax_layout_list&quot;:[],&quot;_ha_eqh_enable&quot;:false}\">\n\t\t\t\t<div class=\"elementor-element elementor-element-0187380 elementor-invisible elementor-widget elementor-widget-heading\" data-id=\"0187380\" data-element_type=\"widget\" data-e-type=\"widget\" data-settings=\"{&quot;_animation&quot;:&quot;fadeIn&quot;,&quot;_animation_delay&quot;:100}\" data-widget_type=\"heading.default\">\n\t\t\t\t<div class=\"elementor-widget-container\">\n\t\t\t\t\t<h2 class=\"elementor-heading-title elementor-size-default\">Preguntes freq\u00fcents<\/h2>\t\t\t\t<\/div>\n\t\t\t\t<\/div>\n\t\t\t\t<div class=\"elementor-element elementor-element-0f815c4 elementor-invisible elementor-widget elementor-widget-text-editor\" data-id=\"0f815c4\" data-element_type=\"widget\" data-e-type=\"widget\" data-settings=\"{&quot;_animation&quot;:&quot;fadeIn&quot;,&quot;_animation_delay&quot;:400}\" data-widget_type=\"text-editor.default\">\n\t\t\t\t<div class=\"elementor-widget-container\">\n\t\t\t\t\t\t\t\t\t<p>Algunes de les preguntes freq\u00fcents sobre el servei de consultoria:<\/p>\t\t\t\t\t\t\t\t<\/div>\n\t\t\t\t<\/div>\n\t\t\t\t<div class=\"elementor-element elementor-element-80d2b7a elementor-invisible elementor-widget elementor-widget-eael-adv-accordion\" data-id=\"80d2b7a\" data-element_type=\"widget\" data-e-type=\"widget\" data-settings=\"{&quot;_animation&quot;:&quot;fadeIn&quot;,&quot;_animation_delay&quot;:600}\" data-widget_type=\"eael-adv-accordion.default\">\n\t\t\t\t<div class=\"elementor-widget-container\">\n\t\t\t\t\t            <div class=\"eael-adv-accordion\" id=\"eael-adv-accordion-80d2b7a\" data-scroll-on-click=\"no\" data-scroll-speed=\"300\" data-accordion-id=\"80d2b7a\" data-accordion-type=\"accordion\" data-toogle-speed=\"300\">\n            <div class=\"eael-accordion-list\">\n\t\t\t\t\t<div id=\"qu-inclou-el-servei-de-consultoria-informtica\" class=\"elementor-tab-title eael-accordion-header\" tabindex=\"0\" data-tab=\"1\" aria-controls=\"elementor-tab-content-1351\"><span class=\"eael-advanced-accordion-icon-closed\"><i aria-hidden=\"true\" class=\"fa-accordion-icon fas fa-plus\"><\/i><\/span><span class=\"eael-advanced-accordion-icon-opened\"><i aria-hidden=\"true\" class=\"fa-accordion-icon fas fa-minus\"><\/i><\/span><span class=\"eael-accordion-tab-title\">Qu\u00e8 inclou el servei de consultoria inform\u00e0tica?<\/span><i aria-hidden=\"true\" class=\"fa-toggle fas fa-angle-right\"><\/i><\/div><div id=\"elementor-tab-content-1351\" class=\"eael-accordion-content clearfix\" data-tab=\"1\" aria-labelledby=\"qu-inclou-el-servei-de-consultoria-informtica\"><p>Inclou an\u00e0lisi de necessitats, disseny de solucions personalitzades i implementaci\u00f3 tecnol\u00f2gica adaptada.<\/p><\/div>\n\t\t\t\t\t<\/div><div class=\"eael-accordion-list\">\n\t\t\t\t\t<div id=\"oferiu-assessorament-per-a-nous-projectes-tecnolgics\" class=\"elementor-tab-title eael-accordion-header\" tabindex=\"0\" data-tab=\"2\" aria-controls=\"elementor-tab-content-1352\"><span class=\"eael-advanced-accordion-icon-closed\"><i aria-hidden=\"true\" class=\"fa-accordion-icon fas fa-plus\"><\/i><\/span><span class=\"eael-advanced-accordion-icon-opened\"><i aria-hidden=\"true\" class=\"fa-accordion-icon fas fa-minus\"><\/i><\/span><span class=\"eael-accordion-tab-title\">Oferiu assessorament per a nous projectes tecnol\u00f2gics?<\/span><i aria-hidden=\"true\" class=\"fa-toggle fas fa-angle-right\"><\/i><\/div><div id=\"elementor-tab-content-1352\" class=\"eael-accordion-content clearfix\" data-tab=\"2\" aria-labelledby=\"oferiu-assessorament-per-a-nous-projectes-tecnolgics\"><p>S\u00ed, acompanyem des de la fase inicial fins a l&#8217;execuci\u00f3, amb un enfocament estrat\u00e8gic i t\u00e8cnic.<\/p><\/div>\n\t\t\t\t\t<\/div><div class=\"eael-accordion-list\">\n\t\t\t\t\t<div id=\"puc-sollicitar-una-auditoria-sense-comproms\" class=\"elementor-tab-title eael-accordion-header\" tabindex=\"0\" data-tab=\"3\" aria-controls=\"elementor-tab-content-1353\"><span class=\"eael-advanced-accordion-icon-closed\"><i aria-hidden=\"true\" class=\"fa-accordion-icon fas fa-plus\"><\/i><\/span><span class=\"eael-advanced-accordion-icon-opened\"><i aria-hidden=\"true\" class=\"fa-accordion-icon fas fa-minus\"><\/i><\/span><span class=\"eael-accordion-tab-title\">Puc sol\u00b7licitar una auditoria sense comprom\u00eds?<\/span><i aria-hidden=\"true\" class=\"fa-toggle fas fa-angle-right\"><\/i><\/div><div id=\"elementor-tab-content-1353\" class=\"eael-accordion-content clearfix\" data-tab=\"3\" aria-labelledby=\"puc-sollicitar-una-auditoria-sense-comproms\"><p>S\u00ed, fem auditories inicials per identificar punts cr\u00edtics abans de contractar un servei.<\/p><\/div>\n\t\t\t\t\t<\/div><\/div>\t\t\t\t<\/div>\n\t\t\t\t<\/div>\n\t\t\t\t<\/div>\n\t\t\t\t\t<\/div>\n\t\t\t\t<\/div>\n\t\t\t\t<\/div>\n\t\t","protected":false},"excerpt":{"rendered":"<p>Consultoria inform\u00e0tica per a empreses a Tarragona Assessorament t\u00e8cnic especialitzat per prendre decisions intel\u00b7ligents Qu\u00e8 ofereix aquest servei? Oferim un servei de\u00a0consultoria especialitzada\u00a0orientat a aportar\u00a0solucions tecnol\u00f2giques eficaces\u00a0i adaptades a cada cas El nostre equip compta amb lexperi\u00e8ncia, el coneixement t\u00e8cnic i la visi\u00f3 estrat\u00e8gica necessaris per\u00a0analitzar cada situaci\u00f3 amb detall\u00a0i proposar\u00a0les solucions m\u00e9s adequades\u00a0en funci\u00f3 [&hellip;]<\/p>\n","protected":false},"author":9,"featured_media":0,"parent":0,"menu_order":0,"comment_status":"closed","ping_status":"closed","template":"elementor_header_footer","meta":{"footnotes":""},"class_list":["post-3467","page","type-page","status-publish","hentry"],"_links":{"self":[{"href":"https:\/\/edensol.eu\/ca\/wp-json\/wp\/v2\/pages\/3467","targetHints":{"allow":["GET"]}}],"collection":[{"href":"https:\/\/edensol.eu\/ca\/wp-json\/wp\/v2\/pages"}],"about":[{"href":"https:\/\/edensol.eu\/ca\/wp-json\/wp\/v2\/types\/page"}],"author":[{"embeddable":true,"href":"https:\/\/edensol.eu\/ca\/wp-json\/wp\/v2\/users\/9"}],"replies":[{"embeddable":true,"href":"https:\/\/edensol.eu\/ca\/wp-json\/wp\/v2\/comments?post=3467"}],"version-history":[{"count":25,"href":"https:\/\/edensol.eu\/ca\/wp-json\/wp\/v2\/pages\/3467\/revisions"}],"predecessor-version":[{"id":3585,"href":"https:\/\/edensol.eu\/ca\/wp-json\/wp\/v2\/pages\/3467\/revisions\/3585"}],"wp:attachment":[{"href":"https:\/\/edensol.eu\/ca\/wp-json\/wp\/v2\/media?parent=3467"}],"curies":[{"name":"wp","href":"https:\/\/api.w.org\/{rel}","templated":true}]}}