{"id":2735,"date":"2025-01-17T09:15:49","date_gmt":"2025-01-17T09:15:49","guid":{"rendered":"https:\/\/edensol.eu\/?page_id=2735"},"modified":"2025-01-17T11:18:16","modified_gmt":"2025-01-17T11:18:16","slug":"solucions-dintel%c2%b7ligencia-artificial","status":"publish","type":"page","link":"https:\/\/edensol.eu\/ca\/solucions-dintel%c2%b7ligencia-artificial","title":{"rendered":"Solucions d&#8217;Intel\u00b7lig\u00e8ncia Artificial"},"content":{"rendered":"\t\t<div data-elementor-type=\"wp-page\" data-elementor-id=\"2735\" class=\"elementor elementor-2735\" data-elementor-settings=\"{&quot;ha_cmc_init_switcher&quot;:&quot;no&quot;}\" data-elementor-post-type=\"page\">\n\t\t\t\t\t\t<section class=\"elementor-section elementor-top-section elementor-element elementor-element-9ca385d elementor-section-boxed elementor-section-height-default elementor-section-height-default\" data-id=\"9ca385d\" data-element_type=\"section\" data-e-type=\"section\" data-settings=\"{&quot;background_background&quot;:&quot;classic&quot;,&quot;jet_parallax_layout_list&quot;:[],&quot;_ha_eqh_enable&quot;:false}\">\n\t\t\t\t\t\t<div class=\"elementor-container elementor-column-gap-default\">\n\t\t\t\t\t<div class=\"elementor-column elementor-col-100 elementor-top-column elementor-element elementor-element-2e46b4d\" data-id=\"2e46b4d\" data-element_type=\"column\" data-e-type=\"column\">\n\t\t\t<div class=\"elementor-widget-wrap elementor-element-populated\">\n\t\t\t\t\t\t<div class=\"elementor-element elementor-element-5d1177d elementor-invisible elementor-widget elementor-widget-heading\" data-id=\"5d1177d\" data-element_type=\"widget\" data-e-type=\"widget\" data-settings=\"{&quot;_animation&quot;:&quot;fadeIn&quot;}\" data-widget_type=\"heading.default\">\n\t\t\t\t<div class=\"elementor-widget-container\">\n\t\t\t\t\t<h2 class=\"elementor-heading-title elementor-size-default\">Solucions <span style=\"color:#000000\"> d'Intel\u00b7lig\u00e8ncia Artificial<\/span><\/h2>\t\t\t\t<\/div>\n\t\t\t\t<\/div>\n\t\t\t\t\t<\/div>\n\t\t<\/div>\n\t\t\t\t\t<\/div>\n\t\t<\/section>\n\t\t\t\t<section class=\"elementor-section elementor-top-section elementor-element elementor-element-a99ecbb elementor-section-boxed elementor-section-height-default elementor-section-height-default\" data-id=\"a99ecbb\" data-element_type=\"section\" data-e-type=\"section\" data-settings=\"{&quot;background_background&quot;:&quot;classic&quot;,&quot;jet_parallax_layout_list&quot;:[],&quot;_ha_eqh_enable&quot;:false}\">\n\t\t\t\t\t\t<div class=\"elementor-container elementor-column-gap-default\">\n\t\t\t\t\t<div class=\"elementor-column elementor-col-50 elementor-top-column elementor-element elementor-element-383d9d7 elementor-invisible\" data-id=\"383d9d7\" data-element_type=\"column\" data-e-type=\"column\" data-settings=\"{&quot;animation&quot;:&quot;fadeInLeft&quot;}\">\n\t\t\t<div class=\"elementor-widget-wrap elementor-element-populated\">\n\t\t\t\t\t\t<div class=\"elementor-element elementor-element-a09bfc6 elementor-widget-divider--view-line_text elementor-widget-divider--element-align-right elementor-widget elementor-widget-divider\" data-id=\"a09bfc6\" data-element_type=\"widget\" data-e-type=\"widget\" data-widget_type=\"divider.default\">\n\t\t\t\t<div class=\"elementor-widget-container\">\n\t\t\t\t\t\t\t<div class=\"elementor-divider\">\n\t\t\t<span class=\"elementor-divider-separator\">\n\t\t\t\t\t\t\t<h6 class=\"elementor-divider__text elementor-divider__element\">\n\t\t\t\tDETALLS\t\t\t\t<\/h6>\n\t\t\t\t\t\t<\/span>\n\t\t<\/div>\n\t\t\t\t\t\t<\/div>\n\t\t\t\t<\/div>\n\t\t\t\t<div class=\"elementor-element elementor-element-d3f5c09 elementor-widget elementor-widget-heading\" data-id=\"d3f5c09\" data-element_type=\"widget\" data-e-type=\"widget\" data-widget_type=\"heading.default\">\n\t\t\t\t<div class=\"elementor-widget-container\">\n\t\t\t\t\t<h2 class=\"elementor-heading-title elementor-size-default\">Revoluciona el Teu Negoci amb Solucions d'IA Dissenyades per a PIMEs<\/h2>\t\t\t\t<\/div>\n\t\t\t\t<\/div>\n\t\t\t\t<div class=\"elementor-element elementor-element-e24baf2 elementor-widget elementor-widget-text-editor\" data-id=\"e24baf2\" data-element_type=\"widget\" data-e-type=\"widget\" data-widget_type=\"text-editor.default\">\n\t\t\t\t<div class=\"elementor-widget-container\">\n\t\t\t\t\t\t\t\t\t<p>En l&#8217;actual entorn digital accelerat, les PIMEs han de mantenir-se al dia adoptant tecnologies innovadores. Les nostres solucions d&#8217;IA estan dissenyades per optimitzar les teves operacions, millorar la interacci\u00f3 amb els clients i impulsar el creixement empresarial. Descobreix com la IA pot transformar els teus processos empresarials, fent-los m\u00e9s eficients i efectius.<\/p><p><strong>Les Nostres Solucions d&#8217;IA:<\/strong><\/p>\t\t\t\t\t\t\t\t<\/div>\n\t\t\t\t<\/div>\n\t\t\t\t\t<\/div>\n\t\t<\/div>\n\t\t\t\t<div class=\"elementor-column elementor-col-50 elementor-top-column elementor-element elementor-element-d50391c\" data-id=\"d50391c\" data-element_type=\"column\" data-e-type=\"column\">\n\t\t\t<div class=\"elementor-widget-wrap elementor-element-populated\">\n\t\t\t\t\t\t<div class=\"elementor-element elementor-element-bd18851 elementor-invisible elementor-widget elementor-widget-image\" data-id=\"bd18851\" data-element_type=\"widget\" data-e-type=\"widget\" data-settings=\"{&quot;_animation&quot;:&quot;fadeInRight&quot;}\" data-widget_type=\"image.default\">\n\t\t\t\t<div class=\"elementor-widget-container\">\n\t\t\t\t\t\t\t\t\t\t\t\t\t\t\t<img fetchpriority=\"high\" decoding=\"async\" width=\"1800\" height=\"1200\" src=\"https:\/\/edensol.eu\/wp-content\/uploads\/inteligencia_artificial.jpg\" class=\"attachment-full size-full wp-image-2738\" alt=\"\" srcset=\"https:\/\/edensol.eu\/wp-content\/uploads\/inteligencia_artificial.jpg 1800w, https:\/\/edensol.eu\/wp-content\/uploads\/inteligencia_artificial-300x200.jpg 300w, https:\/\/edensol.eu\/wp-content\/uploads\/inteligencia_artificial-1024x683.jpg 1024w, https:\/\/edensol.eu\/wp-content\/uploads\/inteligencia_artificial-768x512.jpg 768w, https:\/\/edensol.eu\/wp-content\/uploads\/inteligencia_artificial-1536x1024.jpg 1536w\" sizes=\"(max-width: 1800px) 100vw, 1800px\" \/>\t\t\t\t\t\t\t\t\t\t\t\t\t\t\t<\/div>\n\t\t\t\t<\/div>\n\t\t\t\t<div class=\"elementor-element elementor-element-dd33c96 elementor-invisible elementor-widget elementor-widget-image\" data-id=\"dd33c96\" data-element_type=\"widget\" data-e-type=\"widget\" data-settings=\"{&quot;_animation&quot;:&quot;fadeInUp&quot;}\" data-widget_type=\"image.default\">\n\t\t\t\t<div class=\"elementor-widget-container\">\n\t\t\t\t\t\t\t\t\t\t\t\t\t\t\t<img decoding=\"async\" width=\"1284\" height=\"1283\" src=\"https:\/\/edensol.eu\/wp-content\/uploads\/graphic-1-1.png\" class=\"attachment-full size-full wp-image-1161\" alt=\"\" srcset=\"https:\/\/edensol.eu\/wp-content\/uploads\/graphic-1-1.png 1284w, https:\/\/edensol.eu\/wp-content\/uploads\/graphic-1-1-300x300.png 300w, https:\/\/edensol.eu\/wp-content\/uploads\/graphic-1-1-1024x1024.png 1024w, https:\/\/edensol.eu\/wp-content\/uploads\/graphic-1-1-150x150.png 150w, https:\/\/edensol.eu\/wp-content\/uploads\/graphic-1-1-768x767.png 768w\" sizes=\"(max-width: 1284px) 100vw, 1284px\" \/>\t\t\t\t\t\t\t\t\t\t\t\t\t\t\t<\/div>\n\t\t\t\t<\/div>\n\t\t\t\t\t<\/div>\n\t\t<\/div>\n\t\t\t\t\t<\/div>\n\t\t<\/section>\n\t\t\t\t<section class=\"elementor-section elementor-top-section elementor-element elementor-element-2055321 elementor-section-boxed elementor-section-height-default elementor-section-height-default\" data-id=\"2055321\" data-element_type=\"section\" data-e-type=\"section\" data-settings=\"{&quot;jet_parallax_layout_list&quot;:[],&quot;_ha_eqh_enable&quot;:false}\">\n\t\t\t\t\t\t<div class=\"elementor-container elementor-column-gap-default\">\n\t\t\t\t\t<div class=\"elementor-column elementor-col-100 elementor-top-column elementor-element elementor-element-3abbcff\" data-id=\"3abbcff\" data-element_type=\"column\" data-e-type=\"column\">\n\t\t\t<div class=\"elementor-widget-wrap elementor-element-populated\">\n\t\t\t\t\t\t<div class=\"elementor-element elementor-element-963463f elementor-widget elementor-widget-eael-adv-accordion\" data-id=\"963463f\" data-element_type=\"widget\" data-e-type=\"widget\" data-widget_type=\"eael-adv-accordion.default\">\n\t\t\t\t<div class=\"elementor-widget-container\">\n\t\t\t\t\t            <div class=\"eael-adv-accordion\" id=\"eael-adv-accordion-963463f\" data-scroll-on-click=\"no\" data-scroll-speed=\"300\" data-accordion-id=\"963463f\" data-accordion-type=\"accordion\" data-toogle-speed=\"300\">\n            <div class=\"eael-accordion-list\">\n\t\t\t\t\t<div id=\"automatitzaci-de-processos\" class=\"elementor-tab-title eael-accordion-header active-default\" tabindex=\"0\" data-tab=\"1\" aria-controls=\"elementor-tab-content-1571\"><span class=\"eael-advanced-accordion-icon-closed\"><i aria-hidden=\"true\" class=\"fa-accordion-icon fas fa-project-diagram\"><\/i><\/span><span class=\"eael-advanced-accordion-icon-opened\"><i aria-hidden=\"true\" class=\"fa-accordion-icon fas fa-project-diagram\"><\/i><\/span><span class=\"eael-accordion-tab-title\">Automatitzaci\u00f3 de Processos<\/span><i aria-hidden=\"true\" class=\"fa-toggle fas fa-angle-right\"><\/i><\/div><div id=\"elementor-tab-content-1571\" class=\"eael-accordion-content clearfix active-default\" data-tab=\"1\" aria-labelledby=\"automatitzaci-de-processos\"><p>D\u00f3na&#8217;t d&#8217;alta de tasques que consumeixen temps, com l&#8217;entrada de dades, el processament de factures i el suport al client. Els nostres fluxos de treball impulsats per IA automatitzen les operacions rutin\u00e0ries, permetent al teu equip centrar-se en iniciatives estrat\u00e8giques.<\/p><\/div>\n\t\t\t\t\t<\/div><div class=\"eael-accordion-list\">\n\t\t\t\t\t<div id=\"xatbots-i-assistents-virtuals\" class=\"elementor-tab-title eael-accordion-header\" tabindex=\"0\" data-tab=\"2\" aria-controls=\"elementor-tab-content-1572\"><span class=\"eael-advanced-accordion-icon-closed\"><i aria-hidden=\"true\" class=\"fa-accordion-icon far fa-comment-alt\"><\/i><\/span><span class=\"eael-advanced-accordion-icon-opened\"><i aria-hidden=\"true\" class=\"fa-accordion-icon far fa-comment-alt\"><\/i><\/span><span class=\"eael-accordion-tab-title\">Xatbots i Assistents Virtuals<\/span><i aria-hidden=\"true\" class=\"fa-toggle fas fa-angle-right\"><\/i><\/div><div id=\"elementor-tab-content-1572\" class=\"eael-accordion-content clearfix\" data-tab=\"2\" aria-labelledby=\"xatbots-i-assistents-virtuals\"><p>Millora la interacci\u00f3 amb els teus clients amb assistents intel\u00b7ligents que gestionen consultes, ofereixen recomanacions personalitzades i milloren l&#8217;experi\u00e8ncia de l&#8217;usuari. Aquests assistents virtuals asseguren que els teus clients rebin el suport que necessiten, en qualsevol moment i lloc.<\/p><\/div>\n\t\t\t\t\t<\/div><div class=\"eael-accordion-list\">\n\t\t\t\t\t<div id=\"desenvolupament-de-models-dia-personalitzats\" class=\"elementor-tab-title eael-accordion-header\" tabindex=\"0\" data-tab=\"3\" aria-controls=\"elementor-tab-content-1573\"><span class=\"eael-advanced-accordion-icon-closed\"><i aria-hidden=\"true\" class=\"fa-accordion-icon fas fa-server\"><\/i><\/span><span class=\"eael-advanced-accordion-icon-opened\"><i aria-hidden=\"true\" class=\"fa-accordion-icon fas fa-server\"><\/i><\/span><span class=\"eael-accordion-tab-title\">Desenvolupament de Models d'IA Personalitzats<\/span><i aria-hidden=\"true\" class=\"fa-toggle fas fa-angle-right\"><\/i><\/div><div id=\"elementor-tab-content-1573\" class=\"eael-accordion-content clearfix\" data-tab=\"3\" aria-labelledby=\"desenvolupament-de-models-dia-personalitzats\"><p>Cada negoci \u00e9s \u00fanic, aix\u00ed com els seus reptes. Desenvolupem solucions d&#8217;IA a mida que aborden les teves necessitats espec\u00edfiques, oferint respostes innovadores als problemes m\u00e9s urgents de la teva ind\u00fastria.<\/p><\/div>\n\t\t\t\t\t<\/div><div class=\"eael-accordion-list\">\n\t\t\t\t\t<div id=\"ia-per-a-loptimitzaci-del-mrqueting\" class=\"elementor-tab-title eael-accordion-header\" tabindex=\"0\" data-tab=\"4\" aria-controls=\"elementor-tab-content-1574\"><span class=\"eael-advanced-accordion-icon-closed\"><i aria-hidden=\"true\" class=\"fa-accordion-icon fas fa-poll-h\"><\/i><\/span><span class=\"eael-advanced-accordion-icon-opened\"><i aria-hidden=\"true\" class=\"fa-accordion-icon fas fa-poll-h\"><\/i><\/span><span class=\"eael-accordion-tab-title\">IA per a l'Optimitzaci\u00f3 del M\u00e0rqueting<\/span><i aria-hidden=\"true\" class=\"fa-toggle fas fa-angle-right\"><\/i><\/div><div id=\"elementor-tab-content-1574\" class=\"eael-accordion-content clearfix\" data-tab=\"4\" aria-labelledby=\"ia-per-a-loptimitzaci-del-mrqueting\"><p>Desbloqueja tot el potencial de les teves campanyes de m\u00e0rqueting amb IA. Utilitza l&#8217;aprenentatge autom\u00e0tic per crear anuncis dirigits, segmentar la teva audi\u00e8ncia amb precisi\u00f3 i personalitzar campanyes, portant a una major participaci\u00f3 i taxes de conversi\u00f3.<\/p><\/div>\n\t\t\t\t\t<\/div><div class=\"eael-accordion-list\">\n\t\t\t\t\t<div id=\"ia-en-operacions\" class=\"elementor-tab-title eael-accordion-header\" tabindex=\"0\" data-tab=\"5\" aria-controls=\"elementor-tab-content-1575\"><span class=\"eael-advanced-accordion-icon-closed\"><i aria-hidden=\"true\" class=\"fa-accordion-icon fas fa-tasks\"><\/i><\/span><span class=\"eael-advanced-accordion-icon-opened\"><i aria-hidden=\"true\" class=\"fa-accordion-icon fas fa-tasks\"><\/i><\/span><span class=\"eael-accordion-tab-title\">IA en Operacions<\/span><i aria-hidden=\"true\" class=\"fa-toggle fas fa-angle-right\"><\/i><\/div><div id=\"elementor-tab-content-1575\" class=\"eael-accordion-content clearfix\" data-tab=\"5\" aria-labelledby=\"ia-en-operacions\"><p>Optimitza la teva cadena de subministrament, preveu les necessitats d&#8217;inventari i assigna recursos de manera eficient amb algoritmes avan\u00e7ats. Les nostres solucions d&#8217;IA ajuden a simplificar les operacions, reduir costos i millorar la presa de decisions.<\/p><\/div>\n\t\t\t\t\t<\/div><\/div>\t\t\t\t<\/div>\n\t\t\t\t<\/div>\n\t\t\t\t\t<\/div>\n\t\t<\/div>\n\t\t\t\t\t<\/div>\n\t\t<\/section>\n\t\t\t\t<section class=\"elementor-section elementor-top-section elementor-element elementor-element-c634cf3 elementor-section-boxed elementor-section-height-default elementor-section-height-default\" data-id=\"c634cf3\" data-element_type=\"section\" data-e-type=\"section\" data-settings=\"{&quot;jet_parallax_layout_list&quot;:[],&quot;_ha_eqh_enable&quot;:false}\">\n\t\t\t\t\t\t<div class=\"elementor-container elementor-column-gap-default\">\n\t\t\t\t\t<div class=\"elementor-column elementor-col-100 elementor-top-column elementor-element elementor-element-1772674\" data-id=\"1772674\" data-element_type=\"column\" data-e-type=\"column\">\n\t\t\t<div class=\"elementor-widget-wrap elementor-element-populated\">\n\t\t\t\t\t\t<div class=\"elementor-element elementor-element-12540b7 elementor-widget elementor-widget-text-editor\" data-id=\"12540b7\" data-element_type=\"widget\" data-e-type=\"widget\" data-widget_type=\"text-editor.default\">\n\t\t\t\t<div class=\"elementor-widget-container\">\n\t\t\t\t\t\t\t\t\t<p>El nostre equip d&#8217;experts s&#8217;assegura que cada soluci\u00f3 d&#8217;IA s&#8217;adapti als requisits \u00fanics del teu negoci, ajudant-te a mantenir-te competitiu en un mercat en constant evoluci\u00f3. Aprofita el poder de la IA i observa com el teu negoci es transforma amb una major efici\u00e8ncia, satisfacci\u00f3 del client i rendibilitat maximitzada.<\/p><p>Contacta&#8217;ns avui per aprendre com les nostres solucions d&#8217;IA poden ajudar la teva PIME a prosperar en l&#8217;era digital. Innovem junts i portem el teu negoci al seg\u00fcent nivell!<\/p>\t\t\t\t\t\t\t\t<\/div>\n\t\t\t\t<\/div>\n\t\t\t\t\t<\/div>\n\t\t<\/div>\n\t\t\t\t\t<\/div>\n\t\t<\/section>\n\t\t\t\t<\/div>\n\t\t","protected":false},"excerpt":{"rendered":"<p>Solucions d&#8217;Intel\u00b7lig\u00e8ncia Artificial DETALLS Revoluciona el Teu Negoci amb Solucions d&#8217;IA Dissenyades per a PIMEs En l&#8217;actual entorn digital accelerat, les PIMEs han de mantenir-se al dia adoptant tecnologies innovadores. Les nostres solucions d&#8217;IA estan dissenyades per optimitzar les teves operacions, millorar la interacci\u00f3 amb els clients i impulsar el creixement empresarial. Descobreix com la [&hellip;]<\/p>\n","protected":false},"author":9,"featured_media":0,"parent":0,"menu_order":0,"comment_status":"closed","ping_status":"closed","template":"","meta":{"footnotes":""},"class_list":["post-2735","page","type-page","status-publish","hentry"],"_links":{"self":[{"href":"https:\/\/edensol.eu\/ca\/wp-json\/wp\/v2\/pages\/2735","targetHints":{"allow":["GET"]}}],"collection":[{"href":"https:\/\/edensol.eu\/ca\/wp-json\/wp\/v2\/pages"}],"about":[{"href":"https:\/\/edensol.eu\/ca\/wp-json\/wp\/v2\/types\/page"}],"author":[{"embeddable":true,"href":"https:\/\/edensol.eu\/ca\/wp-json\/wp\/v2\/users\/9"}],"replies":[{"embeddable":true,"href":"https:\/\/edensol.eu\/ca\/wp-json\/wp\/v2\/comments?post=2735"}],"version-history":[{"count":10,"href":"https:\/\/edensol.eu\/ca\/wp-json\/wp\/v2\/pages\/2735\/revisions"}],"predecessor-version":[{"id":2749,"href":"https:\/\/edensol.eu\/ca\/wp-json\/wp\/v2\/pages\/2735\/revisions\/2749"}],"wp:attachment":[{"href":"https:\/\/edensol.eu\/ca\/wp-json\/wp\/v2\/media?parent=2735"}],"curies":[{"name":"wp","href":"https:\/\/api.w.org\/{rel}","templated":true}]}}