{"id":2686,"date":"2024-11-27T07:30:29","date_gmt":"2024-11-27T07:30:29","guid":{"rendered":"https:\/\/edensol.eu\/?page_id=2686"},"modified":"2024-11-28T12:02:55","modified_gmt":"2024-11-28T12:02:55","slug":"politica-de-galetes","status":"publish","type":"page","link":"https:\/\/edensol.eu\/ca\/politica-de-galetes","title":{"rendered":"Pol\u00edtica de Galetes"},"content":{"rendered":"\t\t<div data-elementor-type=\"wp-page\" data-elementor-id=\"2686\" class=\"elementor elementor-2686 elementor-2615\" data-elementor-settings=\"{&quot;ha_cmc_init_switcher&quot;:&quot;no&quot;}\" data-elementor-post-type=\"page\">\n\t\t\t\t\t\t<section class=\"elementor-section elementor-top-section elementor-element elementor-element-6b80243 elementor-section-boxed elementor-section-height-default elementor-section-height-default\" data-id=\"6b80243\" data-element_type=\"section\" data-e-type=\"section\" data-settings=\"{&quot;background_background&quot;:&quot;classic&quot;,&quot;jet_parallax_layout_list&quot;:[],&quot;_ha_eqh_enable&quot;:false}\">\n\t\t\t\t\t\t<div class=\"elementor-container elementor-column-gap-default\">\n\t\t\t\t\t<div class=\"elementor-column elementor-col-100 elementor-top-column elementor-element elementor-element-3d10826\" data-id=\"3d10826\" data-element_type=\"column\" data-e-type=\"column\">\n\t\t\t<div class=\"elementor-widget-wrap elementor-element-populated\">\n\t\t\t\t\t\t<div class=\"elementor-element elementor-element-21a20ee elementor-invisible elementor-widget elementor-widget-heading\" data-id=\"21a20ee\" data-element_type=\"widget\" data-e-type=\"widget\" data-settings=\"{&quot;_animation&quot;:&quot;fadeIn&quot;}\" data-widget_type=\"heading.default\">\n\t\t\t\t<div class=\"elementor-widget-container\">\n\t\t\t\t\t<h2 class=\"elementor-heading-title elementor-size-default\">Pol\u00edtica de <span style=\"color:#000000\"> galetes<\/span><\/h2>\t\t\t\t<\/div>\n\t\t\t\t<\/div>\n\t\t\t\t\t<\/div>\n\t\t<\/div>\n\t\t\t\t\t<\/div>\n\t\t<\/section>\n\t\t\t\t<section class=\"elementor-section elementor-top-section elementor-element elementor-element-d5eb77e elementor-section-boxed elementor-section-height-default elementor-section-height-default\" data-id=\"d5eb77e\" data-element_type=\"section\" data-e-type=\"section\" data-settings=\"{&quot;jet_parallax_layout_list&quot;:[],&quot;_ha_eqh_enable&quot;:false}\">\n\t\t\t\t\t\t<div class=\"elementor-container elementor-column-gap-default\">\n\t\t\t\t\t<div class=\"elementor-column elementor-col-100 elementor-top-column elementor-element elementor-element-2db3c24\" data-id=\"2db3c24\" data-element_type=\"column\" data-e-type=\"column\">\n\t\t\t<div class=\"elementor-widget-wrap elementor-element-populated\">\n\t\t\t\t\t\t<div class=\"elementor-element elementor-element-be8d768 elementor-widget elementor-widget-heading\" data-id=\"be8d768\" data-element_type=\"widget\" data-e-type=\"widget\" data-widget_type=\"heading.default\">\n\t\t\t\t<div class=\"elementor-widget-container\">\n\t\t\t\t\t<h2 class=\"elementor-heading-title elementor-size-default\">Qu\u00e8 s\u00f3n les galetes?<\/h2>\t\t\t\t<\/div>\n\t\t\t\t<\/div>\n\t\t\t\t<div class=\"elementor-element elementor-element-50a34b8 elementor-widget elementor-widget-text-editor\" data-id=\"50a34b8\" data-element_type=\"widget\" data-e-type=\"widget\" data-widget_type=\"text-editor.default\">\n\t\t\t\t<div class=\"elementor-widget-container\">\n\t\t\t\t\t\t\t\t\t<p>Aquest lloc web utilitza galetes i\/o tecnologies similars que emmagatzemen i recuperen informaci\u00f3 quan navegues. En general, aquestes tecnologies poden servir per a finalitats molt diverses, com, per exemple, recon\u00e8ixer-te com a usuari, obtenir informaci\u00f3 sobre els teus h\u00e0bits de navegaci\u00f3, o personalitzar la manera com es mostra el contingut. Els usos concrets que fem d\u2019aquestes tecnologies es descriuen a continuaci\u00f3.<\/p>\t\t\t\t\t\t\t\t<\/div>\n\t\t\t\t<\/div>\n\t\t\t\t<div class=\"elementor-element elementor-element-f5e0e77 elementor-widget elementor-widget-heading\" data-id=\"f5e0e77\" data-element_type=\"widget\" data-e-type=\"widget\" data-widget_type=\"heading.default\">\n\t\t\t\t<div class=\"elementor-widget-container\">\n\t\t\t\t\t<h2 class=\"elementor-heading-title elementor-size-default\">Per a qu\u00e8 utilitza les galetes aquesta p\u00e0gina web?<\/h2>\t\t\t\t<\/div>\n\t\t\t\t<\/div>\n\t\t\t\t<div class=\"elementor-element elementor-element-a90445b elementor-widget elementor-widget-text-editor\" data-id=\"a90445b\" data-element_type=\"widget\" data-e-type=\"widget\" data-widget_type=\"text-editor.default\">\n\t\t\t\t<div class=\"elementor-widget-container\">\n\t\t\t\t\t\t\t\t\t<p>Aquesta p\u00e0gina web utilitza les galetes per a una s\u00e8rie de finalitats, incloses:<\/p><ul><li><strong>D\u2019an\u00e0lisi:<\/strong> s\u00f3n aquelles que, tractades per nosaltres o per tercers, ens permeten quantificar el nombre d\u2019usuaris i aix\u00ed realitzar la mesura i an\u00e0lisi estad\u00edstica de la utilitzaci\u00f3 que fan els usuaris del servei ofertat. Per a aix\u00f2 s\u2019analitza la seva navegaci\u00f3 en la nostra p\u00e0gina web amb la finalitat de millorar l\u2019oferta de productes o serveis que li oferim.<\/li><li><strong>Publicit\u00e0ries comportamentals:<\/strong> s\u00f3n aquelles que, tractades per nosaltres o per tercers, permeten analitzar els seus h\u00e0bits de navegaci\u00f3 a Internet per mostrar-li publicitat relacionada amb el seu perfil de navegaci\u00f3.<\/li><\/ul>\t\t\t\t\t\t\t\t<\/div>\n\t\t\t\t<\/div>\n\t\t\t\t<div class=\"elementor-element elementor-element-624bf5b elementor-widget elementor-widget-heading\" data-id=\"624bf5b\" data-element_type=\"widget\" data-e-type=\"widget\" data-widget_type=\"heading.default\">\n\t\t\t\t<div class=\"elementor-widget-container\">\n\t\t\t\t\t<h2 class=\"elementor-heading-title elementor-size-default\">Qui utilitza les galetes en aquesta p\u00e0gina web?<\/h2>\t\t\t\t<\/div>\n\t\t\t\t<\/div>\n\t\t\t\t<div class=\"elementor-element elementor-element-99d6f5a elementor-widget elementor-widget-text-editor\" data-id=\"99d6f5a\" data-element_type=\"widget\" data-e-type=\"widget\" data-widget_type=\"text-editor.default\">\n\t\t\t\t<div class=\"elementor-widget-container\">\n\t\t\t\t\t\t\t\t\t<p>La identificaci\u00f3 de qui utilitza les galetes, el tipus de galetes utilitzades i altres detalls, s\u2019indica a continuaci\u00f3:<\/p>\t\t\t\t\t\t\t\t<\/div>\n\t\t\t\t<\/div>\n\t\t\t\t<div class=\"elementor-element elementor-element-9c88a8e elementor-widget elementor-widget-jet-table\" data-id=\"9c88a8e\" data-element_type=\"widget\" data-e-type=\"widget\" data-widget_type=\"jet-table.default\">\n\t\t\t\t<div class=\"elementor-widget-container\">\n\t\t\t\t\t<div class=\"elementor-jet-table jet-elements\">\n\t\t<div class=\"jet-table-wrapper\">\n\t\t\t<table class=\"jet-table jet-table--fa5-compat\">\n\t\t\t\t<thead class=\"jet-table__head\"><tr class=\"jet-table__head-row\"><th class=\"jet-table__cell elementor-repeater-item-2699241 jet-table__head-cell\" colspan=\"1\" scope=\"col\"><div class=\"jet-table__cell-inner\"><div class=\"jet-table__cell-content\"><div class=\"jet-table__cell-text\">Entitat<\/div><\/div><\/div><\/th><th class=\"jet-table__cell elementor-repeater-item-704af2a jet-table__head-cell\" scope=\"col\"><div class=\"jet-table__cell-inner\"><div class=\"jet-table__cell-content\"><div class=\"jet-table__cell-text\">Tipus<\/div><\/div><\/div><\/th><th class=\"jet-table__cell elementor-repeater-item-205081d jet-table__head-cell\" scope=\"col\"><div class=\"jet-table__cell-inner\"><div class=\"jet-table__cell-content\"><div class=\"jet-table__cell-text\">Prop\u00f2sit<\/div><\/div><\/div><\/th><th class=\"jet-table__cell elementor-repeater-item-d613569 jet-table__head-cell\" scope=\"col\"><div class=\"jet-table__cell-inner\"><div class=\"jet-table__cell-content\"><div class=\"jet-table__cell-text\">M\u00e9s informaci\u00f3<\/div><\/div><\/div><\/th><\/tr><\/thead>\n\t\t\t\t\t\t\t\t<tbody class=\"jet-table__body\"><tr class=\"jet-table__body-row elementor-repeater-item-ac17101\"><td class=\"jet-table__cell elementor-repeater-item-e98f42b jet-table__body-cell\"><div class=\"jet-table__cell-inner\"><div class=\"jet-table__cell-content\"><div class=\"jet-table__cell-text\">Google Analytics<\/div><\/div><\/div><\/td><td class=\"jet-table__cell elementor-repeater-item-1195b4a jet-table__body-cell\"><div class=\"jet-table__cell-inner\"><div class=\"jet-table__cell-content\"><div class=\"jet-table__cell-text\">De tercers<\/div><\/div><\/div><\/td><td class=\"jet-table__cell elementor-repeater-item-b3bb513 jet-table__body-cell\"><div class=\"jet-table__cell-inner\"><div class=\"jet-table__cell-content\"><div class=\"jet-table__cell-text\">Recollir informaci\u00f3 sobre la navegaci\u00f3 dels usuaris pel lloc per con\u00e8ixer l&#8217;origen de les visites i altres dades similars a nivell estad\u00edstic. Google Analytics tamb\u00e9 utilitza aquestes galetes per mostrar publicitat relacionada amb el perfil de navegaci\u00f3.<\/div><\/div><\/div><\/td><td class=\"jet-table__cell elementor-repeater-item-aa41ca4 jet-table__body-cell\"><div class=\"jet-table__cell-inner\"><div class=\"jet-table__cell-content\"><div class=\"jet-table__cell-text\"><a href=\"https:\/\/policies.google.com\/technologies\/cookies\" target=\"_blank\" rel=\"noopener\">Google Analytics<\/a><br><br>\n<a href=\"https:\/\/policies.google.com\/privacy?hl=ca\" target=\"_blank\" rel=\"noopener\">Centre de privacitat de Google<\/a>\n<\/div><\/div><\/div><\/td><\/tr><\/tbody>\n\t\t\t<\/table>\n\t\t<\/div>\n\n\t\t<\/div>\t\t\t\t<\/div>\n\t\t\t\t<\/div>\n\t\t\t\t<div class=\"elementor-element elementor-element-a5bc8ef elementor-widget elementor-widget-text-editor\" data-id=\"a5bc8ef\" data-element_type=\"widget\" data-e-type=\"widget\" data-widget_type=\"text-editor.default\">\n\t\t\t\t<div class=\"elementor-widget-container\">\n\t\t\t\t\t\t\t\t\t<p><strong>Nota:<\/strong> Les galetes de tipus \u201cPr\u00f2pies\u201d s\u00f3n utilitzades nom\u00e9s pel propietari d\u2019aquesta web i les galetes \u201cDe tercers\u201d s\u00f3n utilitzades, tamb\u00e9, pel prestador del servei que est\u00e0 detallat a la taula anterior.<\/p><p>Pot informar-se sobre les transfer\u00e8ncies a tercers pa\u00efsos que, si escau, realitzen els tercers identificats en aquesta pol\u00edtica de galetes en les seves pol\u00edtiques corresponents (vegeu els enlla\u00e7os facilitats a l\u2019apartat \u201cM\u00e9s informaci\u00f3\u201d de la taula anterior).<\/p>\t\t\t\t\t\t\t\t<\/div>\n\t\t\t\t<\/div>\n\t\t\t\t<div class=\"elementor-element elementor-element-6c71ca2 elementor-widget elementor-widget-heading\" data-id=\"6c71ca2\" data-element_type=\"widget\" data-e-type=\"widget\" data-widget_type=\"heading.default\">\n\t\t\t\t<div class=\"elementor-widget-container\">\n\t\t\t\t\t<h2 class=\"elementor-heading-title elementor-size-default\">Com puc desactivar o eliminar aquestes galetes?<\/h2>\t\t\t\t<\/div>\n\t\t\t\t<\/div>\n\t\t\t\t<div class=\"elementor-element elementor-element-3e5af8f elementor-widget elementor-widget-text-editor\" data-id=\"3e5af8f\" data-element_type=\"widget\" data-e-type=\"widget\" data-widget_type=\"text-editor.default\">\n\t\t\t\t<div class=\"elementor-widget-container\">\n\t\t\t\t\t\t\t\t\t<p>Pot permetre o bloquejar les galetes, aix\u00ed com esborrar les seves dades de navegaci\u00f3 (incloses les galetes) des del navegador que utilitzi. Consulti les opcions i instruccions que ofereix el seu navegador per fer-ho. Tingui en compte que si accepta les galetes de tercers, haur\u00e0 d\u2019eliminar-les des de les opcions del navegador.<\/p><p>A continuaci\u00f3 t\u00e9 disponibles els enlla\u00e7os amb la informaci\u00f3 per gestionar les galetes dels navegadors m\u00e9s utilitzats:<\/p><ul><li><strong>Firefox:<\/strong> <a href=\"http:\/\/support.mozilla.org\/es\/kb\/habilitar-y-deshabilitar-cookies-que-los-sitios-we\" target=\"_new\" rel=\"noopener\">http:\/\/support.mozilla.org\/es\/kb\/habilitar-y-deshabilitar-cookies-que-los-sitios-we<\/a><\/li><li><strong>Chrome:<\/strong> <a href=\"http:\/\/support.google.com\/chrome\/bin\/answer.py?hl=es&amp;answer=95647\" target=\"_new\" rel=\"noopener\">http:\/\/support.google.com\/chrome\/bin\/answer.py?hl=es&amp;answer=95647<\/a><\/li><li><strong>Internet Explorer:<\/strong> <a href=\"https:\/\/support.microsoft.com\/es-es\/help\/278835\/how-to-delete-cookie-files-in-internet-explorer\" target=\"_new\" rel=\"noopener\">https:\/\/support.microsoft.com\/es-es\/help\/278835\/how-to-delete-cookie-files-in-internet-explorer<\/a><\/li><li><strong>Microsoft Edge:<\/strong> <a href=\"https:\/\/support.microsoft.com\/es-es\/help\/4027947\/microsoft-edge-delete-cookies\" target=\"_new\" rel=\"noopener\">https:\/\/support.microsoft.com\/es-es\/help\/4027947\/microsoft-edge-delete-cookies<\/a><\/li><li><strong>Safari:<\/strong> <a href=\"http:\/\/support.apple.com\/kb\/ph5042\" target=\"_new\" rel=\"noopener\">http:\/\/support.apple.com\/kb\/ph5042<\/a><\/li><li><strong>Opera:<\/strong> <a href=\"http:\/\/help.opera.com\/Windows\/11.50\/es-ES\/cookies.html\" target=\"_new\" rel=\"noopener\">http:\/\/help.opera.com\/Windows\/11.50\/es-ES\/cookies.html<\/a><\/li><li><strong>Altres navegadors:<\/strong> consulti la documentaci\u00f3 del navegador que tingui instal\u00b7lat.<br \/><br \/><\/li><\/ul>\t\t\t\t\t\t\t\t<\/div>\n\t\t\t\t<\/div>\n\t\t\t\t<div class=\"elementor-element elementor-element-3637709 elementor-widget elementor-widget-heading\" data-id=\"3637709\" data-element_type=\"widget\" data-e-type=\"widget\" data-widget_type=\"heading.default\">\n\t\t\t\t<div class=\"elementor-widget-container\">\n\t\t\t\t\t<h2 class=\"elementor-heading-title elementor-size-default\">Complement de deshabilitaci\u00f3 per a navegadors de Google Analytics<\/h2>\t\t\t\t<\/div>\n\t\t\t\t<\/div>\n\t\t\t\t<div class=\"elementor-element elementor-element-28d1079 elementor-widget elementor-widget-text-editor\" data-id=\"28d1079\" data-element_type=\"widget\" data-e-type=\"widget\" data-widget_type=\"text-editor.default\">\n\t\t\t\t<div class=\"elementor-widget-container\">\n\t\t\t\t\t\t\t\t\t<p>Si desitja rebutjar les galetes anal\u00edtiques de Google Analytics en tots els navegadors, de manera que no s\u2019envi\u00ef informaci\u00f3 seva a Google Analytics, pot descarregar un complement que realitza aquesta funci\u00f3 des d\u2019aquest enlla\u00e7: <a href=\"https:\/\/tools.google.com\/dlpage\/gaoptout\" target=\"_new\" rel=\"noopener\">https:\/\/tools.google.com\/dlpage\/gaoptout<\/a>.<\/p>\t\t\t\t\t\t\t\t<\/div>\n\t\t\t\t<\/div>\n\t\t\t\t<div class=\"elementor-element elementor-element-51c4115 elementor-widget elementor-widget-heading\" data-id=\"51c4115\" data-element_type=\"widget\" data-e-type=\"widget\" data-widget_type=\"heading.default\">\n\t\t\t\t<div class=\"elementor-widget-container\">\n\t\t\t\t\t<h2 class=\"elementor-heading-title elementor-size-default\">Exercici de drets<\/h2>\t\t\t\t<\/div>\n\t\t\t\t<\/div>\n\t\t\t\t<div class=\"elementor-element elementor-element-f00f3ee elementor-widget elementor-widget-text-editor\" data-id=\"f00f3ee\" data-element_type=\"widget\" data-e-type=\"widget\" data-widget_type=\"text-editor.default\">\n\t\t\t\t<div class=\"elementor-widget-container\">\n\t\t\t\t\t\t\t\t\t<p>Pot con\u00e8ixer i exercir els seus drets en mat\u00e8ria de protecci\u00f3 de dades accedint a la nostra <a href=\"https:\/\/edensol.eu\/ca\/politica-de-privacitat\">Pol\u00edtica de Privacitat<\/a>.<\/p>\t\t\t\t\t\t\t\t<\/div>\n\t\t\t\t<\/div>\n\t\t\t\t\t<\/div>\n\t\t<\/div>\n\t\t\t\t\t<\/div>\n\t\t<\/section>\n\t\t\t\t<\/div>\n\t\t","protected":false},"excerpt":{"rendered":"<p>Pol\u00edtica de galetes Qu\u00e8 s\u00f3n les galetes? Aquest lloc web utilitza galetes i\/o tecnologies similars que emmagatzemen i recuperen informaci\u00f3 quan navegues. En general, aquestes tecnologies poden servir per a finalitats molt diverses, com, per exemple, recon\u00e8ixer-te com a usuari, obtenir informaci\u00f3 sobre els teus h\u00e0bits de navegaci\u00f3, o personalitzar la manera com es mostra [&hellip;]<\/p>\n","protected":false},"author":9,"featured_media":0,"parent":0,"menu_order":0,"comment_status":"closed","ping_status":"closed","template":"","meta":{"footnotes":""},"class_list":["post-2686","page","type-page","status-publish","hentry"],"_links":{"self":[{"href":"https:\/\/edensol.eu\/ca\/wp-json\/wp\/v2\/pages\/2686","targetHints":{"allow":["GET"]}}],"collection":[{"href":"https:\/\/edensol.eu\/ca\/wp-json\/wp\/v2\/pages"}],"about":[{"href":"https:\/\/edensol.eu\/ca\/wp-json\/wp\/v2\/types\/page"}],"author":[{"embeddable":true,"href":"https:\/\/edensol.eu\/ca\/wp-json\/wp\/v2\/users\/9"}],"replies":[{"embeddable":true,"href":"https:\/\/edensol.eu\/ca\/wp-json\/wp\/v2\/comments?post=2686"}],"version-history":[{"count":7,"href":"https:\/\/edensol.eu\/ca\/wp-json\/wp\/v2\/pages\/2686\/revisions"}],"predecessor-version":[{"id":2694,"href":"https:\/\/edensol.eu\/ca\/wp-json\/wp\/v2\/pages\/2686\/revisions\/2694"}],"wp:attachment":[{"href":"https:\/\/edensol.eu\/ca\/wp-json\/wp\/v2\/media?parent=2686"}],"curies":[{"name":"wp","href":"https:\/\/api.w.org\/{rel}","templated":true}]}}