{"id":2656,"date":"2024-11-27T07:29:14","date_gmt":"2024-11-27T07:29:14","guid":{"rendered":"https:\/\/edensol.eu\/?page_id=2656"},"modified":"2025-11-13T09:52:44","modified_gmt":"2025-11-13T09:52:44","slug":"politica-de-privacitat","status":"publish","type":"page","link":"https:\/\/edensol.eu\/ca\/politica-de-privacitat","title":{"rendered":"Pol\u00edtica de Privacitat"},"content":{"rendered":"\t\t<div data-elementor-type=\"wp-page\" data-elementor-id=\"2656\" class=\"elementor elementor-2656 elementor-2613\" data-elementor-settings=\"{&quot;ha_cmc_init_switcher&quot;:&quot;no&quot;}\" data-elementor-post-type=\"page\">\n\t\t\t\t\t\t<section class=\"elementor-section elementor-top-section elementor-element elementor-element-2e08ea5 elementor-section-boxed elementor-section-height-default elementor-section-height-default\" data-id=\"2e08ea5\" data-element_type=\"section\" data-e-type=\"section\" data-settings=\"{&quot;background_background&quot;:&quot;classic&quot;,&quot;jet_parallax_layout_list&quot;:[],&quot;_ha_eqh_enable&quot;:false}\">\n\t\t\t\t\t\t<div class=\"elementor-container elementor-column-gap-default\">\n\t\t\t\t\t<div class=\"elementor-column elementor-col-100 elementor-top-column elementor-element elementor-element-af86dfb\" data-id=\"af86dfb\" data-element_type=\"column\" data-e-type=\"column\">\n\t\t\t<div class=\"elementor-widget-wrap elementor-element-populated\">\n\t\t\t\t\t\t<div class=\"elementor-element elementor-element-83f5080 elementor-invisible elementor-widget elementor-widget-heading\" data-id=\"83f5080\" data-element_type=\"widget\" data-e-type=\"widget\" data-settings=\"{&quot;_animation&quot;:&quot;fadeIn&quot;}\" data-widget_type=\"heading.default\">\n\t\t\t\t<div class=\"elementor-widget-container\">\n\t\t\t\t\t<h2 class=\"elementor-heading-title elementor-size-default\">Pol\u00edtica de<span style=\"color:#000000\"> privacitat<\/span><\/h2>\t\t\t\t<\/div>\n\t\t\t\t<\/div>\n\t\t\t\t\t<\/div>\n\t\t<\/div>\n\t\t\t\t\t<\/div>\n\t\t<\/section>\n\t\t\t\t<section class=\"elementor-section elementor-top-section elementor-element elementor-element-3fb76f9 elementor-section-boxed elementor-section-height-default elementor-section-height-default\" data-id=\"3fb76f9\" data-element_type=\"section\" data-e-type=\"section\" data-settings=\"{&quot;jet_parallax_layout_list&quot;:[],&quot;_ha_eqh_enable&quot;:false}\">\n\t\t\t\t\t\t<div class=\"elementor-container elementor-column-gap-default\">\n\t\t\t\t\t<div class=\"elementor-column elementor-col-100 elementor-top-column elementor-element elementor-element-8c0a4d8\" data-id=\"8c0a4d8\" data-element_type=\"column\" data-e-type=\"column\">\n\t\t\t<div class=\"elementor-widget-wrap elementor-element-populated\">\n\t\t\t\t\t\t<div class=\"elementor-element elementor-element-dcaecb9 elementor-widget elementor-widget-jet-table\" data-id=\"dcaecb9\" data-element_type=\"widget\" data-e-type=\"widget\" data-widget_type=\"jet-table.default\">\n\t\t\t\t<div class=\"elementor-widget-container\">\n\t\t\t\t\t<div class=\"elementor-jet-table jet-elements\">\n\t\t<div class=\"jet-table-wrapper\">\n\t\t\t<table class=\"jet-table jet-table--fa5-compat\">\n\t\t\t\t<thead class=\"jet-table__head\"><tr class=\"jet-table__head-row\"><th class=\"jet-table__cell elementor-repeater-item-2699241 jet-table__head-cell\" colspan=\"2\" scope=\"col\"><div class=\"jet-table__cell-inner\"><div class=\"jet-table__cell-content\"><div class=\"jet-table__cell-text\">Informaci\u00f3 B\u00e0sica sobre Protecci\u00f3 de Dades<\/div><\/div><\/div><\/th><\/tr><\/thead>\n\t\t\t\t\t\t\t\t<tbody class=\"jet-table__body\"><tr class=\"jet-table__body-row elementor-repeater-item-ac17101\"><td class=\"jet-table__cell elementor-repeater-item-e98f42b jet-table__body-cell\"><div class=\"jet-table__cell-inner\"><div class=\"jet-table__cell-content\"><div class=\"jet-table__cell-text\">Responsable:<\/div><\/div><\/div><\/td><td class=\"jet-table__cell elementor-repeater-item-1195b4a jet-table__body-cell\"><div class=\"jet-table__cell-inner\"><div class=\"jet-table__cell-content\"><div class=\"jet-table__cell-text\">EDENSOL DANMARC S.L.U.<\/div><\/div><\/div><\/td><\/tr><tr class=\"jet-table__body-row elementor-repeater-item-a2a1837\"><td class=\"jet-table__cell elementor-repeater-item-b3bb513 jet-table__body-cell\"><div class=\"jet-table__cell-inner\"><div class=\"jet-table__cell-content\"><div class=\"jet-table__cell-text\">Finalitats:<\/div><\/div><\/div><\/td><td class=\"jet-table__cell elementor-repeater-item-aa41ca4 jet-table__body-cell\"><div class=\"jet-table__cell-inner\"><div class=\"jet-table__cell-content\"><div class=\"jet-table__cell-text\">Gesti\u00f3 de clients i potencials clients, Atendre les seves consultes i informaci\u00f3n sobre cursos i serveis, Enviament de comunicacions comercials i el nostre Newsletter, Gestionar i atendre les sol\u00b7licituds dels reclamants en l&#8217;exercici dels drets de protecci\u00f3 de dades.<\/div><\/div><\/div><\/td><\/tr><tr class=\"jet-table__body-row elementor-repeater-item-ec21bad\"><td class=\"jet-table__cell elementor-repeater-item-ffe37b2 jet-table__body-cell\"><div class=\"jet-table__cell-inner\"><div class=\"jet-table__cell-content\"><div class=\"jet-table__cell-text\">Legitimaci\u00f3:<\/div><\/div><\/div><\/td><td class=\"jet-table__cell elementor-repeater-item-736a9e2 jet-table__body-cell\"><div class=\"jet-table__cell-inner\"><div class=\"jet-table__cell-content\"><div class=\"jet-table__cell-text\">Consentiment de l&#8217;interessat \u2013 Execuci\u00f3 d&#8217;un contracte \u2013 Inter\u00e8s leg\u00edtim del responsable \u2013 Compliment d&#8217;una obligaci\u00f3 legal.<\/div><\/div><\/div><\/td><\/tr><tr class=\"jet-table__body-row elementor-repeater-item-f5ffca2\"><td class=\"jet-table__cell elementor-repeater-item-1990e1a jet-table__body-cell\"><div class=\"jet-table__cell-inner\"><div class=\"jet-table__cell-content\"><div class=\"jet-table__cell-text\">Destinataris:<\/div><\/div><\/div><\/td><td class=\"jet-table__cell elementor-repeater-item-3ab4aff jet-table__body-cell\"><div class=\"jet-table__cell-inner\"><div class=\"jet-table__cell-content\"><div class=\"jet-table__cell-text\">No estan previstes cessions de dades dels \u201cPotencials clients\u201d ni de les recollits a trav\u00e9s dels diversos formularis de recollida del lloc web: Contacte, consultes i informaci\u00f3n sobre cursos, Newsletter, etc. i en el cas dels \u201cclients i alumnes, \u00fanicament a: Persones o entitats directament relacionades amb el responsable i necess\u00e0ries per a la prestaci\u00f3 del servei, Unicament a empreses i\/o entitats del grup a m\u00e9s d&#8217;entitats i inst\u00e0ncies amb les quals existeixi una obligaci\u00f3 legal<\/div><\/div><\/div><\/td><\/tr><tr class=\"jet-table__body-row elementor-repeater-item-770fd50\"><td class=\"jet-table__cell elementor-repeater-item-7ddda5e jet-table__body-cell\"><div class=\"jet-table__cell-inner\"><div class=\"jet-table__cell-content\"><div class=\"jet-table__cell-text\">Drets:<\/div><\/div><\/div><\/td><td class=\"jet-table__cell elementor-repeater-item-14170f1 jet-table__body-cell\"><div class=\"jet-table__cell-inner\"><div class=\"jet-table__cell-content\"><div class=\"jet-table__cell-text\">T\u00e9 dret a accedir, rectificar i suprimir les dades, aix\u00ed com altres drets, indicats en  informaci\u00f3 addicional, que pot exercir dirigint-se a l&#8217;adre\u00e7a del responsable del tractament a: <a href=\"mailto:info@edensol.eu\">info@edensol.eu<\/a><\/div><\/div><\/div><\/td><\/tr><tr class=\"jet-table__body-row elementor-repeater-item-96dc8b1\"><td class=\"jet-table__cell elementor-repeater-item-d6bbcad jet-table__body-cell\"><div class=\"jet-table__cell-inner\"><div class=\"jet-table__cell-content\"><div class=\"jet-table__cell-text\">Proced\u00e8ncia:<\/div><\/div><\/div><\/td><td class=\"jet-table__cell elementor-repeater-item-4f891c3 jet-table__body-cell\"><div class=\"jet-table__cell-inner\"><div class=\"jet-table__cell-content\"><div class=\"jet-table__cell-text\">El propi interessat.<\/div><\/div><\/div><\/td><\/tr><tr class=\"jet-table__body-row elementor-repeater-item-61ad07c\"><td class=\"jet-table__cell elementor-repeater-item-f395103 jet-table__body-cell\"><div class=\"jet-table__cell-inner\"><div class=\"jet-table__cell-content\"><div class=\"jet-table__cell-text\">Informaci\u00f3 adicional:<\/div><\/div><\/div><\/td><td class=\"jet-table__cell elementor-repeater-item-a2fa815 jet-table__body-cell\"><div class=\"jet-table__cell-inner\"><div class=\"jet-table__cell-content\"><div class=\"jet-table__cell-text\">Pot consultar informaci\u00f3 addicional i detallada sobre Protecci\u00f3 de Dades en la part final d&#8217;aquest document.<\/div><\/div><\/div><\/td><\/tr><\/tbody>\n\t\t\t<\/table>\n\t\t<\/div>\n\n\t\t<\/div>\t\t\t\t<\/div>\n\t\t\t\t<\/div>\n\t\t\t\t<div class=\"elementor-element elementor-element-7b844de elementor-widget elementor-widget-heading\" data-id=\"7b844de\" data-element_type=\"widget\" data-e-type=\"widget\" data-widget_type=\"heading.default\">\n\t\t\t\t<div class=\"elementor-widget-container\">\n\t\t\t\t\t<h2 class=\"elementor-heading-title elementor-size-default\">Informaci\u00f3 addicional <\/h2>\t\t\t\t<\/div>\n\t\t\t\t<\/div>\n\t\t\t\t<div class=\"elementor-element elementor-element-dc0d73f elementor-widget elementor-widget-heading\" data-id=\"dc0d73f\" data-element_type=\"widget\" data-e-type=\"widget\" data-widget_type=\"heading.default\">\n\t\t\t\t<div class=\"elementor-widget-container\">\n\t\t\t\t\t<h2 class=\"elementor-heading-title elementor-size-default\">Qui \u00e9s el responsable del tractament de les seves dades?<\/h2>\t\t\t\t<\/div>\n\t\t\t\t<\/div>\n\t\t\t\t<div class=\"elementor-element elementor-element-170cc60 elementor-widget elementor-widget-text-editor\" data-id=\"170cc60\" data-element_type=\"widget\" data-e-type=\"widget\" data-widget_type=\"text-editor.default\">\n\t\t\t\t<div class=\"elementor-widget-container\">\n\t\t\t\t\t\t\t\t\t<p>Identitat: EDENSOL DANMARC S.L.U.<\/p><p>NIF\/CIF: B-43650100<\/p><p>Adre\u00e7a postal: C\/De Boule n\u00ba3, 43201, Reus, (Tarragona).<\/p><p>Tel\u00e8fon: 877 001 000<\/p><p>Correu electr\u00f2nic:\u00a0<a href=\"mailto:info@edensol.eu\">info@edensol.eu<\/a> \u00a0\u00a0\u00a0<\/p>\t\t\t\t\t\t\t\t<\/div>\n\t\t\t\t<\/div>\n\t\t\t\t<div class=\"elementor-element elementor-element-1f1d140 elementor-widget elementor-widget-heading\" data-id=\"1f1d140\" data-element_type=\"widget\" data-e-type=\"widget\" data-widget_type=\"heading.default\">\n\t\t\t\t<div class=\"elementor-widget-container\">\n\t\t\t\t\t<h2 class=\"elementor-heading-title elementor-size-default\">Amb quina finalitat tractem les seves dades personals?<\/h2>\t\t\t\t<\/div>\n\t\t\t\t<\/div>\n\t\t\t\t<div class=\"elementor-element elementor-element-124d1b1 elementor-widget elementor-widget-text-editor\" data-id=\"124d1b1\" data-element_type=\"widget\" data-e-type=\"widget\" data-widget_type=\"text-editor.default\">\n\t\t\t\t<div class=\"elementor-widget-container\">\n\t\t\t\t\t\t\t\t\t<p>A En nom de l\u2019entitat tractem la informaci\u00f3 que ens faciliten les persones interessades amb la finalitat, de: 1 Poder realitzar la gesti\u00f3 comptable, fiscal y administrativa dels clients-alumnes. 2 Organitzaci\u00f3, gesti\u00f3 i impartir cursos contractats. 3 La comunicaci\u00f3 d\u2019informaci\u00f3 (per mitjants postals, electr\u00f2nics o telef\u00f2nics) dels serveis, activitats, ofertes de l\u2019academia i intercomunicaci\u00f3 necessaria en l\u2019activitat docent.<\/p>\t\t\t\t\t\t\t\t<\/div>\n\t\t\t\t<\/div>\n\t\t\t\t<div class=\"elementor-element elementor-element-c4f6f15 elementor-widget elementor-widget-heading\" data-id=\"c4f6f15\" data-element_type=\"widget\" data-e-type=\"widget\" data-widget_type=\"heading.default\">\n\t\t\t\t<div class=\"elementor-widget-container\">\n\t\t\t\t\t<h2 class=\"elementor-heading-title elementor-size-default\">Per quant temps conservarem les seves dades?<\/h2>\t\t\t\t<\/div>\n\t\t\t\t<\/div>\n\t\t\t\t<div class=\"elementor-element elementor-element-4ed211a elementor-widget elementor-widget-text-editor\" data-id=\"4ed211a\" data-element_type=\"widget\" data-e-type=\"widget\" data-widget_type=\"text-editor.default\">\n\t\t\t\t<div class=\"elementor-widget-container\">\n\t\t\t\t\t\t\t\t\t<p>Les dades personals proporcionades es conservar\u00e1n mentre no se sol\u00b7liciti la seva supressi\u00f3 per l\u2019interessat o durant els anys necessaris per a compliment amb obligacions legals. No obstant aix\u00f2, el responsable pot conservar una c\u00f2pia amb les dades degudament bloquejades, mentre puguin derivar responsabilitats de l\u2019execuci\u00f3 de la prestaci\u00f3.<\/p>\t\t\t\t\t\t\t\t<\/div>\n\t\t\t\t<\/div>\n\t\t\t\t<div class=\"elementor-element elementor-element-35c1b6e elementor-widget elementor-widget-heading\" data-id=\"35c1b6e\" data-element_type=\"widget\" data-e-type=\"widget\" data-widget_type=\"heading.default\">\n\t\t\t\t<div class=\"elementor-widget-container\">\n\t\t\t\t\t<h2 class=\"elementor-heading-title elementor-size-default\">Quina \u00e9s la legitimaci\u00f3 per al tractament de les seves dades?<\/h2>\t\t\t\t<\/div>\n\t\t\t\t<\/div>\n\t\t\t\t<div class=\"elementor-element elementor-element-312fc60 elementor-widget elementor-widget-text-editor\" data-id=\"312fc60\" data-element_type=\"widget\" data-e-type=\"widget\" data-widget_type=\"text-editor.default\">\n\t\t\t\t<div class=\"elementor-widget-container\">\n\t\t\t\t\t\t\t\t\t<p>\u2013 La base legal per al tractament de les dades \u00e9s la execuci\u00f3 d\u2019un contracte (matriculaci\u00f3 y prestaci\u00f3 dels cursos) .Inter\u00e8s leg\u00edtim del responsable: Enviament de comunicacions comercials. (clients).<\/p>\t\t\t\t\t\t\t\t<\/div>\n\t\t\t\t<\/div>\n\t\t\t\t<div class=\"elementor-element elementor-element-699f23d elementor-widget elementor-widget-heading\" data-id=\"699f23d\" data-element_type=\"widget\" data-e-type=\"widget\" data-widget_type=\"heading.default\">\n\t\t\t\t<div class=\"elementor-widget-container\">\n\t\t\t\t\t<h2 class=\"elementor-heading-title elementor-size-default\">A quins destinataris es comunicaran les seves dades?<\/h2>\t\t\t\t<\/div>\n\t\t\t\t<\/div>\n\t\t\t\t<div class=\"elementor-element elementor-element-5bd0b7f elementor-widget elementor-widget-text-editor\" data-id=\"5bd0b7f\" data-element_type=\"widget\" data-e-type=\"widget\" data-widget_type=\"text-editor.default\">\n\t\t\t\t<div class=\"elementor-widget-container\">\n\t\t\t\t\t\t\t\t\t<p class=\"ds-markdown-paragraph\">Les dades es comunicaran als seg\u00fcents destinataris:<\/p><p class=\"ds-markdown-paragraph\">\u2022 Assessoria fiscal i comptable, i altres prove\u00efdors de serveis amb els quals existeix el degut Contracte de Prestaci\u00f3 d\u2019aquests serveis (segons prescriu l\u2019article 28 del RGPD-UE). Bancs i entitats \/ inst\u00e0ncies amb la finalitat de Complir amb les obligacions legals<\/p>\t\t\t\t\t\t\t\t<\/div>\n\t\t\t\t<\/div>\n\t\t\t\t<div class=\"elementor-element elementor-element-3960457 elementor-widget elementor-widget-heading\" data-id=\"3960457\" data-element_type=\"widget\" data-e-type=\"widget\" data-widget_type=\"heading.default\">\n\t\t\t\t<div class=\"elementor-widget-container\">\n\t\t\t\t\t<h2 class=\"elementor-heading-title elementor-size-default\">Transfer\u00e8ncies de dades a tercers pa\u00efsos?<\/h2>\t\t\t\t<\/div>\n\t\t\t\t<\/div>\n\t\t\t\t<div class=\"elementor-element elementor-element-f122754 elementor-widget elementor-widget-text-editor\" data-id=\"f122754\" data-element_type=\"widget\" data-e-type=\"widget\" data-widget_type=\"text-editor.default\">\n\t\t\t\t<div class=\"elementor-widget-container\">\n\t\t\t\t\t\t\t\t\t<p>No estan previstes transfer\u00e8ncies de dades a tercers pa\u00efsos.<\/p>\t\t\t\t\t\t\t\t<\/div>\n\t\t\t\t<\/div>\n\t\t\t\t<div class=\"elementor-element elementor-element-913a000 elementor-widget elementor-widget-heading\" data-id=\"913a000\" data-element_type=\"widget\" data-e-type=\"widget\" data-widget_type=\"heading.default\">\n\t\t\t\t<div class=\"elementor-widget-container\">\n\t\t\t\t\t<h2 class=\"elementor-heading-title elementor-size-default\">Quins s\u00f3n els seus drets quan ens facilita les seves dades?<\/h2>\t\t\t\t<\/div>\n\t\t\t\t<\/div>\n\t\t\t\t<div class=\"elementor-element elementor-element-b6f44cf elementor-widget elementor-widget-text-editor\" data-id=\"b6f44cf\" data-element_type=\"widget\" data-e-type=\"widget\" data-widget_type=\"text-editor.default\">\n\t\t\t\t<div class=\"elementor-widget-container\">\n\t\t\t\t\t\t\t\t\t<p>Qualsevol persona t\u00e9 dret a obtenir confirmaci\u00f3 sobre si EDENSOL DANMARC S.L.U. est\u00e0 tractant dades personals que els concerneixin, o no.<\/p><p>Les persones interessades tenen dret a accedir a les seves dades personals, aix\u00ed com a sol\u00b7licitar la rectificaci\u00f3 de les dades inexactes o, en el seu cas, sol\u00b7licitar la seva supressi\u00f3 quan, entre altres motius, les dades ja no siguin necessaris per als fins que van ser recollits.<\/p><p>En determinades circumst\u00e0ncies, els interessats podran sol\u00b7licitar la limitaci\u00f3 del tractament de les seves dades, i en aquest cas \u00fanicament els conservarem per a l&#8217;exercici o la defensa de reclamacions.<\/p><p>En determinades circumst\u00e0ncies i per motius relacionats amb la seva situaci\u00f3 particular, els interessats podran oposar-se al tractament de les seves dades. En aquest cas, EDENSOL DANMARC S.L.U. deixar\u00e0 de tractar les dades, excepte per motius leg\u00edtims imperiosos, o l&#8217;exercici o la defensa de possibles reclamacions.<\/p><p>Podr\u00e0 exercitar materialment els seus drets de la seg\u00fcent forma: T\u00e9 dret a accedir, rectificar i suprimir les dades, aix\u00ed com la portabilitat de les seves dades, que pot exercir en l&#8217;adre\u00e7a del propietari de la web.<\/p><p>Si ha atorgat el seu consentiment per a alguna finalitat concreta, t\u00e9 dret a retirar el consentiment atorgat en qualsevol moment, sense que aix\u00f2 afecti la licitud del tractament basat en el consentiment previ a la seva retirada.<\/p><p>En cas que senti vulnerats els seus drets pel que concerneix la protecci\u00f3 de les seves dades personals, especialment quan no hagi obtingut satisfacci\u00f3 en l&#8217;exercici dels seus drets, pot presentar una reclamaci\u00f3 davant l&#8217;Autoritat de Control en mat\u00e8ria de Protecci\u00f3 de Dades competent a trav\u00e9s del seu lloc web: <a href=\"http:\/\/www.agpd.es\" target=\"_blank\" rel=\"noopener\">www.agpd.es<\/a>.<\/p>\t\t\t\t\t\t\t\t<\/div>\n\t\t\t\t<\/div>\n\t\t\t\t<div class=\"elementor-element elementor-element-88192b8 elementor-widget elementor-widget-heading\" data-id=\"88192b8\" data-element_type=\"widget\" data-e-type=\"widget\" data-widget_type=\"heading.default\">\n\t\t\t\t<div class=\"elementor-widget-container\">\n\t\t\t\t\t<h2 class=\"elementor-heading-title elementor-size-default\">COM HEM OBTINGUT LES SEVES DADES?<\/h2>\t\t\t\t<\/div>\n\t\t\t\t<\/div>\n\t\t\t\t<div class=\"elementor-element elementor-element-f457b3f elementor-widget elementor-widget-text-editor\" data-id=\"f457b3f\" data-element_type=\"widget\" data-e-type=\"widget\" data-widget_type=\"text-editor.default\">\n\t\t\t\t<div class=\"elementor-widget-container\">\n\t\t\t\t\t\t\t\t\t<p class=\"ds-markdown-paragraph\">Les dades personals que tractem a EDENSOL DANMARC S.L.U. procedeixen del propi interessat. Les categories de dades que es tracten s\u00f3n: Dades identificatives ,adreces postals i electr\u00f2niques. No es tracten categories especials de dades personals (s\u00f3n aquelles dades que revelin l\u2019origen \u00e8tnic o racial, les opinions pol\u00edtiques, les conviccions religioses o filos\u00f2fiques, o l\u2019afiliaci\u00f3 sindical, dades gen\u00e8tiques, dades biom\u00e8triques dirigides a identificar de manera un\u00edvoca a una persona f\u00edsica, dades relatives a la salut o dades relatives a la vida sexual o l\u2019orientaci\u00f3 sexual d\u2019una persona f\u00edsica).<\/p>\t\t\t\t\t\t\t\t<\/div>\n\t\t\t\t<\/div>\n\t\t\t\t<div class=\"elementor-element elementor-element-3d60881 elementor-widget elementor-widget-heading\" data-id=\"3d60881\" data-element_type=\"widget\" data-e-type=\"widget\" data-widget_type=\"heading.default\">\n\t\t\t\t<div class=\"elementor-widget-container\">\n\t\t\t\t\t<h2 class=\"elementor-heading-title elementor-size-default\">CONSENTIMENT<\/h2>\t\t\t\t<\/div>\n\t\t\t\t<\/div>\n\t\t\t\t<div class=\"elementor-element elementor-element-068d576 elementor-widget elementor-widget-text-editor\" data-id=\"068d576\" data-element_type=\"widget\" data-e-type=\"widget\" data-widget_type=\"text-editor.default\">\n\t\t\t\t<div class=\"elementor-widget-container\">\n\t\t\t\t\t\t\t\t\t<p class=\"ds-markdown-paragraph\">La finalitat i \u00fas previst tant de les dades en si mateixos com del seu tractament, \u00e9s prestar-li el servei sol.licitat. A continuaci\u00f3 podr\u00e0 acceptar les finalitats que cregui convenients mandant la seva casella corresponent, tingui en compte que algunes finalitats poden ser necess\u00e0ries per poder-li prestar el servei o activitat sol.licitat, en cas de NO marcar aquestes caselles, no es podr\u00e0 prestar\/lliurar el servei\/activitat associat.<\/p><p class=\"ds-markdown-paragraph\">[ x ] Prestaci\u00f3 dels serveis contractats (cursos). Intercomunicaci\u00f3 entre les parts (per mitjans postals, electr\u00f2nics o telef\u00f2nics) de actuacions necessaries per la prestaci\u00f3 del servei(Si accepta el tractament de les seves dades amb aquesta finalitat marqui aquesta casella).<\/p><p class=\"ds-markdown-paragraph\">[ &#8211; ] Enviament de comunicacions comercials que puguin ser del seu inter\u00e8s. (Si accepta el tractament de les seves dades amb aquesta finalitat marqui aquesta casella).<\/p><p class=\"ds-markdown-paragraph\">[ &#8211; ] La difusi\u00f3 de fotos\/imatges en les quals aparegui vost\u00e8 o l\u2019alumne\/s dels quals \u00e9s progenitor o tutor legal i que es poden publicar en diferents suports: (faule d\u2019anuncis, web, blocs, murals, etc&#8230;). (Si accepta el tractament de les seves dades amb aquesta finalitat marqui aquesta casella).<\/p>\t\t\t\t\t\t\t\t<\/div>\n\t\t\t\t<\/div>\n\t\t\t\t\t<\/div>\n\t\t<\/div>\n\t\t\t\t\t<\/div>\n\t\t<\/section>\n\t\t\t\t<\/div>\n\t\t","protected":false},"excerpt":{"rendered":"<p>Pol\u00edtica de privacitat Informaci\u00f3 B\u00e0sica sobre Protecci\u00f3 de Dades Responsable: EDENSOL DANMARC S.L.U. Finalitats: Gesti\u00f3 de clients i potencials clients, Atendre les seves consultes i informaci\u00f3n sobre cursos i serveis, Enviament de comunicacions comercials i el nostre Newsletter, Gestionar i atendre les sol\u00b7licituds dels reclamants en l&#8217;exercici dels drets de protecci\u00f3 de dades. Legitimaci\u00f3: Consentiment [&hellip;]<\/p>\n","protected":false},"author":9,"featured_media":0,"parent":0,"menu_order":0,"comment_status":"closed","ping_status":"closed","template":"","meta":{"footnotes":""},"class_list":["post-2656","page","type-page","status-publish","hentry"],"_links":{"self":[{"href":"https:\/\/edensol.eu\/ca\/wp-json\/wp\/v2\/pages\/2656","targetHints":{"allow":["GET"]}}],"collection":[{"href":"https:\/\/edensol.eu\/ca\/wp-json\/wp\/v2\/pages"}],"about":[{"href":"https:\/\/edensol.eu\/ca\/wp-json\/wp\/v2\/types\/page"}],"author":[{"embeddable":true,"href":"https:\/\/edensol.eu\/ca\/wp-json\/wp\/v2\/users\/9"}],"replies":[{"embeddable":true,"href":"https:\/\/edensol.eu\/ca\/wp-json\/wp\/v2\/comments?post=2656"}],"version-history":[{"count":22,"href":"https:\/\/edensol.eu\/ca\/wp-json\/wp\/v2\/pages\/2656\/revisions"}],"predecessor-version":[{"id":4247,"href":"https:\/\/edensol.eu\/ca\/wp-json\/wp\/v2\/pages\/2656\/revisions\/4247"}],"wp:attachment":[{"href":"https:\/\/edensol.eu\/ca\/wp-json\/wp\/v2\/media?parent=2656"}],"curies":[{"name":"wp","href":"https:\/\/api.w.org\/{rel}","templated":true}]}}