{"id":1996,"date":"2023-07-24T07:16:48","date_gmt":"2023-07-24T07:16:48","guid":{"rendered":"https:\/\/edensol.eu\/?page_id=1996"},"modified":"2023-09-12T11:11:19","modified_gmt":"2023-09-12T11:11:19","slug":"accessibilitat-digital","status":"publish","type":"page","link":"https:\/\/edensol.eu\/ca\/accessibilitat-digital","title":{"rendered":"Accessibilitat digital"},"content":{"rendered":"\t\t<div data-elementor-type=\"wp-page\" data-elementor-id=\"1996\" class=\"elementor elementor-1996 elementor-1398\" data-elementor-settings=\"{&quot;ha_cmc_init_switcher&quot;:&quot;no&quot;}\" data-elementor-post-type=\"page\">\n\t\t\t\t\t\t<section class=\"elementor-section elementor-top-section elementor-element elementor-element-58893cb elementor-section-boxed elementor-section-height-default elementor-section-height-default\" data-id=\"58893cb\" data-element_type=\"section\" data-e-type=\"section\" data-settings=\"{&quot;background_background&quot;:&quot;classic&quot;,&quot;jet_parallax_layout_list&quot;:[],&quot;_ha_eqh_enable&quot;:false}\">\n\t\t\t\t\t\t<div class=\"elementor-container elementor-column-gap-default\">\n\t\t\t\t\t<div class=\"elementor-column elementor-col-100 elementor-top-column elementor-element elementor-element-ac88de4\" data-id=\"ac88de4\" data-element_type=\"column\" data-e-type=\"column\">\n\t\t\t<div class=\"elementor-widget-wrap elementor-element-populated\">\n\t\t\t\t\t\t<div class=\"elementor-element elementor-element-b5aba68 elementor-invisible elementor-widget elementor-widget-heading\" data-id=\"b5aba68\" data-element_type=\"widget\" data-e-type=\"widget\" data-settings=\"{&quot;_animation&quot;:&quot;fadeIn&quot;}\" data-widget_type=\"heading.default\">\n\t\t\t\t<div class=\"elementor-widget-container\">\n\t\t\t\t\t<h2 class=\"elementor-heading-title elementor-size-default\">Accessibilitat <span style=\"color:#000000\"> Digital <\/span><\/h2>\t\t\t\t<\/div>\n\t\t\t\t<\/div>\n\t\t\t\t\t<\/div>\n\t\t<\/div>\n\t\t\t\t\t<\/div>\n\t\t<\/section>\n\t\t\t\t<section class=\"elementor-section elementor-top-section elementor-element elementor-element-6494d54 elementor-section-boxed elementor-section-height-default elementor-section-height-default\" data-id=\"6494d54\" data-element_type=\"section\" data-e-type=\"section\" data-settings=\"{&quot;background_background&quot;:&quot;classic&quot;,&quot;jet_parallax_layout_list&quot;:[],&quot;_ha_eqh_enable&quot;:false}\">\n\t\t\t\t\t\t<div class=\"elementor-container elementor-column-gap-default\">\n\t\t\t\t\t<div class=\"elementor-column elementor-col-50 elementor-top-column elementor-element elementor-element-39f85c5 elementor-invisible\" data-id=\"39f85c5\" data-element_type=\"column\" data-e-type=\"column\" data-settings=\"{&quot;animation&quot;:&quot;fadeInLeft&quot;}\">\n\t\t\t<div class=\"elementor-widget-wrap elementor-element-populated\">\n\t\t\t\t\t\t<div class=\"elementor-element elementor-element-794e164 elementor-widget-divider--view-line_text elementor-widget-divider--element-align-right elementor-widget elementor-widget-divider\" data-id=\"794e164\" data-element_type=\"widget\" data-e-type=\"widget\" data-widget_type=\"divider.default\">\n\t\t\t\t<div class=\"elementor-widget-container\">\n\t\t\t\t\t\t\t<div class=\"elementor-divider\">\n\t\t\t<span class=\"elementor-divider-separator\">\n\t\t\t\t\t\t\t<h6 class=\"elementor-divider__text elementor-divider__element\">\n\t\t\t\tDETALLS\t\t\t\t<\/h6>\n\t\t\t\t\t\t<\/span>\n\t\t<\/div>\n\t\t\t\t\t\t<\/div>\n\t\t\t\t<\/div>\n\t\t\t\t<div class=\"elementor-element elementor-element-c824631 elementor-widget elementor-widget-heading\" data-id=\"c824631\" data-element_type=\"widget\" data-e-type=\"widget\" data-widget_type=\"heading.default\">\n\t\t\t\t<div class=\"elementor-widget-container\">\n\t\t\t\t\t<h2 class=\"elementor-heading-title elementor-size-default\">Digitalitzaci\u00f3 per totes les edats<\/h2>\t\t\t\t<\/div>\n\t\t\t\t<\/div>\n\t\t\t\t<div class=\"elementor-element elementor-element-f69bae8 elementor-widget elementor-widget-text-editor\" data-id=\"f69bae8\" data-element_type=\"widget\" data-e-type=\"widget\" data-widget_type=\"text-editor.default\">\n\t\t\t\t<div class=\"elementor-widget-container\">\n\t\t\t\t\t\t\t\t\t<p>En una societat cada vegada m\u00e9s digitalitzada, \u00e9s f\u00e0cil que els adults majors no puguin aprendre les noves tecnologies al ritme requerit. Estem compromesos amb l&#8217;accessibilitat digital, especialment dels adults majors i de les persones que provenen d&#8217;entorns desfavorits.<\/p><p>EDENSOL organitza cursos d&#8217;inform\u00e0tica per a adults majors, desenvolupats a la mesura de les seves necessitats: realitzaci\u00f3 de tr\u00e0mits administratius, demanar cites, veure informes m\u00e8dics, utilitzar la banca digital, utilitzar els programes de videoconfer\u00e8ncia i xarxes socials, entre altres.<\/p><p>EDENSOL va participar activament en la campanya \u201c<a href=\"https:\/\/www.reus.cat\/noticia\/relacions-civiques-promou-la-cultura-digital-als-barris-de-la-ciutat-gracies-reale\" target=\"_blank\" rel=\"noopener\">+ pel meu barri<\/a>\u201d, amb el suport de Reale Fundation i la regidoria de Relacions C\u00edviques, per a fomentar la cultura digital als barris de Reus amb la col\u00b7laboraci\u00f3 de les associacions de ve\u00efns.<\/p><p>Aquest projecte ha perm\u00e8s habilitar 8 punts d&#8217;atenci\u00f3 i assessorament digital en els locals socials de les associacions de ve\u00efns de Reus. Aquests punts s&#8217;han equipat amb equips inform\u00e0tics i voluntaris que han ajudat els ve\u00efns que ho desitgin a aprendre a fer tr\u00e0mits en l\u00ednia amb l&#8217;Ajuntament i la resta d&#8217;administracions, aix\u00ed com consultar dubtes.<\/p>\t\t\t\t\t\t\t\t<\/div>\n\t\t\t\t<\/div>\n\t\t\t\t\t<\/div>\n\t\t<\/div>\n\t\t\t\t<div class=\"elementor-column elementor-col-50 elementor-top-column elementor-element elementor-element-33b0d21\" data-id=\"33b0d21\" data-element_type=\"column\" data-e-type=\"column\">\n\t\t\t<div class=\"elementor-widget-wrap elementor-element-populated\">\n\t\t\t\t\t\t<div class=\"elementor-element elementor-element-aa86c4d elementor-invisible elementor-widget elementor-widget-image\" data-id=\"aa86c4d\" data-element_type=\"widget\" data-e-type=\"widget\" data-settings=\"{&quot;_animation&quot;:&quot;fadeInRight&quot;}\" data-widget_type=\"image.default\">\n\t\t\t\t<div class=\"elementor-widget-container\">\n\t\t\t\t\t\t\t\t\t\t\t\t\t\t\t<img fetchpriority=\"high\" decoding=\"async\" width=\"2560\" height=\"1707\" src=\"https:\/\/edensol.eu\/wp-content\/uploads\/pexels-andrea-piacquadio-3823488-scaled.jpg\" class=\"attachment-full size-full wp-image-1997\" alt=\"\" srcset=\"https:\/\/edensol.eu\/wp-content\/uploads\/pexels-andrea-piacquadio-3823488-scaled.jpg 2560w, https:\/\/edensol.eu\/wp-content\/uploads\/pexels-andrea-piacquadio-3823488-300x200.jpg 300w, https:\/\/edensol.eu\/wp-content\/uploads\/pexels-andrea-piacquadio-3823488-1024x683.jpg 1024w, https:\/\/edensol.eu\/wp-content\/uploads\/pexels-andrea-piacquadio-3823488-768x512.jpg 768w, https:\/\/edensol.eu\/wp-content\/uploads\/pexels-andrea-piacquadio-3823488-1536x1024.jpg 1536w, https:\/\/edensol.eu\/wp-content\/uploads\/pexels-andrea-piacquadio-3823488-2048x1365.jpg 2048w\" sizes=\"(max-width: 2560px) 100vw, 2560px\" \/>\t\t\t\t\t\t\t\t\t\t\t\t\t\t\t<\/div>\n\t\t\t\t<\/div>\n\t\t\t\t<div class=\"elementor-element elementor-element-2e4779c elementor-invisible elementor-widget elementor-widget-image\" data-id=\"2e4779c\" data-element_type=\"widget\" data-e-type=\"widget\" data-settings=\"{&quot;_animation&quot;:&quot;fadeInUp&quot;}\" data-widget_type=\"image.default\">\n\t\t\t\t<div class=\"elementor-widget-container\">\n\t\t\t\t\t\t\t\t\t\t\t\t\t\t\t<img decoding=\"async\" width=\"1284\" height=\"1283\" src=\"https:\/\/edensol.eu\/wp-content\/uploads\/graphic-1-1.png\" class=\"attachment-full size-full wp-image-1161\" alt=\"\" srcset=\"https:\/\/edensol.eu\/wp-content\/uploads\/graphic-1-1.png 1284w, https:\/\/edensol.eu\/wp-content\/uploads\/graphic-1-1-300x300.png 300w, https:\/\/edensol.eu\/wp-content\/uploads\/graphic-1-1-1024x1024.png 1024w, https:\/\/edensol.eu\/wp-content\/uploads\/graphic-1-1-150x150.png 150w, https:\/\/edensol.eu\/wp-content\/uploads\/graphic-1-1-768x767.png 768w\" sizes=\"(max-width: 1284px) 100vw, 1284px\" \/>\t\t\t\t\t\t\t\t\t\t\t\t\t\t\t<\/div>\n\t\t\t\t<\/div>\n\t\t\t\t\t<\/div>\n\t\t<\/div>\n\t\t\t\t\t<\/div>\n\t\t<\/section>\n\t\t\t\t<\/div>\n\t\t","protected":false},"excerpt":{"rendered":"<p>Accessibilitat Digital DETALLS Digitalitzaci\u00f3 per totes les edats En una societat cada vegada m\u00e9s digitalitzada, \u00e9s f\u00e0cil que els adults majors no puguin aprendre les noves tecnologies al ritme requerit. Estem compromesos amb l&#8217;accessibilitat digital, especialment dels adults majors i de les persones que provenen d&#8217;entorns desfavorits. EDENSOL organitza cursos d&#8217;inform\u00e0tica per a adults majors, [&hellip;]<\/p>\n","protected":false},"author":7,"featured_media":0,"parent":0,"menu_order":0,"comment_status":"closed","ping_status":"closed","template":"elementor_header_footer","meta":{"footnotes":""},"class_list":["post-1996","page","type-page","status-publish","hentry"],"_links":{"self":[{"href":"https:\/\/edensol.eu\/ca\/wp-json\/wp\/v2\/pages\/1996","targetHints":{"allow":["GET"]}}],"collection":[{"href":"https:\/\/edensol.eu\/ca\/wp-json\/wp\/v2\/pages"}],"about":[{"href":"https:\/\/edensol.eu\/ca\/wp-json\/wp\/v2\/types\/page"}],"author":[{"embeddable":true,"href":"https:\/\/edensol.eu\/ca\/wp-json\/wp\/v2\/users\/7"}],"replies":[{"embeddable":true,"href":"https:\/\/edensol.eu\/ca\/wp-json\/wp\/v2\/comments?post=1996"}],"version-history":[{"count":7,"href":"https:\/\/edensol.eu\/ca\/wp-json\/wp\/v2\/pages\/1996\/revisions"}],"predecessor-version":[{"id":2090,"href":"https:\/\/edensol.eu\/ca\/wp-json\/wp\/v2\/pages\/1996\/revisions\/2090"}],"wp:attachment":[{"href":"https:\/\/edensol.eu\/ca\/wp-json\/wp\/v2\/media?parent=1996"}],"curies":[{"name":"wp","href":"https:\/\/api.w.org\/{rel}","templated":true}]}}