{"id":1984,"date":"2023-07-24T07:16:37","date_gmt":"2023-07-24T07:16:37","guid":{"rendered":"https:\/\/edensol.eu\/?page_id=1984"},"modified":"2023-09-12T08:50:56","modified_gmt":"2023-09-12T08:50:56","slug":"tecnologia","status":"publish","type":"page","link":"https:\/\/edensol.eu\/ca\/tecnologia","title":{"rendered":"Tecnologia"},"content":{"rendered":"\t\t<div data-elementor-type=\"wp-page\" data-elementor-id=\"1984\" class=\"elementor elementor-1984 elementor-1396\" data-elementor-settings=\"{&quot;ha_cmc_init_switcher&quot;:&quot;no&quot;}\" data-elementor-post-type=\"page\">\n\t\t\t\t\t\t<section class=\"elementor-section elementor-top-section elementor-element elementor-element-7d52840 elementor-section-boxed elementor-section-height-default elementor-section-height-default\" data-id=\"7d52840\" data-element_type=\"section\" data-e-type=\"section\" data-settings=\"{&quot;background_background&quot;:&quot;classic&quot;,&quot;jet_parallax_layout_list&quot;:[],&quot;_ha_eqh_enable&quot;:false}\">\n\t\t\t\t\t\t<div class=\"elementor-container elementor-column-gap-default\">\n\t\t\t\t\t<div class=\"elementor-column elementor-col-100 elementor-top-column elementor-element elementor-element-c5e7e0d\" data-id=\"c5e7e0d\" data-element_type=\"column\" data-e-type=\"column\">\n\t\t\t<div class=\"elementor-widget-wrap elementor-element-populated\">\n\t\t\t\t\t\t<div class=\"elementor-element elementor-element-0ba8476 elementor-invisible elementor-widget elementor-widget-heading\" data-id=\"0ba8476\" data-element_type=\"widget\" data-e-type=\"widget\" data-settings=\"{&quot;_animation&quot;:&quot;fadeIn&quot;}\" data-widget_type=\"heading.default\">\n\t\t\t\t<div class=\"elementor-widget-container\">\n\t\t\t\t\t<h2 class=\"elementor-heading-title elementor-size-default\">Les nostres <span style=\"color:#000000\">Tecnologies<\/span><\/h2>\t\t\t\t<\/div>\n\t\t\t\t<\/div>\n\t\t\t\t\t<\/div>\n\t\t<\/div>\n\t\t\t\t\t<\/div>\n\t\t<\/section>\n\t\t\t\t<section class=\"elementor-section elementor-top-section elementor-element elementor-element-2c6a17b elementor-section-boxed elementor-section-height-default elementor-section-height-default\" data-id=\"2c6a17b\" data-element_type=\"section\" data-e-type=\"section\" data-settings=\"{&quot;background_background&quot;:&quot;classic&quot;,&quot;jet_parallax_layout_list&quot;:[],&quot;_ha_eqh_enable&quot;:false}\">\n\t\t\t\t\t\t<div class=\"elementor-container elementor-column-gap-default\">\n\t\t\t\t\t<div class=\"elementor-column elementor-col-50 elementor-top-column elementor-element elementor-element-79cf674 elementor-invisible\" data-id=\"79cf674\" data-element_type=\"column\" data-e-type=\"column\" data-settings=\"{&quot;animation&quot;:&quot;fadeInLeft&quot;}\">\n\t\t\t<div class=\"elementor-widget-wrap elementor-element-populated\">\n\t\t\t\t\t\t<div class=\"elementor-element elementor-element-f380154 elementor-widget-divider--view-line_text elementor-widget-divider--element-align-right elementor-widget elementor-widget-divider\" data-id=\"f380154\" data-element_type=\"widget\" data-e-type=\"widget\" data-widget_type=\"divider.default\">\n\t\t\t\t<div class=\"elementor-widget-container\">\n\t\t\t\t\t\t\t<div class=\"elementor-divider\">\n\t\t\t<span class=\"elementor-divider-separator\">\n\t\t\t\t\t\t\t<h6 class=\"elementor-divider__text elementor-divider__element\">\n\t\t\t\tDETALLS\t\t\t\t<\/h6>\n\t\t\t\t\t\t<\/span>\n\t\t<\/div>\n\t\t\t\t\t\t<\/div>\n\t\t\t\t<\/div>\n\t\t\t\t<div class=\"elementor-element elementor-element-7e749de elementor-widget elementor-widget-heading\" data-id=\"7e749de\" data-element_type=\"widget\" data-e-type=\"widget\" data-widget_type=\"heading.default\">\n\t\t\t\t<div class=\"elementor-widget-container\">\n\t\t\t\t\t<h2 class=\"elementor-heading-title elementor-size-default\">Programaci\u00f3<\/h2>\t\t\t\t<\/div>\n\t\t\t\t<\/div>\n\t\t\t\t<div class=\"elementor-element elementor-element-89be280 elementor-widget elementor-widget-text-editor\" data-id=\"89be280\" data-element_type=\"widget\" data-e-type=\"widget\" data-widget_type=\"text-editor.default\">\n\t\t\t\t<div class=\"elementor-widget-container\">\n\t\t\t\t\t\t\t\t\t<p>En EDENSOL dissenyem i desenvolupem p\u00e0gines webs atractives, r\u00e0pides, intu\u00eftives i accessibles. El nostre equip de programaci\u00f3 planifica, dissenya i desenvolupa un projecte web des de la idea original fins a la seva administraci\u00f3 en un servidor.<\/p><p>Donem molta import\u00e0ncia a la seguretat digital, per la qual cosa dissenyem totes les nostres p\u00e0gines tenint en compte els est\u00e0ndards de m\u00e0xima seguretat en l\u00ednia. Les nostres solucions personalitzades de ciberseguretat es basen en el model Zero Trust.<\/p><p>Estem especialitzats en plataformes educatives, bases de dades i cursos en l\u00ednia.<\/p><p>Desenvolupem des de webs senzilles amb les plataformes CMS m\u00e9s populars, com WordPress, fins a llenguatges de programaci\u00f3 com a HTML 5 i CSS 3.<\/p>\t\t\t\t\t\t\t\t<\/div>\n\t\t\t\t<\/div>\n\t\t\t\t\t<\/div>\n\t\t<\/div>\n\t\t\t\t<div class=\"elementor-column elementor-col-50 elementor-top-column elementor-element elementor-element-c3768e6\" data-id=\"c3768e6\" data-element_type=\"column\" data-e-type=\"column\">\n\t\t\t<div class=\"elementor-widget-wrap elementor-element-populated\">\n\t\t\t\t\t\t<div class=\"elementor-element elementor-element-9b2979a elementor-invisible elementor-widget elementor-widget-image\" data-id=\"9b2979a\" data-element_type=\"widget\" data-e-type=\"widget\" data-settings=\"{&quot;_animation&quot;:&quot;fadeInRight&quot;}\" data-widget_type=\"image.default\">\n\t\t\t\t<div class=\"elementor-widget-container\">\n\t\t\t\t\t\t\t\t\t\t\t\t\t\t\t<img fetchpriority=\"high\" decoding=\"async\" width=\"2560\" height=\"1708\" src=\"https:\/\/edensol.eu\/wp-content\/uploads\/pexels-thisisengineering-3861958-scaled.jpg\" class=\"attachment-full size-full wp-image-1986\" alt=\"\" srcset=\"https:\/\/edensol.eu\/wp-content\/uploads\/pexels-thisisengineering-3861958-scaled.jpg 2560w, https:\/\/edensol.eu\/wp-content\/uploads\/pexels-thisisengineering-3861958-300x200.jpg 300w, https:\/\/edensol.eu\/wp-content\/uploads\/pexels-thisisengineering-3861958-1024x683.jpg 1024w, https:\/\/edensol.eu\/wp-content\/uploads\/pexels-thisisengineering-3861958-768x512.jpg 768w, https:\/\/edensol.eu\/wp-content\/uploads\/pexels-thisisengineering-3861958-1536x1025.jpg 1536w, https:\/\/edensol.eu\/wp-content\/uploads\/pexels-thisisengineering-3861958-2048x1366.jpg 2048w\" sizes=\"(max-width: 2560px) 100vw, 2560px\" \/>\t\t\t\t\t\t\t\t\t\t\t\t\t\t\t<\/div>\n\t\t\t\t<\/div>\n\t\t\t\t<div class=\"elementor-element elementor-element-3c24fec elementor-invisible elementor-widget elementor-widget-image\" data-id=\"3c24fec\" data-element_type=\"widget\" data-e-type=\"widget\" data-settings=\"{&quot;_animation&quot;:&quot;fadeInUp&quot;}\" data-widget_type=\"image.default\">\n\t\t\t\t<div class=\"elementor-widget-container\">\n\t\t\t\t\t\t\t\t\t\t\t\t\t\t\t<img decoding=\"async\" width=\"1284\" height=\"1283\" src=\"https:\/\/edensol.eu\/wp-content\/uploads\/graphic-1-1.png\" class=\"attachment-full size-full wp-image-1161\" alt=\"\" srcset=\"https:\/\/edensol.eu\/wp-content\/uploads\/graphic-1-1.png 1284w, https:\/\/edensol.eu\/wp-content\/uploads\/graphic-1-1-300x300.png 300w, https:\/\/edensol.eu\/wp-content\/uploads\/graphic-1-1-1024x1024.png 1024w, https:\/\/edensol.eu\/wp-content\/uploads\/graphic-1-1-150x150.png 150w, https:\/\/edensol.eu\/wp-content\/uploads\/graphic-1-1-768x767.png 768w\" sizes=\"(max-width: 1284px) 100vw, 1284px\" \/>\t\t\t\t\t\t\t\t\t\t\t\t\t\t\t<\/div>\n\t\t\t\t<\/div>\n\t\t\t\t\t<\/div>\n\t\t<\/div>\n\t\t\t\t\t<\/div>\n\t\t<\/section>\n\t\t\t\t<section class=\"elementor-section elementor-top-section elementor-element elementor-element-bbcdb26 elementor-section-boxed elementor-section-height-default elementor-section-height-default elementor-invisible\" data-id=\"bbcdb26\" data-element_type=\"section\" data-e-type=\"section\" data-settings=\"{&quot;background_background&quot;:&quot;classic&quot;,&quot;jet_parallax_layout_list&quot;:[],&quot;animation&quot;:&quot;fadeIn&quot;,&quot;_ha_eqh_enable&quot;:false}\">\n\t\t\t\t\t\t<div class=\"elementor-container elementor-column-gap-default\">\n\t\t\t\t\t<div class=\"elementor-column elementor-col-100 elementor-top-column elementor-element elementor-element-fcab786\" data-id=\"fcab786\" data-element_type=\"column\" data-e-type=\"column\">\n\t\t\t<div class=\"elementor-widget-wrap elementor-element-populated\">\n\t\t\t\t\t\t<div class=\"elementor-element elementor-element-46b5c9fe elementor-widget elementor-widget-heading\" data-id=\"46b5c9fe\" data-element_type=\"widget\" data-e-type=\"widget\" data-widget_type=\"heading.default\">\n\t\t\t\t<div class=\"elementor-widget-container\">\n\t\t\t\t\t<h3 class=\"elementor-heading-title elementor-size-default\">Venda i reparaci\u00f3 d'equips inform\u00e0tics<\/h3>\t\t\t\t<\/div>\n\t\t\t\t<\/div>\n\t\t\t\t<div class=\"elementor-element elementor-element-5601b7ac elementor-widget elementor-widget-text-editor\" data-id=\"5601b7ac\" data-element_type=\"widget\" data-e-type=\"widget\" data-widget_type=\"text-editor.default\">\n\t\t\t\t<div class=\"elementor-widget-container\">\n\t\t\t\t\t\t\t\t\t<ul>\n \t<li>Venda d&#8217;equips inform\u00e0tics, tant PC de sobretaula com port\u00e0tils i servidors. <\/li>\n \t<li>Instal\u00b7laci\u00f3 i configuraci\u00f3 de tots els sistemes operatius (Windows, Linux, MacOs), perif\u00e8rics i xarxes.<\/li>\n \t<li>Detecci\u00f3 i eliminaci\u00f3 de virus.<\/li>\n \t<li>C\u00f2pies de seguretat i recuperaci\u00f3 de dades. <\/li>\n \t<li>Assessorament a empreses. <\/li>\n<\/ul>\t\t\t\t\t\t\t\t<\/div>\n\t\t\t\t<\/div>\n\t\t\t\t\t<\/div>\n\t\t<\/div>\n\t\t\t\t\t<\/div>\n\t\t<\/section>\n\t\t\t\t<\/div>\n\t\t","protected":false},"excerpt":{"rendered":"<p>Les nostres Tecnologies DETALLS Programaci\u00f3 En EDENSOL dissenyem i desenvolupem p\u00e0gines webs atractives, r\u00e0pides, intu\u00eftives i accessibles. El nostre equip de programaci\u00f3 planifica, dissenya i desenvolupa un projecte web des de la idea original fins a la seva administraci\u00f3 en un servidor. Donem molta import\u00e0ncia a la seguretat digital, per la qual cosa dissenyem totes [&hellip;]<\/p>\n","protected":false},"author":7,"featured_media":0,"parent":0,"menu_order":0,"comment_status":"closed","ping_status":"closed","template":"elementor_header_footer","meta":{"footnotes":""},"class_list":["post-1984","page","type-page","status-publish","hentry"],"_links":{"self":[{"href":"https:\/\/edensol.eu\/ca\/wp-json\/wp\/v2\/pages\/1984","targetHints":{"allow":["GET"]}}],"collection":[{"href":"https:\/\/edensol.eu\/ca\/wp-json\/wp\/v2\/pages"}],"about":[{"href":"https:\/\/edensol.eu\/ca\/wp-json\/wp\/v2\/types\/page"}],"author":[{"embeddable":true,"href":"https:\/\/edensol.eu\/ca\/wp-json\/wp\/v2\/users\/7"}],"replies":[{"embeddable":true,"href":"https:\/\/edensol.eu\/ca\/wp-json\/wp\/v2\/comments?post=1984"}],"version-history":[{"count":4,"href":"https:\/\/edensol.eu\/ca\/wp-json\/wp\/v2\/pages\/1984\/revisions"}],"predecessor-version":[{"id":1989,"href":"https:\/\/edensol.eu\/ca\/wp-json\/wp\/v2\/pages\/1984\/revisions\/1989"}],"wp:attachment":[{"href":"https:\/\/edensol.eu\/ca\/wp-json\/wp\/v2\/media?parent=1984"}],"curies":[{"name":"wp","href":"https:\/\/api.w.org\/{rel}","templated":true}]}}