{"id":1978,"date":"2023-07-24T07:16:27","date_gmt":"2023-07-24T07:16:27","guid":{"rendered":"https:\/\/edensol.eu\/?page_id=1978"},"modified":"2023-09-12T08:46:01","modified_gmt":"2023-09-12T08:46:01","slug":"salut","status":"publish","type":"page","link":"https:\/\/edensol.eu\/ca\/salut","title":{"rendered":"Salut"},"content":{"rendered":"\t\t<div data-elementor-type=\"wp-page\" data-elementor-id=\"1978\" class=\"elementor elementor-1978 elementor-1394\" data-elementor-settings=\"{&quot;ha_cmc_init_switcher&quot;:&quot;no&quot;}\" data-elementor-post-type=\"page\">\n\t\t\t\t\t\t<section class=\"elementor-section elementor-top-section elementor-element elementor-element-a820795 elementor-section-boxed elementor-section-height-default elementor-section-height-default\" data-id=\"a820795\" data-element_type=\"section\" data-e-type=\"section\" data-settings=\"{&quot;background_background&quot;:&quot;classic&quot;,&quot;jet_parallax_layout_list&quot;:[],&quot;_ha_eqh_enable&quot;:false}\">\n\t\t\t\t\t\t<div class=\"elementor-container elementor-column-gap-default\">\n\t\t\t\t\t<div class=\"elementor-column elementor-col-100 elementor-top-column elementor-element elementor-element-8eb086c\" data-id=\"8eb086c\" data-element_type=\"column\" data-e-type=\"column\">\n\t\t\t<div class=\"elementor-widget-wrap elementor-element-populated\">\n\t\t\t\t\t\t<div class=\"elementor-element elementor-element-2dc22c1 elementor-invisible elementor-widget elementor-widget-heading\" data-id=\"2dc22c1\" data-element_type=\"widget\" data-e-type=\"widget\" data-settings=\"{&quot;_animation&quot;:&quot;fadeIn&quot;}\" data-widget_type=\"heading.default\">\n\t\t\t\t<div class=\"elementor-widget-container\">\n\t\t\t\t\t<h2 class=\"elementor-heading-title elementor-size-default\">La teva<span style=\"color:#000000\"> Salut<\/span><\/h2>\t\t\t\t<\/div>\n\t\t\t\t<\/div>\n\t\t\t\t\t<\/div>\n\t\t<\/div>\n\t\t\t\t\t<\/div>\n\t\t<\/section>\n\t\t\t\t<section class=\"elementor-section elementor-top-section elementor-element elementor-element-71e7b31 elementor-section-boxed elementor-section-height-default elementor-section-height-default\" data-id=\"71e7b31\" data-element_type=\"section\" data-e-type=\"section\" data-settings=\"{&quot;background_background&quot;:&quot;classic&quot;,&quot;jet_parallax_layout_list&quot;:[],&quot;_ha_eqh_enable&quot;:false}\">\n\t\t\t\t\t\t<div class=\"elementor-container elementor-column-gap-default\">\n\t\t\t\t\t<div class=\"elementor-column elementor-col-50 elementor-top-column elementor-element elementor-element-88aece5 elementor-invisible\" data-id=\"88aece5\" data-element_type=\"column\" data-e-type=\"column\" data-settings=\"{&quot;animation&quot;:&quot;fadeInLeft&quot;}\">\n\t\t\t<div class=\"elementor-widget-wrap elementor-element-populated\">\n\t\t\t\t\t\t<div class=\"elementor-element elementor-element-4b55276 elementor-widget-divider--view-line_text elementor-widget-divider--element-align-right elementor-widget elementor-widget-divider\" data-id=\"4b55276\" data-element_type=\"widget\" data-e-type=\"widget\" data-widget_type=\"divider.default\">\n\t\t\t\t<div class=\"elementor-widget-container\">\n\t\t\t\t\t\t\t<div class=\"elementor-divider\">\n\t\t\t<span class=\"elementor-divider-separator\">\n\t\t\t\t\t\t\t<h6 class=\"elementor-divider__text elementor-divider__element\">\n\t\t\t\tDETALLS\t\t\t\t<\/h6>\n\t\t\t\t\t\t<\/span>\n\t\t<\/div>\n\t\t\t\t\t\t<\/div>\n\t\t\t\t<\/div>\n\t\t\t\t<div class=\"elementor-element elementor-element-1bfc97b elementor-widget elementor-widget-heading\" data-id=\"1bfc97b\" data-element_type=\"widget\" data-e-type=\"widget\" data-widget_type=\"heading.default\">\n\t\t\t\t<div class=\"elementor-widget-container\">\n\t\t\t\t\t<h2 class=\"elementor-heading-title elementor-size-default\">Cuidem dels altres<\/h2>\t\t\t\t<\/div>\n\t\t\t\t<\/div>\n\t\t\t\t<div class=\"elementor-element elementor-element-48e8123 elementor-widget elementor-widget-text-editor\" data-id=\"48e8123\" data-element_type=\"widget\" data-e-type=\"widget\" data-widget_type=\"text-editor.default\">\n\t\t\t\t<div class=\"elementor-widget-container\">\n\t\t\t\t\t\t\t\t\t<p>EDENSOL ha estat en l&#8217;epicentre dels problemes cr\u00edtics de salut global des de la seva creaci\u00f3 en 2005, alineant-se amb els nostres clients per a millorar els resultats de salut i promoure el benestar.<\/p><p>Tant la nostra entitat com tots els nostres clients, som professionals de la salut que, durant anys, ens hem dedicat a abordar problemes de salut complexos d&#8217;una manera responsable i sostenible. L&#8217;equip de salut de EDENSOL est\u00e0 format per persones altament professionals que ofereixen lideratge intel\u00b7lectual pr\u00e0ctic i perspica\u00e7.<\/p><p>Les nostres solucions pioneres, basades en una llarga traject\u00f2ria professional, han tingut un impacte positiu i a llarg termini en camps que van des de la construcci\u00f3 de webs com a recurs futur per a pacients amb diferents patologies, fins a la creaci\u00f3 de l\u00ednies de productes naturals que poden ajudar a millorar la salut. A m\u00e9s, procurem que tant pacients com professionals de la medicina rebin tota la informaci\u00f3 i recursos humans i materials destinats disponibles.<\/p>\t\t\t\t\t\t\t\t<\/div>\n\t\t\t\t<\/div>\n\t\t\t\t\t<\/div>\n\t\t<\/div>\n\t\t\t\t<div class=\"elementor-column elementor-col-50 elementor-top-column elementor-element elementor-element-78e31d6\" data-id=\"78e31d6\" data-element_type=\"column\" data-e-type=\"column\">\n\t\t\t<div class=\"elementor-widget-wrap elementor-element-populated\">\n\t\t\t\t\t\t<div class=\"elementor-element elementor-element-65106e3 elementor-invisible elementor-widget elementor-widget-image\" data-id=\"65106e3\" data-element_type=\"widget\" data-e-type=\"widget\" data-settings=\"{&quot;_animation&quot;:&quot;fadeInRight&quot;}\" data-widget_type=\"image.default\">\n\t\t\t\t<div class=\"elementor-widget-container\">\n\t\t\t\t\t\t\t\t\t\t\t\t\t\t\t<img fetchpriority=\"high\" decoding=\"async\" width=\"2560\" height=\"1707\" src=\"https:\/\/edensol.eu\/wp-content\/uploads\/pexels-kampus-production-7551614-scaled.jpg\" class=\"attachment-full size-full wp-image-1980\" alt=\"\" srcset=\"https:\/\/edensol.eu\/wp-content\/uploads\/pexels-kampus-production-7551614-scaled.jpg 2560w, https:\/\/edensol.eu\/wp-content\/uploads\/pexels-kampus-production-7551614-300x200.jpg 300w, https:\/\/edensol.eu\/wp-content\/uploads\/pexels-kampus-production-7551614-1024x683.jpg 1024w, https:\/\/edensol.eu\/wp-content\/uploads\/pexels-kampus-production-7551614-768x512.jpg 768w, https:\/\/edensol.eu\/wp-content\/uploads\/pexels-kampus-production-7551614-1536x1024.jpg 1536w, https:\/\/edensol.eu\/wp-content\/uploads\/pexels-kampus-production-7551614-2048x1365.jpg 2048w\" sizes=\"(max-width: 2560px) 100vw, 2560px\" \/>\t\t\t\t\t\t\t\t\t\t\t\t\t\t\t<\/div>\n\t\t\t\t<\/div>\n\t\t\t\t<div class=\"elementor-element elementor-element-dbcf658 elementor-invisible elementor-widget elementor-widget-image\" data-id=\"dbcf658\" data-element_type=\"widget\" data-e-type=\"widget\" data-settings=\"{&quot;_animation&quot;:&quot;fadeInUp&quot;}\" data-widget_type=\"image.default\">\n\t\t\t\t<div class=\"elementor-widget-container\">\n\t\t\t\t\t\t\t\t\t\t\t\t\t\t\t<img decoding=\"async\" width=\"1284\" height=\"1283\" src=\"https:\/\/edensol.eu\/wp-content\/uploads\/graphic-1-1.png\" class=\"attachment-full size-full wp-image-1161\" alt=\"\" srcset=\"https:\/\/edensol.eu\/wp-content\/uploads\/graphic-1-1.png 1284w, https:\/\/edensol.eu\/wp-content\/uploads\/graphic-1-1-300x300.png 300w, https:\/\/edensol.eu\/wp-content\/uploads\/graphic-1-1-1024x1024.png 1024w, https:\/\/edensol.eu\/wp-content\/uploads\/graphic-1-1-150x150.png 150w, https:\/\/edensol.eu\/wp-content\/uploads\/graphic-1-1-768x767.png 768w\" sizes=\"(max-width: 1284px) 100vw, 1284px\" \/>\t\t\t\t\t\t\t\t\t\t\t\t\t\t\t<\/div>\n\t\t\t\t<\/div>\n\t\t\t\t\t<\/div>\n\t\t<\/div>\n\t\t\t\t\t<\/div>\n\t\t<\/section>\n\t\t\t\t<\/div>\n\t\t","protected":false},"excerpt":{"rendered":"<p>La teva Salut DETALLS Cuidem dels altres EDENSOL ha estat en l&#8217;epicentre dels problemes cr\u00edtics de salut global des de la seva creaci\u00f3 en 2005, alineant-se amb els nostres clients per a millorar els resultats de salut i promoure el benestar. Tant la nostra entitat com tots els nostres clients, som professionals de la salut [&hellip;]<\/p>\n","protected":false},"author":7,"featured_media":0,"parent":0,"menu_order":0,"comment_status":"closed","ping_status":"closed","template":"elementor_header_footer","meta":{"footnotes":""},"class_list":["post-1978","page","type-page","status-publish","hentry"],"_links":{"self":[{"href":"https:\/\/edensol.eu\/ca\/wp-json\/wp\/v2\/pages\/1978","targetHints":{"allow":["GET"]}}],"collection":[{"href":"https:\/\/edensol.eu\/ca\/wp-json\/wp\/v2\/pages"}],"about":[{"href":"https:\/\/edensol.eu\/ca\/wp-json\/wp\/v2\/types\/page"}],"author":[{"embeddable":true,"href":"https:\/\/edensol.eu\/ca\/wp-json\/wp\/v2\/users\/7"}],"replies":[{"embeddable":true,"href":"https:\/\/edensol.eu\/ca\/wp-json\/wp\/v2\/comments?post=1978"}],"version-history":[{"count":4,"href":"https:\/\/edensol.eu\/ca\/wp-json\/wp\/v2\/pages\/1978\/revisions"}],"predecessor-version":[{"id":1983,"href":"https:\/\/edensol.eu\/ca\/wp-json\/wp\/v2\/pages\/1978\/revisions\/1983"}],"wp:attachment":[{"href":"https:\/\/edensol.eu\/ca\/wp-json\/wp\/v2\/media?parent=1978"}],"curies":[{"name":"wp","href":"https:\/\/api.w.org\/{rel}","templated":true}]}}