{"id":1935,"date":"2023-07-17T17:50:22","date_gmt":"2023-07-17T17:50:22","guid":{"rendered":"https:\/\/edensol.eu\/?page_id=1935"},"modified":"2023-09-12T07:33:35","modified_gmt":"2023-09-12T07:33:35","slug":"traduccions","status":"publish","type":"page","link":"https:\/\/edensol.eu\/ca\/traduccions","title":{"rendered":"Traduccions"},"content":{"rendered":"\t\t<div data-elementor-type=\"wp-page\" data-elementor-id=\"1935\" class=\"elementor elementor-1935 elementor-1388\" data-elementor-settings=\"{&quot;ha_cmc_init_switcher&quot;:&quot;no&quot;}\" data-elementor-post-type=\"page\">\n\t\t\t\t\t\t<section class=\"elementor-section elementor-top-section elementor-element elementor-element-72d1ea7 elementor-section-boxed elementor-section-height-default elementor-section-height-default\" data-id=\"72d1ea7\" data-element_type=\"section\" data-e-type=\"section\" data-settings=\"{&quot;background_background&quot;:&quot;classic&quot;,&quot;jet_parallax_layout_list&quot;:[],&quot;_ha_eqh_enable&quot;:false}\">\n\t\t\t\t\t\t<div class=\"elementor-container elementor-column-gap-default\">\n\t\t\t\t\t<div class=\"elementor-column elementor-col-100 elementor-top-column elementor-element elementor-element-83212a7\" data-id=\"83212a7\" data-element_type=\"column\" data-e-type=\"column\">\n\t\t\t<div class=\"elementor-widget-wrap elementor-element-populated\">\n\t\t\t\t\t\t<div class=\"elementor-element elementor-element-30f0158 elementor-invisible elementor-widget elementor-widget-heading\" data-id=\"30f0158\" data-element_type=\"widget\" data-e-type=\"widget\" data-settings=\"{&quot;_animation&quot;:&quot;fadeIn&quot;}\" data-widget_type=\"heading.default\">\n\t\t\t\t<div class=\"elementor-widget-container\">\n\t\t\t\t\t<h2 class=\"elementor-heading-title elementor-size-default\">Traduccions <span style=\"color:#000000\"> de documents<\/span><\/h2>\t\t\t\t<\/div>\n\t\t\t\t<\/div>\n\t\t\t\t\t<\/div>\n\t\t<\/div>\n\t\t\t\t\t<\/div>\n\t\t<\/section>\n\t\t\t\t<section class=\"elementor-section elementor-top-section elementor-element elementor-element-d0c5ce5 elementor-section-boxed elementor-section-height-default elementor-section-height-default\" data-id=\"d0c5ce5\" data-element_type=\"section\" data-e-type=\"section\" data-settings=\"{&quot;background_background&quot;:&quot;classic&quot;,&quot;jet_parallax_layout_list&quot;:[],&quot;_ha_eqh_enable&quot;:false}\">\n\t\t\t\t\t\t<div class=\"elementor-container elementor-column-gap-default\">\n\t\t\t\t\t<div class=\"elementor-column elementor-col-50 elementor-top-column elementor-element elementor-element-2f0d786 elementor-invisible\" data-id=\"2f0d786\" data-element_type=\"column\" data-e-type=\"column\" data-settings=\"{&quot;animation&quot;:&quot;fadeInLeft&quot;}\">\n\t\t\t<div class=\"elementor-widget-wrap elementor-element-populated\">\n\t\t\t\t\t\t<div class=\"elementor-element elementor-element-82d4b99 elementor-widget-divider--view-line_text elementor-widget-divider--element-align-right elementor-widget elementor-widget-divider\" data-id=\"82d4b99\" data-element_type=\"widget\" data-e-type=\"widget\" data-widget_type=\"divider.default\">\n\t\t\t\t<div class=\"elementor-widget-container\">\n\t\t\t\t\t\t\t<div class=\"elementor-divider\">\n\t\t\t<span class=\"elementor-divider-separator\">\n\t\t\t\t\t\t\t<h6 class=\"elementor-divider__text elementor-divider__element\">\n\t\t\t\tDETALLS\t\t\t\t<\/h6>\n\t\t\t\t\t\t<\/span>\n\t\t<\/div>\n\t\t\t\t\t\t<\/div>\n\t\t\t\t<\/div>\n\t\t\t\t<div class=\"elementor-element elementor-element-811c1e4 elementor-widget elementor-widget-heading\" data-id=\"811c1e4\" data-element_type=\"widget\" data-e-type=\"widget\" data-widget_type=\"heading.default\">\n\t\t\t\t<div class=\"elementor-widget-container\">\n\t\t\t\t\t<h2 class=\"elementor-heading-title elementor-size-default\">Que l'idioma no sigui una barrera<\/h2>\t\t\t\t<\/div>\n\t\t\t\t<\/div>\n\t\t\t\t<div class=\"elementor-element elementor-element-13b90a2 elementor-widget elementor-widget-text-editor\" data-id=\"13b90a2\" data-element_type=\"widget\" data-e-type=\"widget\" data-widget_type=\"text-editor.default\">\n\t\t\t\t<div class=\"elementor-widget-container\">\n\t\t\t\t\t\t\t\t\t<p>En un m\u00f3n globalitzat com el nostre, la traducci\u00f3 \u00e9s essencial perqu\u00e8 persones i empreses de diferents cultures i idiomes puguin col\u00b7laborar i intercanviar idees.<\/p><p>A EDENSOL oferim serveis de traducci\u00f3 professional per a ajudar-te a arribar a un p\u00fablic m\u00e9s ampli. EDENSOL ofereix traduccions especialitzades en diferents \u00e0rees tem\u00e0tiques, entre les quals es troben formaci\u00f3, salut, accessibilitat, medi ambient i tecnologia.<\/p><p>Posem molt d\u2019\u00e8mfasi en la qualitat i precisi\u00f3 de cada traducci\u00f3 perqu\u00e8 el missatge es reflecteixi amb precisi\u00f3 en l&#8217;idioma de dest\u00ed.<\/p><p>Posa&#8217;t en contacte amb nosaltres per a obtenir m\u00e9s informaci\u00f3 sobre els nostres serveis de traducci\u00f3.<\/p>\t\t\t\t\t\t\t\t<\/div>\n\t\t\t\t<\/div>\n\t\t\t\t\t<\/div>\n\t\t<\/div>\n\t\t\t\t<div class=\"elementor-column elementor-col-50 elementor-top-column elementor-element elementor-element-0d212b3\" data-id=\"0d212b3\" data-element_type=\"column\" data-e-type=\"column\">\n\t\t\t<div class=\"elementor-widget-wrap elementor-element-populated\">\n\t\t\t\t\t\t<div class=\"elementor-element elementor-element-8d41c52 elementor-invisible elementor-widget elementor-widget-image\" data-id=\"8d41c52\" data-element_type=\"widget\" data-e-type=\"widget\" data-settings=\"{&quot;_animation&quot;:&quot;fadeInRight&quot;}\" data-widget_type=\"image.default\">\n\t\t\t\t<div class=\"elementor-widget-container\">\n\t\t\t\t\t\t\t\t\t\t\t\t\t\t\t<img fetchpriority=\"high\" decoding=\"async\" width=\"2560\" height=\"2048\" src=\"https:\/\/edensol.eu\/wp-content\/uploads\/IMG_6912-scaled.jpg\" class=\"attachment-full size-full wp-image-1937\" alt=\"\" srcset=\"https:\/\/edensol.eu\/wp-content\/uploads\/IMG_6912-scaled.jpg 2560w, https:\/\/edensol.eu\/wp-content\/uploads\/IMG_6912-300x240.jpg 300w, https:\/\/edensol.eu\/wp-content\/uploads\/IMG_6912-1024x819.jpg 1024w, https:\/\/edensol.eu\/wp-content\/uploads\/IMG_6912-768x614.jpg 768w, https:\/\/edensol.eu\/wp-content\/uploads\/IMG_6912-1536x1229.jpg 1536w, https:\/\/edensol.eu\/wp-content\/uploads\/IMG_6912-2048x1638.jpg 2048w\" sizes=\"(max-width: 2560px) 100vw, 2560px\" \/>\t\t\t\t\t\t\t\t\t\t\t\t\t\t\t<\/div>\n\t\t\t\t<\/div>\n\t\t\t\t<div class=\"elementor-element elementor-element-1a0f493 elementor-invisible elementor-widget elementor-widget-image\" data-id=\"1a0f493\" data-element_type=\"widget\" data-e-type=\"widget\" data-settings=\"{&quot;_animation&quot;:&quot;fadeInUp&quot;}\" data-widget_type=\"image.default\">\n\t\t\t\t<div class=\"elementor-widget-container\">\n\t\t\t\t\t\t\t\t\t\t\t\t\t\t\t<img decoding=\"async\" width=\"1284\" height=\"1283\" src=\"https:\/\/edensol.eu\/wp-content\/uploads\/graphic-1-1.png\" class=\"attachment-full size-full wp-image-1161\" alt=\"\" srcset=\"https:\/\/edensol.eu\/wp-content\/uploads\/graphic-1-1.png 1284w, https:\/\/edensol.eu\/wp-content\/uploads\/graphic-1-1-300x300.png 300w, https:\/\/edensol.eu\/wp-content\/uploads\/graphic-1-1-1024x1024.png 1024w, https:\/\/edensol.eu\/wp-content\/uploads\/graphic-1-1-150x150.png 150w, https:\/\/edensol.eu\/wp-content\/uploads\/graphic-1-1-768x767.png 768w\" sizes=\"(max-width: 1284px) 100vw, 1284px\" \/>\t\t\t\t\t\t\t\t\t\t\t\t\t\t\t<\/div>\n\t\t\t\t<\/div>\n\t\t\t\t\t<\/div>\n\t\t<\/div>\n\t\t\t\t\t<\/div>\n\t\t<\/section>\n\t\t\t\t<\/div>\n\t\t","protected":false},"excerpt":{"rendered":"<p>Traduccions de documents DETALLS Que l&#8217;idioma no sigui una barrera En un m\u00f3n globalitzat com el nostre, la traducci\u00f3 \u00e9s essencial perqu\u00e8 persones i empreses de diferents cultures i idiomes puguin col\u00b7laborar i intercanviar idees. A EDENSOL oferim serveis de traducci\u00f3 professional per a ajudar-te a arribar a un p\u00fablic m\u00e9s ampli. EDENSOL ofereix traduccions [&hellip;]<\/p>\n","protected":false},"author":7,"featured_media":0,"parent":0,"menu_order":0,"comment_status":"closed","ping_status":"closed","template":"elementor_header_footer","meta":{"footnotes":""},"class_list":["post-1935","page","type-page","status-publish","hentry"],"_links":{"self":[{"href":"https:\/\/edensol.eu\/ca\/wp-json\/wp\/v2\/pages\/1935","targetHints":{"allow":["GET"]}}],"collection":[{"href":"https:\/\/edensol.eu\/ca\/wp-json\/wp\/v2\/pages"}],"about":[{"href":"https:\/\/edensol.eu\/ca\/wp-json\/wp\/v2\/types\/page"}],"author":[{"embeddable":true,"href":"https:\/\/edensol.eu\/ca\/wp-json\/wp\/v2\/users\/7"}],"replies":[{"embeddable":true,"href":"https:\/\/edensol.eu\/ca\/wp-json\/wp\/v2\/comments?post=1935"}],"version-history":[{"count":4,"href":"https:\/\/edensol.eu\/ca\/wp-json\/wp\/v2\/pages\/1935\/revisions"}],"predecessor-version":[{"id":1958,"href":"https:\/\/edensol.eu\/ca\/wp-json\/wp\/v2\/pages\/1935\/revisions\/1958"}],"wp:attachment":[{"href":"https:\/\/edensol.eu\/ca\/wp-json\/wp\/v2\/media?parent=1935"}],"curies":[{"name":"wp","href":"https:\/\/api.w.org\/{rel}","templated":true}]}}